{"id":5748,"date":"2024-02-28T13:34:00","date_gmt":"2024-02-28T12:34:00","guid":{"rendered":"https:\/\/casinooma.com\/chile\/"},"modified":"2024-12-18T11:57:57","modified_gmt":"2024-12-18T10:57:57","slug":"casinooma","status":"publish","type":"page","link":"https:\/\/casinooma.com\/cl\/","title":{"rendered":"Casinooma"},"content":{"rendered":"\n<h1 class=\"wp-block-heading\">Casinos online en Chile<\/h1>\n\n\n\n<p>\u00bfEst\u00e1s buscando un casino online en Chile? Aqu\u00ed en casinooma.com puedes encontrar los mejores casinos en l\u00ednea chilenos del momento y te damos toda la informaci\u00f3n necesaria para escoger el mejor casino virtual de chile para ti.\u00a0<\/p>\n\n\n\n<p>En esta gu\u00eda encontrar\u00e1s los mejores casinos online de Chile que son confiables y con m\u00e9todos de pago nacionales, como Webpay, Cuenta RUT y Redcompra. Adem\u00e1s te indicamos los casinos que te dan la opci\u00f3n de jugar con pesos chilenos.<\/p>\n\n\n\n<h2 class=\"wp-block-heading\">\u00bfPor qu\u00e9 escoger el casino en casinooma.com?<\/h2>\n\n\n\n<p>CasinoOma es un sitio de web que compara sitios de casino online en diferentes mercados como Suecia, Finlandia, Canad\u00e1, Holanda y Estados Unidos. Nuestro equipo de trabajo tiene m\u00e1s de 10 a\u00f1os de experiencia en el mundo de los sitios de juego online. Antes de promocionar alg\u00fan casino online nuestros expertos se registran y prueban en casino desde Chile. Nosotros solo listamos casinos en l\u00ednea que son 100% seguros y confiables!<\/p>\n\n\n\n<h2 class=\"wp-block-heading\">Estos son los mejores casinos online en Chile<\/h2>\n\n\n\n<p>Estos son los mejores sitios de casinos en l\u00ednea en Chile:<\/p>\n\n\n\n<h3 class=\"wp-block-heading\">Leo Vegas Casino<\/h3>\n\n\n\n<p>Leo Vegas es un casino online que se fund\u00f3 en Suecia y lleva muchos a\u00f1os en el mundo de los juegos online. En el casino de Leo Vegas puedes jugar juegos de casino tanto como apuestas deportivas. Leo Vegas es conocido mundialmente y es uno de los casinos m\u00e1s seguros que existe y cuenta con una licencia de juegos online de Malta. Leo Vegas se destaca por ser el mejor casino online m\u00f3vil del mundo con una aplicaci\u00f3n muy avanzada.&nbsp;<\/p>\n\n\n\n<p>En Leo Vegas puedes jugar con pesos chilenos y depositar con tu tarjeta Cuenta RUT o Redcompra u otras tarjetas de d\u00e9bito a trav\u00e9s del m\u00e9todo WebPay.&nbsp;<\/p>\n\n\n\n<h3 class=\"wp-block-heading\">ICE Casino&nbsp;<\/h3>\n\n\n\n<p>Ice Casino es un casino en l\u00ednea que se destaca por su gran variedad de juegos de tragamonedas online. En ICE Casino encontrar\u00e1s m\u00e1s de 3,500 diferentes juegos de tragamonedas de los mejores proveedores de juegos.&nbsp;<\/p>\n\n\n\n<p>ICE Casino es un casino confiable y tiene una licencia v\u00e1lida de juegos online emitida por Curacao eGaming. ICE Casino ofrece varios diferentes m\u00e9todos de pago, entre ellos varias criptomonedas. Puedes jugar con pesos chilenos como moneda.<\/p>\n\n\n\n<h3 class=\"wp-block-heading\">20Bet Casino<\/h3>\n\n\n\n<p>20 Bet Casino es un sitio de casino y apuestas deportivas online. 20 Bet se destaca por sus apuestas deportivas y es m\u00e1s conocido como casa de apuestas pero tambi\u00e9n tienen una secci\u00f3n de juegos de casino excelente.&nbsp;<\/p>\n\n\n\n<p>En 20 Bet puedes apostar en todos tipos de deportes aunque se destacan mucho por sus apuestas de f\u00fatbol.<\/p>\n\n\n\n<p>20 Bet es legal, confiable y perfecto para los que quieran jugar casino o apuestas deportivas con criptomonedas.&nbsp;<\/p>\n\n\n\n<h3 class=\"wp-block-heading\">JugaBet&nbsp;<\/h3>\n\n\n\n<p>JugaBet es un sitio de casino y apuestas relativamente nuevo que fue lanzado durante el 2023, a pesar de ser un casino nuevo ha ganado mucha popularidad por sus apuestas deportivas y su gran galer\u00eda de juegos de casino. En JugaBet encuentras m\u00e1s de 7,500 diferentes juegos de casinos online.&nbsp;<\/p>\n\n\n\n<p>Otra ventaja de JugaBet es que ofrece una gran variedad de m\u00e9todos de pago entre ellos WebPay, MACH y diferentes criptomonedas.<\/p>\n\n\n\n<h3 class=\"wp-block-heading\">Novibet<\/h3>\n\n\n\n<p>Novibet es un sitio de casino online y sobre todo una casa de apuestas deportivas que lleva m\u00e1s de 10 a\u00f1os en los mercados europeos como Grecia. Novibet ofrece una excelente selecci\u00f3n de juegos de casino, apuestas deportivas y apuestas en vivo. Novibet tiene licencia de la MGA y es muy confiable. Tambi\u00e9n ofrece m\u00e9todos de pagos chilenos como WebPay y MACH.<\/p>\n\n\n\n<p>Novibet es el sitio de juegos online perfecto si te interesan los juegos de casino y apuestas deportivas.<\/p>\n\n\n\n<h2 class=\"wp-block-heading\">\u00bfC\u00f3mo escogemos los mejores casinos online de Chile?<\/h2>\n\n\n\n<p>En CasinoOma miramos varios diferentes factores para escoger los mejores casinos virtuales de cada pa\u00eds. En cada pa\u00eds son diferentes los rankings de los mejores casinos en l\u00ednea abajo le explicamos c\u00f3mo calificamos a los sitios de casino en Chile:<\/p>\n\n\n\n<h3 class=\"wp-block-heading\">Seguridad&nbsp;<\/h3>\n\n\n\n<p>Lo m\u00e1s importante para nosotros es que el casino sea seguro y confiable. Para verificar que el casino sea seguro verificamos que tiene una licencia v\u00e1lida de juegos online, averiguamos sobre la empresa que son due\u00f1os del casino y nos registramos, hacemos un dep\u00f3sito, verificamos la cuenta y pedimos un retiro.&nbsp;<\/p>\n\n\n\n<p>Tambi\u00e9n leemos opiniones de otros jugadores para ver qu\u00e9 dice la gente sobre el casino.&nbsp;<\/p>\n\n\n\n<h3 class=\"wp-block-heading\">M\u00e9todos de Pago<\/h3>\n\n\n\n<p>Los m\u00e9todos de pago que el casino ofrece son muy importantes, ya que en cada pa\u00eds se usan diferentes m\u00e9todos de pago. En los casinos online chilenos miramos si el casino ofrece m\u00e9todos de pagos nacionales como Webpay, Redcompra, Cuenta RUT, MACH y transferencias bancarias con bancos chilenos.&nbsp;<\/p>\n\n\n\n<p>En el caso de quieres usar tu tarjeta d\u00e9bito de Cuenta RUT, Redcompra o otra tarjeta d\u00e9bito chilena el m\u00e9todo que debes escoger es WebPay un servicio de Transbank que te permite hacer dep\u00f3sitos con tu tarjeta debito chilena. Hoy en d\u00eda muchos de los casinos online con presencia en Chile ofrecen WebPay como m\u00e9todo de pago.<\/p>\n\n\n\n<p>Hoy en d\u00eda tambi\u00e9n existen varios sitios de casino y apuestas deportivas que te permiten hacer dep\u00f3sitos y retiros con criptomonedas como Bitcoin, Litecoin, Dogecoin y muchos m\u00e1s.<\/p>\n\n\n\n<h3 class=\"wp-block-heading\">Selecci\u00f3n de juegos&nbsp;<\/h3>\n\n\n\n<p>Algo importante es que el casino o la casa de apuestas ofrezca una buena variedad de juegos. En este factor, el casino online que sea mejor es muy individual seg\u00fan tus preferencias. Por ejemplo si te gustan los juegos de tragamonedas online debes de escoger un casino que ofrezca una gran variedad de diferentes juegos de tragamonedas algo que te indicamos en nuestra lista top.<\/p>\n\n\n\n<p>Si eres fan de las apuestas deportivas debes de escoger una casa de apuestas que ofrezca buenas cuotas, una buena variedad de deportes y lo que muchos amantes de las apuestas deportivas buscan, las apuestas en directo.<\/p>\n\n\n\n<p>Tambi\u00e9n hay muchos jugadores de casino que disfrutan de los juegos de casino en vivo, es decir con un dealer o croupier en vivo. Esto es muy com\u00fan en los juegos online de blackjack, ruleta y en el poker online.&nbsp;<\/p>\n\n\n\n<h3 class=\"wp-block-heading\">La navegaci\u00f3n del sitio o de la aplicaci\u00f3n&nbsp;<\/h3>\n\n\n\n<p>Algo que nosotros en CasinoOma consideramos importante sea el mercado que sea es que el sitio de casino tenga una navegaci\u00f3n simple y un sitio apto para m\u00f3viles o una aplicaci\u00f3n.&nbsp;<\/p>\n\n\n\n<p>Con la navegaci\u00f3n nos referimos a que tiene que ser f\u00e1cil hacer un dep\u00f3sito o retiro o navegar por las diferentes galer\u00edas de juegos de casino o de apuestas deportivas.&nbsp;<\/p>\n\n\n\n<h3 class=\"wp-block-heading\">Los bonos y promociones<\/h3>\n\n\n\n<p>Los bonos y las promociones que ofrecen los casinos en l\u00ednea tambi\u00e9n son de gran importancia para la evaluaci\u00f3n. La mayor\u00eda de los casinos online ofrecen un bono de bienvenida para sus nuevos jugadores. Normalmente suele ser un bono de dep\u00f3sito donde el casino dobla o triplica tu primer\/os dep\u00f3sitos y en muchos bonos de bienvenida tambi\u00e9n incluyen giros gratis para jugar en las tragamonedas.&nbsp;<\/p>\n\n\n\n<p>Aparte de los bonos de bienvenida muchos casinos suelen tener promociones como cashback (reembolso) y ofrecen diferentes bonos para sus jugadores leales. Los casinos que tienen programa de lealtad suelen dar bonos exclusivos y atenci\u00f3n al cliente exclusiva a sus jugadores VIP.<\/p>\n\n\n\n<h3 class=\"wp-block-heading\">Atencion al cliente<\/h3>\n\n\n\n<p>La atenci\u00f3n al cliente es un factor bastante importante tambi\u00e9n. Si por ejemplo necesitas ayuda con alguna transacci\u00f3n o activar un bono es importante que la atenci\u00f3n al cliente responda r\u00e1pido y eficaz. Tambi\u00e9n consideramos que es muy importante que los casinos en l\u00ednea en Chile ofrezcan atenci\u00f3n al cliente en espa\u00f1ol.&nbsp;<\/p>\n\n\n\n<p>Algunos casinos online ofrecen ayuda por tel\u00e9fono pero la mayor\u00eda ofrecen por mail y chat en vivo, para nosotros es muy importante que el chat en vivo sea 24\/7.<\/p>\n\n\n\n<h2 class=\"wp-block-heading\">\u00bfC\u00f3mo funciona la regulaci\u00f3n de los casinos online?<\/h2>\n\n\n\n<p>Para que un casino en l\u00ednea sea regulado y que opere legalmente tiene que tener una licencia de juegos online v\u00e1lida emitida por algunos de los reguladores de juegos al azar. En mercados que a\u00fan no est\u00e1n regulados a nivel nacional, los casinos necesitan una licencia emitida por algunos de los reguladores internacionales para poder operar legalmente.<\/p>\n\n\n\n<p>Entre los reguladores de juegos online con licencias internacionales encontramos sobre todo casinos con licencias emitidas por la MGA ( Malta Gaming Authority) que es el regulador del pa\u00eds europeo Malta. La otra licencia que es muy popular y presente en los casinos online chilenos es la licencia de Curacao eGaming (el gobierno de Curazao).<\/p>\n\n\n\n<p>Otras licencias internacionales son las de Estonia y Costa Rica por ejemplo.<\/p>\n\n\n\n<h3 class=\"wp-block-heading\">\u00bfSon legales los casinos online en Chile?<\/h3>\n\n\n\n<p>Hasta el momento Chile cuenta como un pa\u00eds no regulado pero se espera que a finales del 2024 pueda existir una regulaci\u00f3n de juegos online igual que en nuestro pa\u00eds vecino, Argentina.&nbsp;<\/p>\n\n\n\n<p>En Europa ya existen varios mercados regulados, como el de Suecia, Dinamarca, Inglaterra etc. Lo que pasa cuando un pa\u00eds regula su mercado de juegos online es que los casinos que quieren operar legalmente en el pa\u00eds tienen que pagar una cierta cantidad de dinero para obtener la licencia y adem\u00e1s pagar un porcentaje de sus ganancias en el pa\u00eds como impuesto.<\/p>\n\n\n\n<p>Pero con esto dicho es 100% legal para los chilenos jugar en estos sitios de casinos virtuales.<\/p>\n\n\n\n<h2 class=\"wp-block-heading\">&nbsp;\u00bfCu\u00e1les son los m\u00e9todos de pago principales en los casinos online en Chile?<\/h2>\n\n\n\n<p>Para los chilenos hay muchos m\u00e9todos de pago disponibles en los casinos online. El m\u00e1s destacado es WebPay, que es un servicio de Transbank que te permite depositar con tus tarjetas de d\u00e9bito chilenas como Cuenta Rut o Redcompra por ejemplo.&nbsp;<\/p>\n\n\n\n<p>Muchos jugadores de casino online chilenos buscan casinos que aceptan Cuenta RUT o que aceptan Redcompra. Los casinos en l\u00ednea que te permiten depositar con Cuenta RUT y Redcompra son los casinos que aceptan WebPay.&nbsp;<\/p>\n\n\n\n<p>Otros m\u00e9todos de pago populares en Chile son MACH y las criptomonedas. MACH que es un m\u00e9todo relativamente nuevo, nacional de Chile en estos momentos se encuentra disponible en Leo Vegas, Novibet y Jugabet.&nbsp;<\/p>\n\n\n\n<p>Las criptomonedas cada vez ganan m\u00e1s popularidad en los casinos online mundialmente, y en algunos de los casinos en Chile que aceptan criptomonedas como Bitcoin se encuentran:<\/p>\n\n\n\n<ul class=\"wp-block-list\">\n<li>BC Game<\/li>\n\n\n\n<li>Vulkan Vegas<\/li>\n\n\n\n<li>JugaBet<\/li>\n\n\n\n<li>ICE Casino<\/li>\n\n\n\n<li>20 Bet<\/li>\n\n\n\n<li>22 Bet<\/li>\n<\/ul>\n\n\n\n<h2 class=\"wp-block-heading\">Bonos de casino en Chile<\/h2>\n\n\n\n<p>Los bonos de casino es una manera de los casinos virtuales para atraer a nuevos clientes y mantener clientes ya existentes. Estos son los bonos de casino que puedes recibir en un los casinos chilenos:<\/p>\n\n\n\n<ul class=\"wp-block-list\">\n<li><strong>Bono de dep\u00f3sito<\/strong> &#8211; El casino dobla o triplica tu deposito<\/li>\n\n\n\n<li><strong>Giros gratis<\/strong> &#8211; Los giros gratis son jugadas gratis en los juegos de tragamonedas<\/li>\n\n\n\n<li><strong>Bono sin dep\u00f3sito<\/strong> &#8211; Los casinos a veces regalan bonos para sus jugadores, muchas veces giros gratis.<\/li>\n\n\n\n<li><strong>Reembolso<\/strong> (<em>Cashback<\/em>) &#8211; El casino te devuelve 5-20% de tus p\u00e9rdidas, puede ser por mes, por semana o por d\u00eda.&nbsp;<\/li>\n\n\n\n<li><strong>Bono de apuestas deportivas<\/strong> &#8211; Normalmente consiste en un bono de dep\u00f3sito, una apuesta gratis o cuotas elevadas.<\/li>\n<\/ul>\n\n\n\n<h3 class=\"wp-block-heading\">Requisito de apuesta<\/h3>\n\n\n\n<p>Los bonos de casino casi siempre vienen con un requisito de apuesta, que significa que tienes que jugar la cantidad del bono x veces para liberarlo y poder retirarlo como dinero real.<\/p>\n\n\n\n<h2 class=\"wp-block-heading\">\u00bfQu\u00e9 juegos puedo jugar en los casinos online en Chile?<\/h2>\n\n\n\n<p>En los casinos en l\u00ednea en Chile existe una gran variedad de juegos online. Puedes encontrar estos juegos entre otros:<\/p>\n\n\n\n<ul class=\"wp-block-list\">\n<li>Juegos de tragamonedas<\/li>\n\n\n\n<li>Ruleta online<\/li>\n\n\n\n<li>Blackjack online<\/li>\n\n\n\n<li>Poker online<\/li>\n\n\n\n<li>Juegos de casino en vivo<\/li>\n\n\n\n<li>Tragamonedas con bote (jackpott)<\/li>\n\n\n\n<li>Apuestas deportivas<\/li>\n\n\n\n<li>Apuestas deportivas en vivo<\/li>\n<\/ul>\n\n\n\n<p>Los juegos que m\u00e1s se juegan por lo general en los casinos online son los juegos de tragamonedas y las apuestas deportivas.&nbsp;<\/p>\n\n\n\n<h3 class=\"wp-block-heading\">Proveedores de juegos<\/h3>\n\n\n\n<p>Trabajar con proveedores de juegos buenos es clave para poder ofrecer una buena variedad de juegos en el casino online. Muchos casinos en linea tambien desarollan sus propios juegos, pero por lo general los juegos m\u00e1s populares son de alguno de los proveedores de juegos de casino m\u00e1s conocidos como:<\/p>\n\n\n\n<ul class=\"wp-block-list\">\n<li>NetEnt<\/li>\n\n\n\n<li>Evolution Gaming<\/li>\n\n\n\n<li>Quickspin<\/li>\n\n\n\n<li>Microgaming<\/li>\n\n\n\n<li>Yggdrasil<\/li>\n\n\n\n<li>Relax Gaming<\/li>\n\n\n\n<li>Playtech<\/li>\n\n\n\n<li>Pragmatic Play<\/li>\n\n\n\n<li>Blueprint&nbsp;<\/li>\n<\/ul>\n\n\n\n<h2 class=\"wp-block-heading\">Casino online con pesos chilenos<\/h2>\n\n\n\n<p>Muchos jugadores chilenos prefieren jugar con la moneda nacional de Chile, el peso Chileno. La mayor\u00eda de los casinos en l\u00ednea que operan en Chile te dan la oportunidad de escoger el peso chileno (CLP) cuando registras tu cuenta.<\/p>\n","protected":false},"excerpt":{"rendered":"<p>Casinos online en Chile \u00bfEst\u00e1s buscando un casino online en Chile? Aqu\u00ed en casinooma.com puedes encontrar los mejores casinos en&#8230;<\/p>\n","protected":false},"author":10,"featured_media":0,"parent":0,"menu_order":0,"comment_status":"closed","ping_status":"closed","template":"","meta":{"_acf_changed":false,"footnotes":""},"class_list":["post-5748","page","type-page","status-publish","hentry"],"acf":[],"yoast_head":"<!-- This site is optimized with the Yoast SEO plugin v27.0 - https:\/\/yoast.com\/product\/yoast-seo-wordpress\/ -->\n<title>Mejores Casinos online en Chile (2024)<\/title>\n<meta name=\"description\" content=\"Encuentra los mejores casinos en linea de chile! Te guiamos sobre los metodos de pagos, licencias de juego y los mejores bonos de bienvenida!\" \/>\n<meta name=\"robots\" content=\"index, follow, max-snippet:-1, max-image-preview:large, max-video-preview:-1\" \/>\n<link rel=\"canonical\" href=\"https:\/\/casinooma.com\/cl\/\" \/>\n<meta property=\"og:locale\" content=\"es_ES\" \/>\n<meta property=\"og:type\" content=\"article\" \/>\n<meta property=\"og:title\" content=\"Mejores Casinos online en Chile (2024)\" \/>\n<meta property=\"og:description\" content=\"Encuentra los mejores casinos en linea de chile! Te guiamos sobre los metodos de pagos, licencias de juego y los mejores bonos de bienvenida!\" \/>\n<meta property=\"og:url\" content=\"https:\/\/casinooma.com\/cl\/\" \/>\n<meta property=\"og:site_name\" content=\"Casinoomi.com\" \/>\n<meta property=\"article:modified_time\" content=\"2024-12-18T10:57:57+00:00\" \/>\n<meta name=\"twitter:card\" content=\"summary_large_image\" \/>\n<meta name=\"twitter:label1\" content=\"Tiempo estimado de lectura\" \/>\n\t<meta name=\"twitter:data1\" content=\"10 minutos\" \/>\n<script type=\"application\/ld+json\" class=\"yoast-schema-graph\">{\"@context\":\"https:\/\/schema.org\",\"@graph\":[{\"@type\":\"WebPage\",\"@id\":\"https:\/\/casinooma.com\/cl\/\",\"url\":\"https:\/\/casinooma.com\/cl\/\",\"name\":\"Mejores Casinos online en Chile (2024)\",\"isPartOf\":{\"@id\":\"https:\/\/casinooma.com\/cl\/#website\"},\"datePublished\":\"2024-02-28T12:34:00+00:00\",\"dateModified\":\"2024-12-18T10:57:57+00:00\",\"description\":\"Encuentra los mejores casinos en linea de chile! Te guiamos sobre los metodos de pagos, licencias de juego y los mejores bonos de bienvenida!\",\"breadcrumb\":{\"@id\":\"https:\/\/casinooma.com\/cl\/#breadcrumb\"},\"inLanguage\":\"es-CL\",\"potentialAction\":[{\"@type\":\"ReadAction\",\"target\":[\"https:\/\/casinooma.com\/cl\/\"]}]},{\"@type\":\"BreadcrumbList\",\"@id\":\"https:\/\/casinooma.com\/cl\/#breadcrumb\",\"itemListElement\":[{\"@type\":\"ListItem\",\"position\":1,\"name\":\"Startseite\",\"item\":\"https:\/\/casinooma.com\/cl\/\"},{\"@type\":\"ListItem\",\"position\":2,\"name\":\"Casinooma\"}]},{\"@type\":\"WebSite\",\"@id\":\"https:\/\/casinooma.com\/cl\/#website\",\"url\":\"https:\/\/casinooma.com\/cl\/\",\"name\":\"Casinoomi.com\",\"description\":\"\",\"publisher\":{\"@id\":\"https:\/\/casinooma.com\/cl\/#organization\"},\"potentialAction\":[{\"@type\":\"SearchAction\",\"target\":{\"@type\":\"EntryPoint\",\"urlTemplate\":\"https:\/\/casinooma.com\/cl\/?s={search_term_string}\"},\"query-input\":{\"@type\":\"PropertyValueSpecification\",\"valueRequired\":true,\"valueName\":\"search_term_string\"}}],\"inLanguage\":\"es-CL\"},{\"@type\":\"Organization\",\"@id\":\"https:\/\/casinooma.com\/cl\/#organization\",\"name\":\"Casino Oma\",\"url\":\"https:\/\/casinooma.com\/cl\/\",\"logo\":{\"@type\":\"ImageObject\",\"inLanguage\":\"es-CL\",\"@id\":\"https:\/\/casinooma.com\/cl\/#\/schema\/logo\/image\/\",\"url\":\"https:\/\/casinooma.com\/wp-content\/uploads\/2021\/05\/cropped-Casinooma-favicon.png\",\"contentUrl\":\"https:\/\/casinooma.com\/wp-content\/uploads\/2021\/05\/cropped-Casinooma-favicon.png\",\"width\":512,\"height\":512,\"caption\":\"Casino Oma\"},\"image\":{\"@id\":\"https:\/\/casinooma.com\/cl\/#\/schema\/logo\/image\/\"}}]}<\/script>\n<!-- \/ Yoast SEO plugin. -->","yoast_head_json":{"title":"Mejores Casinos online en Chile (2024)","description":"Encuentra los mejores casinos en linea de chile! Te guiamos sobre los metodos de pagos, licencias de juego y los mejores bonos de bienvenida!","robots":{"index":"index","follow":"follow","max-snippet":"max-snippet:-1","max-image-preview":"max-image-preview:large","max-video-preview":"max-video-preview:-1"},"canonical":"https:\/\/casinooma.com\/cl\/","og_locale":"es_ES","og_type":"article","og_title":"Mejores Casinos online en Chile (2024)","og_description":"Encuentra los mejores casinos en linea de chile! Te guiamos sobre los metodos de pagos, licencias de juego y los mejores bonos de bienvenida!","og_url":"https:\/\/casinooma.com\/cl\/","og_site_name":"Casinoomi.com","article_modified_time":"2024-12-18T10:57:57+00:00","twitter_card":"summary_large_image","twitter_misc":{"Tiempo estimado de lectura":"10 minutos"},"schema":{"@context":"https:\/\/schema.org","@graph":[{"@type":"WebPage","@id":"https:\/\/casinooma.com\/cl\/","url":"https:\/\/casinooma.com\/cl\/","name":"Mejores Casinos online en Chile (2024)","isPartOf":{"@id":"https:\/\/casinooma.com\/cl\/#website"},"datePublished":"2024-02-28T12:34:00+00:00","dateModified":"2024-12-18T10:57:57+00:00","description":"Encuentra los mejores casinos en linea de chile! Te guiamos sobre los metodos de pagos, licencias de juego y los mejores bonos de bienvenida!","breadcrumb":{"@id":"https:\/\/casinooma.com\/cl\/#breadcrumb"},"inLanguage":"es-CL","potentialAction":[{"@type":"ReadAction","target":["https:\/\/casinooma.com\/cl\/"]}]},{"@type":"BreadcrumbList","@id":"https:\/\/casinooma.com\/cl\/#breadcrumb","itemListElement":[{"@type":"ListItem","position":1,"name":"Startseite","item":"https:\/\/casinooma.com\/cl\/"},{"@type":"ListItem","position":2,"name":"Casinooma"}]},{"@type":"WebSite","@id":"https:\/\/casinooma.com\/cl\/#website","url":"https:\/\/casinooma.com\/cl\/","name":"Casinoomi.com","description":"","publisher":{"@id":"https:\/\/casinooma.com\/cl\/#organization"},"potentialAction":[{"@type":"SearchAction","target":{"@type":"EntryPoint","urlTemplate":"https:\/\/casinooma.com\/cl\/?s={search_term_string}"},"query-input":{"@type":"PropertyValueSpecification","valueRequired":true,"valueName":"search_term_string"}}],"inLanguage":"es-CL"},{"@type":"Organization","@id":"https:\/\/casinooma.com\/cl\/#organization","name":"Casino Oma","url":"https:\/\/casinooma.com\/cl\/","logo":{"@type":"ImageObject","inLanguage":"es-CL","@id":"https:\/\/casinooma.com\/cl\/#\/schema\/logo\/image\/","url":"https:\/\/casinooma.com\/wp-content\/uploads\/2021\/05\/cropped-Casinooma-favicon.png","contentUrl":"https:\/\/casinooma.com\/wp-content\/uploads\/2021\/05\/cropped-Casinooma-favicon.png","width":512,"height":512,"caption":"Casino Oma"},"image":{"@id":"https:\/\/casinooma.com\/cl\/#\/schema\/logo\/image\/"}}]}},"_links":{"self":[{"href":"https:\/\/casinooma.com\/cl\/wp-json\/wp\/v2\/pages\/5748","targetHints":{"allow":["GET"]}}],"collection":[{"href":"https:\/\/casinooma.com\/cl\/wp-json\/wp\/v2\/pages"}],"about":[{"href":"https:\/\/casinooma.com\/cl\/wp-json\/wp\/v2\/types\/page"}],"author":[{"embeddable":true,"href":"https:\/\/casinooma.com\/cl\/wp-json\/wp\/v2\/users\/10"}],"replies":[{"embeddable":true,"href":"https:\/\/casinooma.com\/cl\/wp-json\/wp\/v2\/comments?post=5748"}],"version-history":[{"count":5,"href":"https:\/\/casinooma.com\/cl\/wp-json\/wp\/v2\/pages\/5748\/revisions"}],"predecessor-version":[{"id":5896,"href":"https:\/\/casinooma.com\/cl\/wp-json\/wp\/v2\/pages\/5748\/revisions\/5896"}],"wp:attachment":[{"href":"https:\/\/casinooma.com\/cl\/wp-json\/wp\/v2\/media?parent=5748"}],"curies":[{"name":"wp","href":"https:\/\/api.w.org\/{rel}","templated":true}]}}