{"id":4380,"date":"2022-11-08T13:13:47","date_gmt":"2022-11-08T12:13:47","guid":{"rendered":"http:\/\/casinooma.com\/snelle-uitbetaling\/"},"modified":"2022-11-08T14:12:06","modified_gmt":"2022-11-08T13:12:06","slug":"nopeat-kotiutukset","status":"publish","type":"page","link":"https:\/\/casinooma.com\/fi\/nopeat-kotiutukset\/","title":{"rendered":"Nopeat kotiutukset\ufffc"},"content":{"rendered":"\n<h1 class=\"wp-block-heading\">Nopeita kotiutuksia nettikasinolla<\/h1>\n\n\n\n<p>Kiinnostaako&nbsp;nopeat kotiutukset? Kasino on varmasti kaikille tuttu k\u00e4site varsinkin erilaisista elokuvista ja televisiosarjoista. Niiss\u00e4 kasino on yleens\u00e4 kuvailtu hienona valaistuna rakennuksena, jossa hyvin pukeutuneet ja varakkaat ihmiset tuhlaavat rahojaan yh\u00e4 suurempaa voittoa tavoitellen ja toistensa kanssa seurustellen ja juhlien. Kasinolla pelataan yleens\u00e4 erilaisia rahapelej\u00e4, kuten esimerkiksi pokeria.<\/p>\n\n\n\n<p>T\u00e4llaisiin kasinoihin on kuitenkin monesti hankala p\u00e4\u00e4st\u00e4 esimerkiksi niiden fyysisest\u00e4 sijainnista johtuen. Onneksi nykyaikana on kehitelty vaihtoehtoinen tapa t\u00e4llaiselle rahapelaamiselle, nimitt\u00e4in <a href=\"https:\/\/casinooma.com\/fi\/verovapaat-nettikasinot\/\">verovapaat nettikasinot<\/a>. Nettikasinolla tarkoitetaan internetiss\u00e4 toimivaa kasinoa, joka tarjoaa pelaajilleen mahdollisuuden pelata uhkapelej\u00e4 internetin v\u00e4lityksell\u00e4. Kasinolla pelaamiseen tarvitset siis l\u00e4hinn\u00e4 vain verkkoyhteydell\u00e4 varustetun tietokoneen tai \u00e4lypuhelimen, jolla pelaaminen suoritetaan. Pelata voi mist\u00e4 k\u00e4sin vain, vaikka omalta kotisohvalta. Nopea toiminta takaa my\u00f6s&nbsp;nopeat kotiutukset.<\/p>\n\n\n\n<figure class=\"wp-block-image size-full\"><img loading=\"lazy\" decoding=\"async\" width=\"800\" height=\"350\" src=\"http:\/\/casinooma.com\/wp-content\/uploads\/2022\/11\/nopeat-kasino.png\" alt=\"Nopeat kotiutukset\" class=\"wp-image-4416\" srcset=\"https:\/\/casinooma.com\/wp-content\/uploads\/2022\/11\/nopeat-kasino.png 800w, https:\/\/casinooma.com\/wp-content\/uploads\/2022\/11\/nopeat-kasino-300x131.png 300w, https:\/\/casinooma.com\/wp-content\/uploads\/2022\/11\/nopeat-kasino-768x336.png 768w\" sizes=\"auto, (max-width: 800px) 100vw, 800px\" \/><\/figure>\n\n\n\n<p>Nettikasinoilla pelaaminen on tehty mahdollisimman helpoksi, joten my\u00f6s aloittelija uskaltaa sukeltaa niiden pariin. Kaikki kasinot eiv\u00e4t vaadi rekister\u00f6itymist\u00e4, vaan voit pelata niit\u00e4 my\u00f6s ilman rekister\u00f6itymisen mukanaan tuomaa sitoutumista. Jotkin kasinot tarjoavat pelaajilleen erilaisia etuja, kuten ilmaiskierroksia ja bonuksia, joihin kannattaa ehdottomasti tarttua, mik\u00e4li niihin on mahdollisuus.\u00a0Nopeat kotiutukset\u00a0takaavat sen, ett\u00e4 voittorahansa saa helposti ja vaivatta tililleen.<\/p>\n\n\n\n<h2 class=\"wp-block-heading\">Nettikasinot&nbsp;nopeat kotiutukset<\/h2>\n\n\n\n<p>Netiss\u00e4 toimivat kasinot eroavat toisistaan muutamilla eri tavoilla. Osa kasinoista vaatii rekister\u00f6itymisen, kun taas toisissa voit pelata rahapelej\u00e4 rauhassa rekister\u00f6itym\u00e4tt\u00e4. T\u00e4m\u00e4 mahdollistaa sen, ett\u00e4 kasinoita voi vaihdella mielens\u00e4 mukaan. Sitoutumattomuus antaa mahdollisuuden kokeilla erilaisia kasinoita ja rahapelej\u00e4, sill\u00e4 kasinoiden valikoima saattaa vaihdella. Niiss\u00e4 on my\u00f6s muihin asioihin liittyvi\u00e4 eroja, kuten esimerkiksi&nbsp;nopeat kotiutukset.<\/p>\n\n\n\n<p>Lis\u00e4ksi osa <a href=\"http:\/\/casinooma.com\/wp-content\/uploads\/2021\/01\/Mobilecasinos.png\">mobil kasinoista<\/a> tarjoaa niin kutsuttuja ilmaiskierroksia, joilla tarkoitetaan nimens\u00e4 mukaisesti ilmaisia pelikierroksia tiettyihin peleihin. Ilmaiskierrosten voittomahdollisuudet ovat t\u00e4ysin samat kuin tavallistenkin kierrosten, joten kannattaa ehdottomasti tarttua tilaisuuteen. Ilmaiskierrokset toimivat kuin tavalliset kierrokset, joten niist\u00e4kin saa&nbsp;nopeat kotiutukset.<\/p>\n\n\n\n<p>Osa kasinoista tarjoaa my\u00f6s erilaisia bonuksia, eli etuuksia, kuten esimerkiksi tervetuliaisbonus tai kampanjaan liittyvi\u00e4 bonuksia. N\u00e4it\u00e4 t\u00e4llaisia bonuksia tarjotaan sek\u00e4 uusille ett\u00e4 vanhoille pelaajille. Bonusten avulla pelaaminen kest\u00e4\u00e4 yleens\u00e4 pidemp\u00e4\u00e4n ja voiton mahdollisuudet paranevat, mink\u00e4 avulla voit saada&nbsp;nopeat kotiutukset&nbsp;rahoillesi.<\/p>\n\n\n\n<p>Yksi t\u00e4rkeimmist\u00e4 eroista nettikasinoissa on kuitenkin se, kuinka\u00a0nopeat kotiutukset\u00a0kasino pystyy tekem\u00e4\u00e4n.\u00a0Nopeat kotiutukset\u00a0osaava kasinot ovat vertaansa vailla, sill\u00e4 t\u00e4ll\u00f6in rahat siirtyv\u00e4t tilille jopa muutamassa minuutissa.<\/p>\n\n\n\n<figure class=\"wp-block-image size-full\"><img loading=\"lazy\" decoding=\"async\" width=\"800\" height=\"350\" src=\"http:\/\/casinooma.com\/wp-content\/uploads\/2022\/11\/nopeat-kotiutukset.png\" alt=\"Nopeat kotiutukset\" class=\"wp-image-4420\" srcset=\"https:\/\/casinooma.com\/wp-content\/uploads\/2022\/11\/nopeat-kotiutukset.png 800w, https:\/\/casinooma.com\/wp-content\/uploads\/2022\/11\/nopeat-kotiutukset-300x131.png 300w, https:\/\/casinooma.com\/wp-content\/uploads\/2022\/11\/nopeat-kotiutukset-768x336.png 768w\" sizes=\"auto, (max-width: 800px) 100vw, 800px\" \/><\/figure>\n\n\n\n<h2 class=\"wp-block-heading\">Kasinot&nbsp;nopeat kotiutukset<\/h2>\n\n\n\n<p>Erilaiset nettikasinot ovat jatkuvasti lis\u00e4nneet suosiotaan internetiss\u00e4. Suurimpana syyn\u00e4 t\u00e4h\u00e4n on varmasti se, ett\u00e4 nettikasinot ovat helposti saatavilla mihin vuorokaudenaikaan tahansa ja mist\u00e4 k\u00e4sin tahansa. Nettikasinoilla pelaaminen on t\u00e4ysin yksil\u00f6st\u00e4 itsest\u00e4\u00e4n kiinni ja siksi onkin mahdollista itse m\u00e4\u00e4ritell\u00e4, kuinka paljon pelaa ja kuinka suurilla summilla. Pelaaminen on siis t\u00e4ysin pelaajan itsens\u00e4 hallittavissa, eik\u00e4 siihen voi kukaan pakottaa tai puuttua.&nbsp;Nopeat kotiutukset&nbsp;auttavat pysym\u00e4\u00e4n kartalla pelaamisesta.<\/p>\n\n\n\n<p>Voit pelata kasinopelej\u00e4 niin p\u00e4iv\u00e4ll\u00e4 kuin y\u00f6ll\u00e4kin, eik\u00e4 pelaaminen ole my\u00f6sk\u00e4\u00e4n mill\u00e4\u00e4n tavalla paikkasidonnaista. Pelaamista nettikasinoilla voit harrastaa vaikka matkustaessasi junalla tai odotellessasi hierontaan p\u00e4\u00e4sy\u00e4. Ne ovatkin oiva tapa kuluttaa aikaa ja saada hieman lis\u00e4\u00e4 j\u00e4nnityst\u00e4 el\u00e4m\u00e4\u00e4ns\u00e4.&nbsp;Nopeat kotiutukset&nbsp;tuovat my\u00f6s hieman lis\u00e4\u00e4 k\u00e4ytt\u00f6rahaa voittotilanteessa.<\/p>\n\n\n\n<p>Nettikasinoiden sivut on tehty usein niin helppok\u00e4ytt\u00f6isiksi ett\u00e4 kuka vain osaa suunnistaa niill\u00e4, eik\u00e4 pelaamisen oppiminen vie kauaa aikaa. Paljon on kuitenkin tuurista kiinni. Lis\u00e4ksi nettikasinoiden l\u00f6yt\u00e4minen on helppoa &#8211; pelk\u00e4st\u00e4\u00e4n kirjoittamalla googleen &#8221;nettikasino&#8221; tulee esille useita erilaisia vaihtoehtoja. Vaikein teht\u00e4v\u00e4 mahtaakin olla sopivan kasinon valitseminen useiden hyvien vaihtoehtojen joukosta.&nbsp;Nopeat kotiutukset&nbsp;on kuitenkin asia, johon kannattaa kiinnitt\u00e4\u00e4 huomiota, kuten muutamaan muuhunkin asiaan.<\/p>\n\n\n\n<h2 class=\"wp-block-heading\">Casino&nbsp;nopeat kotiutukset<\/h2>\n\n\n\n<p>Sopivan kasinon valintaan vaikuttaa moni asia. T\u00e4llainen asia on esimerkiksi se, millaisia pelej\u00e4 kasino pelaajilleen tarjoaa. On olemassa perinteisi\u00e4 kolikkopelej\u00e4, mutta niiden lis\u00e4ksi saatavilla on my\u00f6s kuponkipelej\u00e4 ja p\u00f6yt\u00e4pelej\u00e4. Jotkin nettikasinot tarjoavat my\u00f6s mahdollisuuden livekasinoon, jolloin pelaamiseen tulee ihan omanlaisensa aito tunnelma. Kokemus hipoo oikeassa kasinossa pelaamista. N\u00e4iss\u00e4 saattaa olla todellakin&nbsp;nopeat kotiutukset.<\/p>\n\n\n\n<p>Kasinon valintaan vaikuttaa mahdollisesti my\u00f6s se, millaisia bonuksia se pelaajilleen tarjoaa ja onko kasinolla mahdollista saada ilmaiskierroksia. My\u00f6s sill\u00e4 on merkityst\u00e4, kuinka&nbsp;nopeat kotiutukset&nbsp;kasinolla on tarjota. Kun kasino tarjoaa&nbsp;nopeat kotiutukset, voittorahat ovat pelaajan k\u00e4ytett\u00e4viss\u00e4 nopeasti. Maksuvaihtoehtoja on monia, kuten esimerkiksi Visa tai Mastercard. Aiemmin kasinoiden voittorahojen siirtyminen pelaajan tilille on saattanut kest\u00e4\u00e4 useita p\u00e4ivi\u00e4, mutta nyt asia hoituu tehokkaimmissa kasinoissa vain muutamassa minuutissa.&nbsp;Nopeat kotiutukset&nbsp;ovat siis loistava asia.<\/p>\n\n\n\n<p>Kasinoiden maineella on my\u00f6s merkityksens\u00e4. Hyv\u00e4ksi todetusta kasinosta annetaan hyvi\u00e4 arvosteluja, ja siell\u00e4 homma toimii sujuvasti. Ongelmatilanteissa on helppo ottaa yhteytt\u00e4 asiakaspalveluun, ja siell\u00e4 tehd\u00e4\u00e4n parhaansa, jotta pelaaminen voisi jatkossa sujua kevyemmin.<\/p>\n\n\n\n<h2 class=\"wp-block-heading\">Nopeat kotiutukset&nbsp;casino<\/h2>\n\n\n\n<p>Kasinopelaamiseen saa helposti kulumaan useita tunteja p\u00e4iv\u00e4ss\u00e4. Kasinopelej\u00e4 on useita erilaisia, joihin voi perehty\u00e4 jo etuk\u00e4teen ja valita sitten suosikkinsa, joiden parissa kuluttaa aikaa. Ja kukapa est\u00e4\u00e4 vaihtelemasta pelej\u00e4 ja kasinoa aina kun silt\u00e4 tuntuu. Suosituimpia ja tunnetuimpia kasinopelej\u00e4 ovat esimerkiksi ruletti, blackjack, hedelm\u00e4peli, keno, bingo ja pokeri. N\u00e4ist\u00e4 l\u00e4hes jokainen on joskus kuullut.<\/p>\n\n\n\n<p>Pelaamiseen saa kulumaan aikaa, koska pelaaminen on niin helppoa ja koukuttavaa. Siin\u00e4 on oma j\u00e4nnityksens\u00e4, kun odottaa voiton saapumista omalle kohdalle ja suunnittelee jo&nbsp;nopeat kotiutukset&nbsp;tililleen. Toki pettymyksi\u00e4kin tulee varmasti vastaan, mutta niist\u00e4 selvit\u00e4\u00e4n ja ikin\u00e4 ei voi tiet\u00e4\u00e4, onko voitto jo seuraavan nurkan takana odottelemassa. Kun voitto lopulta saapuu, haluaa jokainen sen mahdollisimman nopeasti tililleen.&nbsp;Nopeat kotiutukset&nbsp;on t\u00e4ss\u00e4 avainasemassa. Tililt\u00e4 sen voi sitten k\u00e4ytt\u00e4\u00e4 mihin kulloinkin kokee tarpeelliseksi, esimerkiksi juhlintaan tai vaikka uudelleen pelaamiseen. Parasta onkin laittaa voittorahat kiertoon, ja k\u00e4ytt\u00e4\u00e4 niit\u00e4 viel\u00e4 suurempien voittojen saavuttamiseen. Voitothan ovat kuin ilmaista rahaa, joka on hyv\u00e4 laittaa uudestaan k\u00e4ytt\u00f6\u00f6n.<\/p>\n","protected":false},"excerpt":{"rendered":"<p>Nopeita kotiutuksia nettikasinolla Kiinnostaako&nbsp;nopeat kotiutukset? Kasino on varmasti kaikille tuttu k\u00e4site varsinkin erilaisista elokuvista ja televisiosarjoista. Niiss\u00e4 kasino on yleens\u00e4&#8230;<\/p>\n","protected":false},"author":3,"featured_media":0,"parent":0,"menu_order":0,"comment_status":"closed","ping_status":"closed","template":"","meta":{"_acf_changed":false,"footnotes":""},"class_list":["post-4380","page","type-page","status-publish","hentry"],"acf":[],"yoast_head":"<!-- This site is optimized with the Yoast SEO plugin v27.0 - https:\/\/yoast.com\/product\/yoast-seo-wordpress\/ -->\n<title>Nopeat kotiutukset ovat t\u00e4rkeit\u00e4 kasinopelaajalle<\/title>\n<meta name=\"description\" content=\"Yksi olennaisimmista asioista kasinopelaajalle ovat nopeat kotiutukset. Lue t\u00e4\u00e4lt\u00e4 lis\u00e4\u00e4 kasinopelaamisesta ja liity mukaan.\" \/>\n<meta name=\"robots\" content=\"index, follow, max-snippet:-1, max-image-preview:large, max-video-preview:-1\" \/>\n<link rel=\"canonical\" href=\"https:\/\/casinooma.com\/fi\/nopeat-kotiutukset\/\" \/>\n<meta property=\"og:locale\" content=\"fi_FI\" \/>\n<meta property=\"og:type\" content=\"article\" \/>\n<meta property=\"og:title\" content=\"Nopeat kotiutukset ovat t\u00e4rkeit\u00e4 kasinopelaajalle\" \/>\n<meta property=\"og:description\" content=\"Yksi olennaisimmista asioista kasinopelaajalle ovat nopeat kotiutukset. Lue t\u00e4\u00e4lt\u00e4 lis\u00e4\u00e4 kasinopelaamisesta ja liity mukaan.\" \/>\n<meta property=\"og:url\" content=\"https:\/\/casinooma.com\/fi\/nopeat-kotiutukset\/\" \/>\n<meta property=\"og:site_name\" content=\"Casinooma\" \/>\n<meta property=\"article:modified_time\" content=\"2022-11-08T13:12:06+00:00\" \/>\n<meta property=\"og:image\" content=\"http:\/\/casinooma.com\/wp-content\/uploads\/2022\/11\/nopeat-kasino.png\" \/>\n<meta name=\"twitter:card\" content=\"summary_large_image\" \/>\n<meta name=\"twitter:label1\" content=\"Arvioitu lukuaika\" \/>\n\t<meta name=\"twitter:data1\" content=\"5 minuuttia\" \/>\n<script type=\"application\/ld+json\" class=\"yoast-schema-graph\">{\"@context\":\"https:\/\/schema.org\",\"@graph\":[{\"@type\":\"WebPage\",\"@id\":\"https:\/\/casinooma.com\/fi\/nopeat-kotiutukset\/\",\"url\":\"https:\/\/casinooma.com\/fi\/nopeat-kotiutukset\/\",\"name\":\"Nopeat kotiutukset ovat t\u00e4rkeit\u00e4 kasinopelaajalle\",\"isPartOf\":{\"@id\":\"https:\/\/casinooma.com\/fi\/#website\"},\"primaryImageOfPage\":{\"@id\":\"https:\/\/casinooma.com\/fi\/nopeat-kotiutukset\/#primaryimage\"},\"image\":{\"@id\":\"https:\/\/casinooma.com\/fi\/nopeat-kotiutukset\/#primaryimage\"},\"thumbnailUrl\":\"http:\/\/casinooma.com\/wp-content\/uploads\/2022\/11\/nopeat-kasino.png\",\"datePublished\":\"2022-11-08T12:13:47+00:00\",\"dateModified\":\"2022-11-08T13:12:06+00:00\",\"description\":\"Yksi olennaisimmista asioista kasinopelaajalle ovat nopeat kotiutukset. Lue t\u00e4\u00e4lt\u00e4 lis\u00e4\u00e4 kasinopelaamisesta ja liity mukaan.\",\"breadcrumb\":{\"@id\":\"https:\/\/casinooma.com\/fi\/nopeat-kotiutukset\/#breadcrumb\"},\"inLanguage\":\"fi\",\"potentialAction\":[{\"@type\":\"ReadAction\",\"target\":[\"https:\/\/casinooma.com\/fi\/nopeat-kotiutukset\/\"]}]},{\"@type\":\"ImageObject\",\"inLanguage\":\"fi\",\"@id\":\"https:\/\/casinooma.com\/fi\/nopeat-kotiutukset\/#primaryimage\",\"url\":\"http:\/\/casinooma.com\/wp-content\/uploads\/2022\/11\/nopeat-kasino.png\",\"contentUrl\":\"http:\/\/casinooma.com\/wp-content\/uploads\/2022\/11\/nopeat-kasino.png\"},{\"@type\":\"BreadcrumbList\",\"@id\":\"https:\/\/casinooma.com\/fi\/nopeat-kotiutukset\/#breadcrumb\",\"itemListElement\":[{\"@type\":\"ListItem\",\"position\":1,\"name\":\"Etusivu\",\"item\":\"https:\/\/casinooma.com\/fi\/\"},{\"@type\":\"ListItem\",\"position\":2,\"name\":\"Nopeat kotiutukset\ufffc\"}]},{\"@type\":\"WebSite\",\"@id\":\"https:\/\/casinooma.com\/fi\/#website\",\"url\":\"https:\/\/casinooma.com\/fi\/\",\"name\":\"Casinooma\",\"description\":\"\",\"publisher\":{\"@id\":\"https:\/\/casinooma.com\/fi\/#organization\"},\"potentialAction\":[{\"@type\":\"SearchAction\",\"target\":{\"@type\":\"EntryPoint\",\"urlTemplate\":\"https:\/\/casinooma.com\/fi\/?s={search_term_string}\"},\"query-input\":{\"@type\":\"PropertyValueSpecification\",\"valueRequired\":true,\"valueName\":\"search_term_string\"}}],\"inLanguage\":\"fi\"},{\"@type\":\"Organization\",\"@id\":\"https:\/\/casinooma.com\/fi\/#organization\",\"name\":\"Casino Oma\",\"url\":\"https:\/\/casinooma.com\/fi\/\",\"logo\":{\"@type\":\"ImageObject\",\"inLanguage\":\"fi\",\"@id\":\"https:\/\/casinooma.com\/fi\/#\/schema\/logo\/image\/\",\"url\":\"https:\/\/casinooma.com\/wp-content\/uploads\/2021\/05\/cropped-Casinooma-favicon.png\",\"contentUrl\":\"https:\/\/casinooma.com\/wp-content\/uploads\/2021\/05\/cropped-Casinooma-favicon.png\",\"width\":512,\"height\":512,\"caption\":\"Casino Oma\"},\"image\":{\"@id\":\"https:\/\/casinooma.com\/fi\/#\/schema\/logo\/image\/\"}}]}<\/script>\n<!-- \/ Yoast SEO plugin. -->","yoast_head_json":{"title":"Nopeat kotiutukset ovat t\u00e4rkeit\u00e4 kasinopelaajalle","description":"Yksi olennaisimmista asioista kasinopelaajalle ovat nopeat kotiutukset. Lue t\u00e4\u00e4lt\u00e4 lis\u00e4\u00e4 kasinopelaamisesta ja liity mukaan.","robots":{"index":"index","follow":"follow","max-snippet":"max-snippet:-1","max-image-preview":"max-image-preview:large","max-video-preview":"max-video-preview:-1"},"canonical":"https:\/\/casinooma.com\/fi\/nopeat-kotiutukset\/","og_locale":"fi_FI","og_type":"article","og_title":"Nopeat kotiutukset ovat t\u00e4rkeit\u00e4 kasinopelaajalle","og_description":"Yksi olennaisimmista asioista kasinopelaajalle ovat nopeat kotiutukset. Lue t\u00e4\u00e4lt\u00e4 lis\u00e4\u00e4 kasinopelaamisesta ja liity mukaan.","og_url":"https:\/\/casinooma.com\/fi\/nopeat-kotiutukset\/","og_site_name":"Casinooma","article_modified_time":"2022-11-08T13:12:06+00:00","og_image":[{"url":"http:\/\/casinooma.com\/wp-content\/uploads\/2022\/11\/nopeat-kasino.png","type":"","width":"","height":""}],"twitter_card":"summary_large_image","twitter_misc":{"Arvioitu lukuaika":"5 minuuttia"},"schema":{"@context":"https:\/\/schema.org","@graph":[{"@type":"WebPage","@id":"https:\/\/casinooma.com\/fi\/nopeat-kotiutukset\/","url":"https:\/\/casinooma.com\/fi\/nopeat-kotiutukset\/","name":"Nopeat kotiutukset ovat t\u00e4rkeit\u00e4 kasinopelaajalle","isPartOf":{"@id":"https:\/\/casinooma.com\/fi\/#website"},"primaryImageOfPage":{"@id":"https:\/\/casinooma.com\/fi\/nopeat-kotiutukset\/#primaryimage"},"image":{"@id":"https:\/\/casinooma.com\/fi\/nopeat-kotiutukset\/#primaryimage"},"thumbnailUrl":"http:\/\/casinooma.com\/wp-content\/uploads\/2022\/11\/nopeat-kasino.png","datePublished":"2022-11-08T12:13:47+00:00","dateModified":"2022-11-08T13:12:06+00:00","description":"Yksi olennaisimmista asioista kasinopelaajalle ovat nopeat kotiutukset. Lue t\u00e4\u00e4lt\u00e4 lis\u00e4\u00e4 kasinopelaamisesta ja liity mukaan.","breadcrumb":{"@id":"https:\/\/casinooma.com\/fi\/nopeat-kotiutukset\/#breadcrumb"},"inLanguage":"fi","potentialAction":[{"@type":"ReadAction","target":["https:\/\/casinooma.com\/fi\/nopeat-kotiutukset\/"]}]},{"@type":"ImageObject","inLanguage":"fi","@id":"https:\/\/casinooma.com\/fi\/nopeat-kotiutukset\/#primaryimage","url":"http:\/\/casinooma.com\/wp-content\/uploads\/2022\/11\/nopeat-kasino.png","contentUrl":"http:\/\/casinooma.com\/wp-content\/uploads\/2022\/11\/nopeat-kasino.png"},{"@type":"BreadcrumbList","@id":"https:\/\/casinooma.com\/fi\/nopeat-kotiutukset\/#breadcrumb","itemListElement":[{"@type":"ListItem","position":1,"name":"Etusivu","item":"https:\/\/casinooma.com\/fi\/"},{"@type":"ListItem","position":2,"name":"Nopeat kotiutukset\ufffc"}]},{"@type":"WebSite","@id":"https:\/\/casinooma.com\/fi\/#website","url":"https:\/\/casinooma.com\/fi\/","name":"Casinooma","description":"","publisher":{"@id":"https:\/\/casinooma.com\/fi\/#organization"},"potentialAction":[{"@type":"SearchAction","target":{"@type":"EntryPoint","urlTemplate":"https:\/\/casinooma.com\/fi\/?s={search_term_string}"},"query-input":{"@type":"PropertyValueSpecification","valueRequired":true,"valueName":"search_term_string"}}],"inLanguage":"fi"},{"@type":"Organization","@id":"https:\/\/casinooma.com\/fi\/#organization","name":"Casino Oma","url":"https:\/\/casinooma.com\/fi\/","logo":{"@type":"ImageObject","inLanguage":"fi","@id":"https:\/\/casinooma.com\/fi\/#\/schema\/logo\/image\/","url":"https:\/\/casinooma.com\/wp-content\/uploads\/2021\/05\/cropped-Casinooma-favicon.png","contentUrl":"https:\/\/casinooma.com\/wp-content\/uploads\/2021\/05\/cropped-Casinooma-favicon.png","width":512,"height":512,"caption":"Casino Oma"},"image":{"@id":"https:\/\/casinooma.com\/fi\/#\/schema\/logo\/image\/"}}]}},"_links":{"self":[{"href":"https:\/\/casinooma.com\/fi\/wp-json\/wp\/v2\/pages\/4380","targetHints":{"allow":["GET"]}}],"collection":[{"href":"https:\/\/casinooma.com\/fi\/wp-json\/wp\/v2\/pages"}],"about":[{"href":"https:\/\/casinooma.com\/fi\/wp-json\/wp\/v2\/types\/page"}],"author":[{"embeddable":true,"href":"https:\/\/casinooma.com\/fi\/wp-json\/wp\/v2\/users\/3"}],"replies":[{"embeddable":true,"href":"https:\/\/casinooma.com\/fi\/wp-json\/wp\/v2\/comments?post=4380"}],"version-history":[{"count":5,"href":"https:\/\/casinooma.com\/fi\/wp-json\/wp\/v2\/pages\/4380\/revisions"}],"predecessor-version":[{"id":4438,"href":"https:\/\/casinooma.com\/fi\/wp-json\/wp\/v2\/pages\/4380\/revisions\/4438"}],"wp:attachment":[{"href":"https:\/\/casinooma.com\/fi\/wp-json\/wp\/v2\/media?parent=4380"}],"curies":[{"name":"wp","href":"https:\/\/api.w.org\/{rel}","templated":true}]}}