{"id":4386,"date":"2022-11-08T13:17:06","date_gmt":"2022-11-08T12:17:06","guid":{"rendered":"http:\/\/casinooma.com\/?page_id=4386"},"modified":"2023-07-17T10:00:43","modified_gmt":"2023-07-17T08:00:43","slug":"verovapaat-nettikasinot","status":"publish","type":"page","link":"https:\/\/casinooma.com\/fi\/verovapaat-nettikasinot\/","title":{"rendered":"Verovapaat nettikasinot"},"content":{"rendered":"\n<h1 class=\"wp-block-heading\">Verovapaat nettikasinot<\/h1>\n\n\n\n<p>Uusia nettikasinoita, jotka on suunnattu suomalaisille pelaajille on tarjolla runsaasti. Pelaajia houkutellaan mukaan muhkeilla bonuksilla ja tervetuliaispaketeilla sek\u00e4 uskollisuusbonuksilla. Pelaaminen lisenssien alaisilla kasinoilla on laillista ja turvallista, kun tarkistaa etuk\u00e4teen kasinon luotettavuuden. Kaikki kasinot eiv\u00e4t kuitenkaan tarjoa veropaita voittoja suomalaisille pelaajille. Yleisesti&nbsp;verovapaat nettikasinot&nbsp;tunnistaa siit\u00e4, ett\u00e4 ne toimivat Maltan tai Viron pelilisenssin alaisuudessa. Aiemmin my\u00f6s Iso-Britannian ja Gibraltarin lisenssin alla toimivien kasinoiden voitot olivat verovapaita, mutta Brexitin my\u00f6t\u00e4 ne eiv\u00e4t en\u00e4\u00e4 ole verovapaita nettikasinoita. Olemme koonneet t\u00e4h\u00e4n tietoa, miten l\u00f6yd\u00e4t parhaat&nbsp;uudet&nbsp;verovapaat, <a href=\"https:\/\/casinooma.com\/fi\/\">ulkomaiset nettikasinot<\/a>.<\/p>\n\n\n\n<h2 class=\"wp-block-heading\">Uudet&nbsp;verovapaat nettikasinot<\/h2>\n\n\n\n<p>Nettikasinoita on tarjolla todella runsaasti ja uusia nettikasinoita tulee jatkuvasti. Voi tuntua vaikealta l\u00f6yt\u00e4\u00e4\u00a0uudet\u00a0<a href=\"https:\/\/verovapaatnettikasinot.eu\/\">verovapaat nettikasinot<\/a>\u00a0kaikkien mahdollisten vaihtoehtojen joukosta. Suomalaisille suunnatut\u00a0verovapaat nettikasinot\u00a0ovat aina lisensoituja nettikasinoita, jotka toimivat EU alueen pelilisenssin alaisuudessa.\u00a0Uudet\u00a0verovapaat nettikasinot\u00a0ovat hyvin yleisi\u00e4 t\u00e4n\u00e4 p\u00e4iv\u00e4n\u00e4 ja niist\u00e4 l\u00f6ytyy hyvin laaja valikoima pelej\u00e4 tunnetuilta ja luotettavilta pelistudioilta.<\/p>\n\n\n\n<h2 class=\"wp-block-heading\">Verovapaat nettikasinot&nbsp;ilman rekister\u00f6itymist\u00e4<\/h2>\n\n\n\n<p>Uudet Pay&#8217;n Play eli pikakasinot eiv\u00e4t vaadi erillist\u00e4 rekister\u00f6itymist\u00e4. Maltan pelilisenssin alaisuudessa toimii useita verovapaita nettikasinoita, joilla rekister\u00f6itymist\u00e4 ei vaadita.&nbsp;Verovapaa nettikasino&nbsp;on helppo tunnistaa juurikin kasinon pelilisenssist\u00e4. N\u00e4ill\u00e4 kasinoilla tunnistautuminen tapahtuu yleens\u00e4 suomalaisilla verkkopankkitunnuksilla.&nbsp;Verovapaat nettikasinot&nbsp;ilman rekister\u00f6itymist\u00e4&nbsp;ovat siis turvallisia, koska verkkopankkitunnuksilla teht\u00e4v\u00e4 tunnistautuminen takaa sen, ett\u00e4 korkeimmat turvastandardit ovat k\u00e4yt\u00f6ss\u00e4 eik\u00e4 pelaajien tietoja luovuteta ulkopuolisille. Pelaamaan p\u00e4\u00e4see my\u00f6s nopeasti, kun rekister\u00f6itymist\u00e4 ei vaadita.&nbsp;Verovapaat nettikasinot&nbsp;ilman rekister\u00f6itymist\u00e4&nbsp;voivat toimia my\u00f6s Viron pelilisenssin alaisuudessa. Kaikki&nbsp;verovapaat nettikasinot&nbsp;eiv\u00e4t toimi ilman rekister\u00f6itymist\u00e4. My\u00f6s&nbsp;verovapaa nettikasino&nbsp;saattaa edellytt\u00e4\u00e4 erillisen rekister\u00f6itymisen kasinon pelaajaksi.<\/p>\n\n\n\n<figure class=\"wp-block-image size-full\"><img loading=\"lazy\" decoding=\"async\" width=\"800\" height=\"350\" src=\"http:\/\/casinooma.com\/wp-content\/uploads\/2022\/11\/kasinot-ilman-rekisteroitymista.png\" alt=\"Kasinot ilman rekister\u00f6itymist\u00e4\" class=\"wp-image-4408\" srcset=\"https:\/\/casinooma.com\/wp-content\/uploads\/2022\/11\/kasinot-ilman-rekisteroitymista.png 800w, https:\/\/casinooma.com\/wp-content\/uploads\/2022\/11\/kasinot-ilman-rekisteroitymista-300x131.png 300w, https:\/\/casinooma.com\/wp-content\/uploads\/2022\/11\/kasinot-ilman-rekisteroitymista-768x336.png 768w\" sizes=\"auto, (max-width: 800px) 100vw, 800px\" \/><\/figure>\n\n\n\n<h2 class=\"wp-block-heading\">Miksi valita&nbsp;verovapaa nettikasino?<\/h2>\n\n\n\n<p>T\u00e4h\u00e4n kysymykseen l\u00f6ytyy hyvin yksinkertainen vastaus.&nbsp;Verovapaa nettikasino&nbsp;takaa sen, ettei pelaajan tarvitse maksaa veroja mahdollisista voitoistaan.&nbsp;Verovapaat nettikasinot&nbsp;ovat usein my\u00f6s turvallinen ja luotettava valinta, sill\u00e4 niiden toiminta on viranomaisten valvomaa ja toiminnassa noudatetaan voimassa olevia lakeja ja s\u00e4\u00e4d\u00f6ksi\u00e4.&nbsp;Uudet&nbsp;verovapaat nettikasinot&nbsp;hy\u00f6dynt\u00e4v\u00e4t viimeisint\u00e4 teknologiaa niin turvallisuudessa, kuin pelien toimivuudessa. T\u00e4ll\u00f6in pelikokemus on loistava pelattiin pelej\u00e4 sitten tietokoneella tai mobiililaitteella. Kyseess\u00e4&nbsp;<a href=\"https:\/\/casinooma.com\/fi\/mobiilicasinot\/\">mobiilimaksu kasinot<\/a>.<\/p>\n\n\n\n<h2 class=\"wp-block-heading\">Miten tiet\u00e4\u00e4 onko kasino&nbsp;verovapaa nettikasino?<\/h2>\n\n\n\n<p>Nettisivuilla kasino mainitsee aina tiedoissaan, mink\u00e4 pelilisenssin alaisuudessa se toimii. Tieto l\u00f6ytyy usein kasinon sivun alareunasta. Useat suomalaisille tarjottavista nettikasinoista Maltan ja Viron pelilisenssin alaisuudessa toimivat nettikasinot ovat verovapaita. Yleisesti suomalaisille on tarjolla my\u00f6s Curacaon lisenssill\u00e4 toimivia kasinoita, mutta silloin voitoista pit\u00e4\u00e4 maksaa verot Suomessa. My\u00f6sk\u00e4\u00e4n Iso-Britannian tai Gibraltarin\/ Mansaarien lisenssill\u00e4 toimivat kasinot eiv\u00e4t ole verovapaita.<\/p>\n\n\n\n<h2 class=\"wp-block-heading\">Hyv\u00e4t ja huonot puolet<\/h2>\n\n\n\n<p>Kuten kaikilla kasinoilla, my\u00f6s&nbsp;verovapaat nettikasinot&nbsp;ilman rekister\u00f6itymist\u00e4&nbsp;omaavat hyvi\u00e4 ja huonoja puolia. Se, ett\u00e4 pelaamaan p\u00e4\u00e4see nopeasti verkkopankkitunnuksilla ja <a href=\"https:\/\/casinooma.com\/fi\/nopeat-kotiutukset\/\">nopeasti toimivat rahansiirrot<\/a> sek\u00e4 verovapaat voitot ovat ehdottomasti hyvi\u00e4 puolia. Heikompia kohtia ovat sitten se, ett\u00e4 maksutavoissa ei v\u00e4ltt\u00e4m\u00e4tt\u00e4 l\u00f6ydy kuin yksi vaihtoehto ja bonuksia saattaa olla rajallisesti tarjolla ovat heikkouksia.<\/p>\n\n\n\n<p>Verovapaa nettikasino&nbsp;tarjoaa usein isompia palautusprosentteja kuin muut kasinot. Kannattaa kuitenkin pit\u00e4\u00e4 mieless\u00e4, ett\u00e4 my\u00f6s n\u00e4ill\u00e4 kasinoilla pelaaminen on aina uhkapeli\u00e4, jossa rahat voi my\u00f6s h\u00e4vit\u00e4.<\/p>\n\n\n\n<h2 class=\"wp-block-heading\">Vastuullista pelaamista<\/h2>\n\n\n\n<p>Verovapaat nettikasinot&nbsp;ovat usein panostaneet vastuulliseen pelaamiseen. Uusinta teknologiaa hy\u00f6dynt\u00e4en&nbsp;verovapaa nettikasino&nbsp;saattaa hy\u00f6dynt\u00e4\u00e4 teko\u00e4ly\u00e4 tunnistaakseen pelaajan riskik\u00e4ytt\u00e4ytymisen. Useat&nbsp;uudet&nbsp;verovapaat nettikasinot&nbsp;tarjoavat pelaajille apua ja tukea pelaamisen hallintaan. N\u00e4it\u00e4 keinoja voivat olla esimerkiksi tappiorajojen asettaminen, vapaaehtoinen peliesto, talletusrajat ja oman pelaamisen itsearvioinnin tarjoaminen. Monen kasinon asiakaspalvelu auttaa my\u00f6s silloin, jos tuntuu, ett\u00e4 pelaaminen aiheuttaa ongelmia.<\/p>\n\n\n\n<h2 class=\"wp-block-heading\">Turvallisuus ja luotettavuus<\/h2>\n\n\n\n<p>Verovapaat nettikasinot&nbsp;ilman rekister\u00f6itymist\u00e4&nbsp;ovat usein uusia nettikasinoita, joilla on k\u00e4yt\u00f6ss\u00e4\u00e4n uusin teknologia. Viranomaisten my\u00f6nt\u00e4m\u00e4 lisenssi takaa sen, ett\u00e4 toiminnassa noudatetaan lakeja ja s\u00e4\u00e4d\u00f6ksi\u00e4 ja&nbsp;verovapaa nettikasino&nbsp;on viranomaisten valvonnassa olevaa toimintaa.<\/p>\n\n\n\n<p>Teknologian tarjoamien standardien ja suojausten avulla voidaan varmistaa, ett\u00e4 rahansiirrot sek\u00e4 kasinon ja pelaajan v\u00e4lill\u00e4 liikkuvat tiedot on salattu, joten ulkopuoliset eiv\u00e4t p\u00e4\u00e4se n\u00e4ihin tietoihin k\u00e4siksi.&nbsp;Uudet&nbsp;verovapaat nettikasinot&nbsp;noudattavat my\u00f6s henkil\u00f6tietolakia eli GDPR:\u00e4\u00e4.<\/p>\n\n\n\n<h2 class=\"wp-block-heading\">Yhteenveto verovapaista nettikasinoista<\/h2>\n\n\n\n<p>Pelimarkkinoilla on todella paljon kilpailua ja uusia verovapaita nettikasinoita on runsaasti. Kaikki uudet nettikasinot eiv\u00e4t ole verovapaita, vaan kasinon pelilisenssi m\u00e4\u00e4ritt\u00e4\u00e4 sen onko kyseess\u00e4&nbsp;verovapaa nettikasino&nbsp;vai ei. EU- lisenssin alaisuudessa toimivat nettikasinot ovat verovapaita. Eli kun kasinolla on Maltan tai Viron pelilisenssi, silloin kyseess\u00e4 on&nbsp;verovapaa nettikasino.<\/p>\n\n\n\n<p>Uudet&nbsp;verovapaat nettikasinot&nbsp;ovat aina lisensoituja, mik\u00e4 tarkoittaa sit\u00e4, ett\u00e4 toiminta on viranomaisten valvomaa ja pelaaminen on turvallista. N\u00e4m\u00e4&nbsp;uudet&nbsp;verovapaat nettikasinot&nbsp;ilman rekister\u00f6itymist\u00e4&nbsp;ovat yleisi\u00e4 ja niill\u00e4 tunnistautuminen tapahtuu usein verkkopankkitunnuksilla. Aloittaakseen pelaamisen, pelaajalla tulee siis olla suomalaisen pankin henkil\u00f6kohtaiset verkkopankkitunnukset. N\u00e4ill\u00e4 kasinoilla rahansiirto tapahtuu usein reaaliaikaisesti luotettavien maksunv\u00e4litt\u00e4jien kautta.<\/p>\n\n\n\n<p>Monet suomalaisille suunnatut&nbsp;verovapaat nettikasinot&nbsp;ilman rekister\u00f6itymist\u00e4&nbsp;toimivat Maltan pelilisenssin alaisuudessa. Pelilisenssin voi aina tarkastaa nettikasinon sivuilta. N\u00e4ill\u00e4 kasinoilla on usein pelivalikoimassa suomalaisten suosimia kolikkopelej\u00e4 sek\u00e4 klassikko livekasino pelit.<\/p>\n","protected":false},"excerpt":{"rendered":"<p>Verovapaat nettikasinot Uusia nettikasinoita, jotka on suunnattu suomalaisille pelaajille on tarjolla runsaasti. Pelaajia houkutellaan mukaan muhkeilla bonuksilla ja tervetuliaispaketeilla sek\u00e4&#8230;<\/p>\n","protected":false},"author":3,"featured_media":0,"parent":0,"menu_order":0,"comment_status":"closed","ping_status":"closed","template":"","meta":{"_acf_changed":false,"footnotes":""},"class_list":["post-4386","page","type-page","status-publish","hentry"],"acf":[],"yoast_head":"<!-- This site is optimized with the Yoast SEO plugin v27.0 - https:\/\/yoast.com\/product\/yoast-seo-wordpress\/ -->\n<title>Verovapaat nettikasinot takaavat voitot verottomasti<\/title>\n<meta name=\"description\" content=\"Verovapaat nettikasinot suomalaisille pelaajille. Lue teksti ja tunnista mist\u00e4 nettikasinolta suomalaiset saavat verovapaat voitot.\" \/>\n<meta name=\"robots\" content=\"index, follow, max-snippet:-1, max-image-preview:large, max-video-preview:-1\" \/>\n<link rel=\"canonical\" href=\"https:\/\/casinooma.com\/fi\/verovapaat-nettikasinot\/\" \/>\n<meta property=\"og:locale\" content=\"fi_FI\" \/>\n<meta property=\"og:type\" content=\"article\" \/>\n<meta property=\"og:title\" content=\"Verovapaat nettikasinot takaavat voitot verottomasti\" \/>\n<meta property=\"og:description\" content=\"Verovapaat nettikasinot suomalaisille pelaajille. Lue teksti ja tunnista mist\u00e4 nettikasinolta suomalaiset saavat verovapaat voitot.\" \/>\n<meta property=\"og:url\" content=\"https:\/\/casinooma.com\/fi\/verovapaat-nettikasinot\/\" \/>\n<meta property=\"og:site_name\" content=\"Casinooma\" \/>\n<meta property=\"article:modified_time\" content=\"2023-07-17T08:00:43+00:00\" \/>\n<meta property=\"og:image\" content=\"http:\/\/casinooma.com\/wp-content\/uploads\/2022\/11\/kasinot-ilman-rekisteroitymista.png\" \/>\n<meta name=\"twitter:card\" content=\"summary_large_image\" \/>\n<meta name=\"twitter:label1\" content=\"Arvioitu lukuaika\" \/>\n\t<meta name=\"twitter:data1\" content=\"4 minuuttia\" \/>\n<script type=\"application\/ld+json\" class=\"yoast-schema-graph\">{\"@context\":\"https:\/\/schema.org\",\"@graph\":[{\"@type\":\"WebPage\",\"@id\":\"https:\/\/casinooma.com\/fi\/verovapaat-nettikasinot\/\",\"url\":\"https:\/\/casinooma.com\/fi\/verovapaat-nettikasinot\/\",\"name\":\"Verovapaat nettikasinot takaavat voitot verottomasti\",\"isPartOf\":{\"@id\":\"https:\/\/casinooma.com\/fi\/#website\"},\"primaryImageOfPage\":{\"@id\":\"https:\/\/casinooma.com\/fi\/verovapaat-nettikasinot\/#primaryimage\"},\"image\":{\"@id\":\"https:\/\/casinooma.com\/fi\/verovapaat-nettikasinot\/#primaryimage\"},\"thumbnailUrl\":\"http:\/\/casinooma.com\/wp-content\/uploads\/2022\/11\/kasinot-ilman-rekisteroitymista.png\",\"datePublished\":\"2022-11-08T12:17:06+00:00\",\"dateModified\":\"2023-07-17T08:00:43+00:00\",\"description\":\"Verovapaat nettikasinot suomalaisille pelaajille. Lue teksti ja tunnista mist\u00e4 nettikasinolta suomalaiset saavat verovapaat voitot.\",\"breadcrumb\":{\"@id\":\"https:\/\/casinooma.com\/fi\/verovapaat-nettikasinot\/#breadcrumb\"},\"inLanguage\":\"fi\",\"potentialAction\":[{\"@type\":\"ReadAction\",\"target\":[\"https:\/\/casinooma.com\/fi\/verovapaat-nettikasinot\/\"]}]},{\"@type\":\"ImageObject\",\"inLanguage\":\"fi\",\"@id\":\"https:\/\/casinooma.com\/fi\/verovapaat-nettikasinot\/#primaryimage\",\"url\":\"http:\/\/casinooma.com\/wp-content\/uploads\/2022\/11\/kasinot-ilman-rekisteroitymista.png\",\"contentUrl\":\"http:\/\/casinooma.com\/wp-content\/uploads\/2022\/11\/kasinot-ilman-rekisteroitymista.png\"},{\"@type\":\"BreadcrumbList\",\"@id\":\"https:\/\/casinooma.com\/fi\/verovapaat-nettikasinot\/#breadcrumb\",\"itemListElement\":[{\"@type\":\"ListItem\",\"position\":1,\"name\":\"Etusivu\",\"item\":\"https:\/\/casinooma.com\/fi\/\"},{\"@type\":\"ListItem\",\"position\":2,\"name\":\"Verovapaat nettikasinot\"}]},{\"@type\":\"WebSite\",\"@id\":\"https:\/\/casinooma.com\/fi\/#website\",\"url\":\"https:\/\/casinooma.com\/fi\/\",\"name\":\"Casinooma\",\"description\":\"\",\"publisher\":{\"@id\":\"https:\/\/casinooma.com\/fi\/#organization\"},\"potentialAction\":[{\"@type\":\"SearchAction\",\"target\":{\"@type\":\"EntryPoint\",\"urlTemplate\":\"https:\/\/casinooma.com\/fi\/?s={search_term_string}\"},\"query-input\":{\"@type\":\"PropertyValueSpecification\",\"valueRequired\":true,\"valueName\":\"search_term_string\"}}],\"inLanguage\":\"fi\"},{\"@type\":\"Organization\",\"@id\":\"https:\/\/casinooma.com\/fi\/#organization\",\"name\":\"Casino Oma\",\"url\":\"https:\/\/casinooma.com\/fi\/\",\"logo\":{\"@type\":\"ImageObject\",\"inLanguage\":\"fi\",\"@id\":\"https:\/\/casinooma.com\/fi\/#\/schema\/logo\/image\/\",\"url\":\"https:\/\/casinooma.com\/wp-content\/uploads\/2021\/05\/cropped-Casinooma-favicon.png\",\"contentUrl\":\"https:\/\/casinooma.com\/wp-content\/uploads\/2021\/05\/cropped-Casinooma-favicon.png\",\"width\":512,\"height\":512,\"caption\":\"Casino Oma\"},\"image\":{\"@id\":\"https:\/\/casinooma.com\/fi\/#\/schema\/logo\/image\/\"}}]}<\/script>\n<!-- \/ Yoast SEO plugin. -->","yoast_head_json":{"title":"Verovapaat nettikasinot takaavat voitot verottomasti","description":"Verovapaat nettikasinot suomalaisille pelaajille. Lue teksti ja tunnista mist\u00e4 nettikasinolta suomalaiset saavat verovapaat voitot.","robots":{"index":"index","follow":"follow","max-snippet":"max-snippet:-1","max-image-preview":"max-image-preview:large","max-video-preview":"max-video-preview:-1"},"canonical":"https:\/\/casinooma.com\/fi\/verovapaat-nettikasinot\/","og_locale":"fi_FI","og_type":"article","og_title":"Verovapaat nettikasinot takaavat voitot verottomasti","og_description":"Verovapaat nettikasinot suomalaisille pelaajille. Lue teksti ja tunnista mist\u00e4 nettikasinolta suomalaiset saavat verovapaat voitot.","og_url":"https:\/\/casinooma.com\/fi\/verovapaat-nettikasinot\/","og_site_name":"Casinooma","article_modified_time":"2023-07-17T08:00:43+00:00","og_image":[{"url":"http:\/\/casinooma.com\/wp-content\/uploads\/2022\/11\/kasinot-ilman-rekisteroitymista.png","type":"","width":"","height":""}],"twitter_card":"summary_large_image","twitter_misc":{"Arvioitu lukuaika":"4 minuuttia"},"schema":{"@context":"https:\/\/schema.org","@graph":[{"@type":"WebPage","@id":"https:\/\/casinooma.com\/fi\/verovapaat-nettikasinot\/","url":"https:\/\/casinooma.com\/fi\/verovapaat-nettikasinot\/","name":"Verovapaat nettikasinot takaavat voitot verottomasti","isPartOf":{"@id":"https:\/\/casinooma.com\/fi\/#website"},"primaryImageOfPage":{"@id":"https:\/\/casinooma.com\/fi\/verovapaat-nettikasinot\/#primaryimage"},"image":{"@id":"https:\/\/casinooma.com\/fi\/verovapaat-nettikasinot\/#primaryimage"},"thumbnailUrl":"http:\/\/casinooma.com\/wp-content\/uploads\/2022\/11\/kasinot-ilman-rekisteroitymista.png","datePublished":"2022-11-08T12:17:06+00:00","dateModified":"2023-07-17T08:00:43+00:00","description":"Verovapaat nettikasinot suomalaisille pelaajille. Lue teksti ja tunnista mist\u00e4 nettikasinolta suomalaiset saavat verovapaat voitot.","breadcrumb":{"@id":"https:\/\/casinooma.com\/fi\/verovapaat-nettikasinot\/#breadcrumb"},"inLanguage":"fi","potentialAction":[{"@type":"ReadAction","target":["https:\/\/casinooma.com\/fi\/verovapaat-nettikasinot\/"]}]},{"@type":"ImageObject","inLanguage":"fi","@id":"https:\/\/casinooma.com\/fi\/verovapaat-nettikasinot\/#primaryimage","url":"http:\/\/casinooma.com\/wp-content\/uploads\/2022\/11\/kasinot-ilman-rekisteroitymista.png","contentUrl":"http:\/\/casinooma.com\/wp-content\/uploads\/2022\/11\/kasinot-ilman-rekisteroitymista.png"},{"@type":"BreadcrumbList","@id":"https:\/\/casinooma.com\/fi\/verovapaat-nettikasinot\/#breadcrumb","itemListElement":[{"@type":"ListItem","position":1,"name":"Etusivu","item":"https:\/\/casinooma.com\/fi\/"},{"@type":"ListItem","position":2,"name":"Verovapaat nettikasinot"}]},{"@type":"WebSite","@id":"https:\/\/casinooma.com\/fi\/#website","url":"https:\/\/casinooma.com\/fi\/","name":"Casinooma","description":"","publisher":{"@id":"https:\/\/casinooma.com\/fi\/#organization"},"potentialAction":[{"@type":"SearchAction","target":{"@type":"EntryPoint","urlTemplate":"https:\/\/casinooma.com\/fi\/?s={search_term_string}"},"query-input":{"@type":"PropertyValueSpecification","valueRequired":true,"valueName":"search_term_string"}}],"inLanguage":"fi"},{"@type":"Organization","@id":"https:\/\/casinooma.com\/fi\/#organization","name":"Casino Oma","url":"https:\/\/casinooma.com\/fi\/","logo":{"@type":"ImageObject","inLanguage":"fi","@id":"https:\/\/casinooma.com\/fi\/#\/schema\/logo\/image\/","url":"https:\/\/casinooma.com\/wp-content\/uploads\/2021\/05\/cropped-Casinooma-favicon.png","contentUrl":"https:\/\/casinooma.com\/wp-content\/uploads\/2021\/05\/cropped-Casinooma-favicon.png","width":512,"height":512,"caption":"Casino Oma"},"image":{"@id":"https:\/\/casinooma.com\/fi\/#\/schema\/logo\/image\/"}}]}},"_links":{"self":[{"href":"https:\/\/casinooma.com\/fi\/wp-json\/wp\/v2\/pages\/4386","targetHints":{"allow":["GET"]}}],"collection":[{"href":"https:\/\/casinooma.com\/fi\/wp-json\/wp\/v2\/pages"}],"about":[{"href":"https:\/\/casinooma.com\/fi\/wp-json\/wp\/v2\/types\/page"}],"author":[{"embeddable":true,"href":"https:\/\/casinooma.com\/fi\/wp-json\/wp\/v2\/users\/3"}],"replies":[{"embeddable":true,"href":"https:\/\/casinooma.com\/fi\/wp-json\/wp\/v2\/comments?post=4386"}],"version-history":[{"count":5,"href":"https:\/\/casinooma.com\/fi\/wp-json\/wp\/v2\/pages\/4386\/revisions"}],"predecessor-version":[{"id":5573,"href":"https:\/\/casinooma.com\/fi\/wp-json\/wp\/v2\/pages\/4386\/revisions\/5573"}],"wp:attachment":[{"href":"https:\/\/casinooma.com\/fi\/wp-json\/wp\/v2\/media?parent=4386"}],"curies":[{"name":"wp","href":"https:\/\/api.w.org\/{rel}","templated":true}]}}