{"id":4389,"date":"2022-11-08T13:18:11","date_gmt":"2022-11-08T12:18:11","guid":{"rendered":"http:\/\/casinooma.com\/?page_id=4389"},"modified":"2024-12-18T11:55:24","modified_gmt":"2024-12-18T10:55:24","slug":"mobiilicasinot","status":"publish","type":"page","link":"https:\/\/casinooma.com\/fi\/mobiilicasinot\/","title":{"rendered":"Mobiilicasinot"},"content":{"rendered":"\n<h1 class=\"wp-block-heading\">Mobiilicasinot<\/h1>\n\n\n\n<p>Casinooma on kattava sivusto jossa ovat&nbsp;parhaat&nbsp;mobiilicasinot&nbsp;kaikille kasinopelaamisesta kiinnostuneille. Sivustolla on paljon tarjottavaa pelaajille, jotka ovat kiinnostuneita pelaamisesta mobiilionline kasinolla.&nbsp;Mobiilicasinot&nbsp;ovat tehneet tuloaan ja ovat saaneet hyvin lyhyess\u00e4 ajassa suuren suosion pelaamisen helpouden ansioista. Kasinoilla on runsaasti eroja sivustojen k\u00e4ytett\u00e4vyydess\u00e4, tyylikkyydess\u00e4 sek\u00e4 pelivalikoimassa, mutta itse pelaamiseen tarviset vain \u00e4lypuhelimen, nettiyhteyden ja verkkopankkitunnukset. T\u00e4m\u00e4 opas kertoo kaiken tarvittavan Casino<\/p>\n\n\n\n<p>oma.comista jossa on on&nbsp;parhaat&nbsp;mobiilicasinot. Saat tietoa erilaisista peleist\u00e4 ja l\u00f6yd\u00e4t varmasti itsellesi runsaasta pelivalikoimasta parhaimman kasinopelin.<\/p>\n\n\n\n<h2 class=\"wp-block-heading\">Tervetuloa kasinolle &#8211; 2024<\/h2>\n\n\n\n<p>Olemme iloisia ett\u00e4 voimme tarjota sinulle&nbsp;parhaat&nbsp;mobiilicasinot&nbsp;ja suuren pelivalikoiman, jossa on kaikille jotain. Monen vuoden kokemuksemme ansiosta voimme asiantuntevasti jakaa mobiilicasinoiden tulevaisuuden kanssasi. Olemme iloisia voidessamme tarjota sinulle parhaat arvostelut l\u00f6yd\u00f6ist\u00e4mme eri mobiilicasinoilla. Lis\u00e4ksi tarjoamme mielell\u00e4mme ohjeita suosikkipeleihisi, suosituksia erilaisista ja menestyneist\u00e4 strategioista sek\u00e4 paljon muuta.&nbsp;Mobiilicasinot&nbsp;ovat lyhyesti sanottuna mobiilikasinoita, jolla pelaamiseen tarvitaan mobiililaite, nettiyhteys ja verkkopankkitunnukset. Voit itse valita paikan miss\u00e4 pelata! Ja maksaminen onnistuu vaivattomasti mobiilimaksulla, onhan kyseess\u00e4&nbsp;mobiilimaksu kasinot.&nbsp;Mobiilicasinot&nbsp;eiv\u00e4t omaa suomalaista pelilisenssi\u00e4, joten&nbsp;mobiilicasinot&nbsp;ovat joustavampia ja vapaampia monessa suhteessa verrattuna suomalaisiin pelisivustoihin.<\/p>\n\n\n\n<figure class=\"wp-block-image size-full\"><img loading=\"lazy\" decoding=\"async\" width=\"800\" height=\"350\" src=\"http:\/\/casinooma.com\/wp-content\/uploads\/2022\/11\/mobiilicasinot.png\" alt=\"Mobiilicasinot\" class=\"wp-image-4412\" srcset=\"https:\/\/casinooma.com\/wp-content\/uploads\/2022\/11\/mobiilicasinot.png 800w, https:\/\/casinooma.com\/wp-content\/uploads\/2022\/11\/mobiilicasinot-300x131.png 300w, https:\/\/casinooma.com\/wp-content\/uploads\/2022\/11\/mobiilicasinot-768x336.png 768w\" sizes=\"auto, (max-width: 800px) 100vw, 800px\" \/><\/figure>\n\n\n\n<h3 class=\"wp-block-heading\">Odotukset Casinoomalta<\/h3>\n\n\n\n<p><a href=\"https:\/\/casinooma.com\/fi\/\">Casinooma.com<\/a> sivulta l\u00f6yd\u00e4t&nbsp;mobiilicasinot&nbsp;ja voit odottaa kasinobonuksia sek\u00e4 muita mielenkiintoisia tarjouksia. Tietenkin haluat valita&nbsp;mobiilicasinot&nbsp;joissa pelaaminen onnistuu ongelmitta ja helposti kotisohvalta k\u00e4sin. T\u00e4m\u00e4n vuoksi Casinooma.com on koonnut arvosteluja monista tunnetuista ja vakiintuneista mobiilicasinoista, sek\u00e4 uusista onnenpelien tarjoajista, erityisesti sinua varten. T\u00e4ss\u00e4 katsauksessa k\u00e4sittelemme laajasti kaikkia mobiilikasinoiden n\u00e4k\u00f6kohtia, mukaan lukien houkuttelevimmat bonukset, kasinopelit, erilaiset tavat ottaa yhteytt\u00e4 asiakaspalveluun ja heid\u00e4n ammattitaitonsa. N\u00e4m\u00e4 ovat vain muutamia kriteerej\u00e4, jotka sis\u00e4llyt\u00e4mme online-kasinoarvioihimme. Alpuolella ovat yksinkertaiset ohjeet pelaamisen aloittamiseksi. Pelaamisen aloittaminen vaihe vaiheelta:<\/p>\n\n\n\n<ol class=\"wp-block-list\">\n<li>Aloita pelaaminen. Tarvittava aika rekister\u00f6innin suorittamiseen on yleens\u00e4 muutama minuutti. Mobiilikasinolla pelaamisen aloittaminen on eritt\u00e4in helppoa. Sinun tarvitsee vain valita\u00a0mobiilicasinot, joilla haluat pelata, luoda pelitili ja tehd\u00e4 ensimm\u00e4inen talletuksesi \u2013 sen j\u00e4lkeen pelaamisen aloittaminen on ilmaista.<\/li>\n\n\n\n<li>Rekister\u00f6intiprosessi mobiilikasinoilla n\u00e4ytt\u00e4\u00e4 usein hyvin helpolta. T\u00e4yt\u00e4t lomakkeen henkil\u00f6tiedoillasi, p\u00e4\u00e4t\u00e4t k\u00e4ytt\u00e4j\u00e4tunnuksesta ja salasanasta, joita k\u00e4ytet\u00e4\u00e4n my\u00f6hemmin kirjautumiseen. Yleens\u00e4 sinun on my\u00f6s aktivoitava pelitilisi napsauttamalla s\u00e4hk\u00f6postilla saamaasi linkki\u00e4 tai kirjoittamalla tekstiviestill\u00e4 saamasi koodi. On my\u00f6s mobiilikasinoita joilla maksu tapahtuu mobiilimaksuna t\u00e4ll\u00f6in rekister\u00f6inti\u00e4 ei v\u00e4ltt\u00e4m\u00e4tt\u00e4 tarvita.<\/li>\n\n\n\n<li>Tee ensimm\u00e4inen talletuksesi: Kun olet luonut pelitilisi, voit vapaasti tehd\u00e4 ensimm\u00e4isen talletuksesi. Valitset maksutavan, sy\u00f6t\u00e4t talletettavan summan ja seuraat n\u00e4yt\u00f6n ohjeita. Mobiilikasinoilla on my\u00f6s mahdollista maksaa talletus mobiilimaksuna. T\u00e4ss\u00e4 vaiheessa on yleens\u00e4 my\u00f6s mahdollista saada tervetulobonus. Joskus sinun on sy\u00f6tett\u00e4v\u00e4 bonuskoodi, mutta yleens\u00e4 riitt\u00e4\u00e4, ett\u00e4 hyv\u00e4ksyt bonuksen napsauttamalla tietty\u00e4 ruutua. Tervetulobonus on yleens\u00e4 yhteydess\u00e4 talletuksen m\u00e4\u00e4r\u00e4\u00e4n. Yhteist\u00e4 monille ulkomaisille kasinoille on, ett\u00e4 ne tarjoavat nopeat ja sujuvat talletusprosessit, mik\u00e4 tekee pelaamisen aloittamisesta eritt\u00e4in helppoa.<\/li>\n\n\n\n<li>Aloita pelaaminen. Heti kun talletuksesi on saapunut pelitilillesi, voit aloittaa pelaamisen valitsemassasi peliss\u00e4.<\/li>\n<\/ol>\n\n\n\n<h4 class=\"wp-block-heading\">Vertailut ja suositukset &#8211;&nbsp;mobiilicasinot<\/h4>\n\n\n\n<p>Voisimme yksinkertaisesti esitt\u00e4\u00e4 sinulle vain luettelon eri mobiilikasinoista, joissa on eniten pelej\u00e4, tai kasinon, joka lupaa korkeimman ensitalletusbonuksen. Casinooma.comissa emme halua olla vain pelkk\u00e4&nbsp;mobiilikasinot&nbsp;vertailusivusto vaan haluamme tarjota sinulle parasta tietoa, jotta voit tehd\u00e4 tietoisen valinnan sinulle parhaiten sopivasta mobiilikasinosta. Parhaan tiedon tarjoaminen vaatii kuitenkin paljon muutakin kuin pelk\u00e4n vertailun. Esimerkiksi suurimmilla bonuksilla voi olla huonoimmat bonusehdot. Toisaalta mobiilikasino voi tarjota alhaisen bonuksen, mutta hyvill\u00e4 ja reiluilla bonusehdoilla. Pyrimme ker\u00e4\u00e4m\u00e4\u00e4n sinulle tarkkoja ja rehellisi\u00e4 tietoja jotta voimme suositella parhaita mobiilikasinoita. Ker\u00e4\u00e4mme t\u00e4h\u00e4n sivustoon tietoa kaikkista mobiilikasinoista jotta p\u00e4\u00e4t\u00f6ksen tekeminen parhaasta mobiilicasinosta olisi sinulle helppoa!<\/p>\n\n\n\n<h5 class=\"wp-block-heading\">Uusimmat tiedot &#8211;&nbsp;mobiilicasinot<\/h5>\n\n\n\n<p>Ker\u00e4\u00e4mme kokoajan uutta tietoa parhaista mobiilicasinoista, erilaisista peleist\u00e4, bonuksista sek\u00e4 niiden turvallisuudesta. Casinooma on listannut my\u00f6s parhaat&nbsp;mobiilimaksu kasinot, jossa ovat kattavimmat tervetulobonukset ja <a href=\"https:\/\/casinooma.com\/fi\/nopeat-kotiutukset\/\">nopeat kotiutukset<\/a>. Sivusto pit\u00e4\u00e4 tarkasti silm\u00e4ll\u00e4 kaikkea peleihin liittyv\u00e4\u00e4 ja antaa sinulle v\u00e4litt\u00f6m\u00e4sti ajantasaisimmat tiedot. Mik\u00e4\u00e4n uusi mobiilikasino ei j\u00e4\u00e4 huomaamatta ilman ett\u00e4 Casinooma jakaa rehellisi\u00e4 havaintojaan kanssasi. Casinooma tutkii v\u00e4litt\u00f6m\u00e4sti kaikki vahvuudet ja heikkoudet tehd\u00e4kseen valinnan helpommaksi. Mobiilicasinoiden arvostelujen lis\u00e4ksi haluamme tietysti pit\u00e4\u00e4 sinut ajan tasalla viimeisimmist\u00e4 pelien kehityksest\u00e4 ja pelintarjoajista. Mik\u00e4\u00e4n ei j\u00e4\u00e4 huomaamatta Casinooman kaikkin\u00e4kev\u00e4lle silm\u00e4lle!<\/p>\n\n\n\n<h6 class=\"wp-block-heading\">Ohjeita ja vinkkej\u00e4<\/h6>\n\n\n\n<p>Lis\u00e4ksi kukapa ei haluaisi auttavaa k\u00e4tt\u00e4 mobiilikasinojen voittojen maksimoinnissa, parhaiden pelivaihtoehtojen valinnassa ja kaikkien online-kasinoiden l\u00e4pikotaisin oppimisessa ilman turhaa vaivaa. N\u00e4it\u00e4 seikkoja silm\u00e4ll\u00e4 pit\u00e4en olemme Casinooma.comissa laatineet useita vaiheittaisia \u200b\u200bohjeita verkkosivuillemme jonka avulla voit optimoida taitosi suosikkipeliss\u00e4si ja maksimoida my\u00f6s voittosi. Opit uusia pelistrategioita jotka tekev\u00e4t pelikokemuksesta positiivisemman mutta my\u00f6s entist\u00e4 tuottavamman. Suosikkipelisi pelaaminen viimeisimm\u00e4ll\u00e4 tiedolla on sinulle erityisen helppoa!<\/p>\n\n\n\n<h6 class=\"wp-block-heading\">Mobiilicasinot&nbsp;yhteis\u00f6 Casinooma<\/h6>\n\n\n\n<p>Mik\u00e4 est\u00e4\u00e4 sinua tulemasta osaksi Casinooma.com perhett\u00e4? Mobiilicasinofanit ovat jo Casinooma.comissa. Meill\u00e4 on sinulle niin paljon mielenkiintoista, hy\u00f6dyllist\u00e4 ja rehellist\u00e4 tietoa mobiilicasinoista, ettemme voi olla kuvittelematta sinun istuvan sohvallasi selaamassa sivustoamme sek\u00e4 etsim\u00e4ss\u00e4 vastauksia kaikkiin kysymyksiisi. Emme my\u00f6sk\u00e4\u00e4n halua piilottaa sinulta avainta menestykseen peliseikkailussasi! Toivotamme sinut tervetulleeksi Casinoomaan, haluamme esittell\u00e4 sinulle uusimmat pelit ja auttaa sinua valitsemaan mieltymyksiisi parhaiten sopivat&nbsp;mobiilikasinot. Vaikka tie menestykseen on helpompaa avullamme, muista ett\u00e4 pelaat oikealla rahalla. Siksi pelaa vastuullisesti ja muista ett\u00e4 saatat menett\u00e4\u00e4 vedon. Jos tarvitset apua, meill\u00e4 on my\u00f6s n\u00e4iden viranomaisten yhteystiedot. Lopuksi haluamme toivottaa sinulle menestyst\u00e4 ja tietysti paljon hauskaa uhkapeliseikkailusi aikana! \u00c4l\u00e4 tuhlaa aikaasi, vaan vetoa nopeasti! Jos tarvitset meit\u00e4 lis\u00e4\u00e4, voit aina ottaa meihin yhteytt\u00e4, olemme sinua varten ja autamme mielell\u00e4mme asikaspalvelussamme.<\/p>\n","protected":false},"excerpt":{"rendered":"<p>Mobiilicasinot Casinooma on kattava sivusto jossa ovat&nbsp;parhaat&nbsp;mobiilicasinot&nbsp;kaikille kasinopelaamisesta kiinnostuneille. Sivustolla on paljon tarjottavaa pelaajille, jotka ovat kiinnostuneita pelaamisesta mobiilionline kasinolla.&nbsp;Mobiilicasinot&nbsp;ovat&#8230;<\/p>\n","protected":false},"author":3,"featured_media":0,"parent":0,"menu_order":0,"comment_status":"closed","ping_status":"closed","template":"","meta":{"_acf_changed":false,"footnotes":""},"class_list":["post-4389","page","type-page","status-publish","hentry"],"acf":[],"yoast_head":"<!-- This site is optimized with the Yoast SEO plugin v27.0 - https:\/\/yoast.com\/product\/yoast-seo-wordpress\/ -->\n<title>Casinooma.com mobiilicasinot ja peliarvostelusivusto<\/title>\n<meta name=\"description\" content=\"Casinoomassa ovat mobiilicasinot, jossa voit pelata erilaisia kasinopelej\u00e4. Mik\u00e4li omistat verkkopankkitunnukset voit siirty\u00e4 pelaamaa.\" \/>\n<meta name=\"robots\" content=\"index, follow, max-snippet:-1, max-image-preview:large, max-video-preview:-1\" \/>\n<link rel=\"canonical\" href=\"https:\/\/casinooma.com\/fi\/mobiilicasinot\/\" \/>\n<meta property=\"og:locale\" content=\"fi_FI\" \/>\n<meta property=\"og:type\" content=\"article\" \/>\n<meta property=\"og:title\" content=\"Casinooma.com mobiilicasinot ja peliarvostelusivusto\" \/>\n<meta property=\"og:description\" content=\"Casinoomassa ovat mobiilicasinot, jossa voit pelata erilaisia kasinopelej\u00e4. Mik\u00e4li omistat verkkopankkitunnukset voit siirty\u00e4 pelaamaa.\" \/>\n<meta property=\"og:url\" content=\"https:\/\/casinooma.com\/fi\/mobiilicasinot\/\" \/>\n<meta property=\"og:site_name\" content=\"Casinooma\" \/>\n<meta property=\"article:modified_time\" content=\"2024-12-18T10:55:24+00:00\" \/>\n<meta property=\"og:image\" content=\"https:\/\/casinooma.com\/wp-content\/uploads\/2022\/11\/mobiilicasinot.png\" \/>\n\t<meta property=\"og:image:width\" content=\"800\" \/>\n\t<meta property=\"og:image:height\" content=\"350\" \/>\n\t<meta property=\"og:image:type\" content=\"image\/png\" \/>\n<meta name=\"twitter:card\" content=\"summary_large_image\" \/>\n<meta name=\"twitter:label1\" content=\"Arvioitu lukuaika\" \/>\n\t<meta name=\"twitter:data1\" content=\"4 minuuttia\" \/>\n<script type=\"application\/ld+json\" class=\"yoast-schema-graph\">{\"@context\":\"https:\/\/schema.org\",\"@graph\":[{\"@type\":\"WebPage\",\"@id\":\"https:\/\/casinooma.com\/fi\/mobiilicasinot\/\",\"url\":\"https:\/\/casinooma.com\/fi\/mobiilicasinot\/\",\"name\":\"Casinooma.com mobiilicasinot ja peliarvostelusivusto\",\"isPartOf\":{\"@id\":\"https:\/\/casinooma.com\/fi\/#website\"},\"primaryImageOfPage\":{\"@id\":\"https:\/\/casinooma.com\/fi\/mobiilicasinot\/#primaryimage\"},\"image\":{\"@id\":\"https:\/\/casinooma.com\/fi\/mobiilicasinot\/#primaryimage\"},\"thumbnailUrl\":\"http:\/\/casinooma.com\/wp-content\/uploads\/2022\/11\/mobiilicasinot.png\",\"datePublished\":\"2022-11-08T12:18:11+00:00\",\"dateModified\":\"2024-12-18T10:55:24+00:00\",\"description\":\"Casinoomassa ovat mobiilicasinot, jossa voit pelata erilaisia kasinopelej\u00e4. Mik\u00e4li omistat verkkopankkitunnukset voit siirty\u00e4 pelaamaa.\",\"breadcrumb\":{\"@id\":\"https:\/\/casinooma.com\/fi\/mobiilicasinot\/#breadcrumb\"},\"inLanguage\":\"fi\",\"potentialAction\":[{\"@type\":\"ReadAction\",\"target\":[\"https:\/\/casinooma.com\/fi\/mobiilicasinot\/\"]}]},{\"@type\":\"ImageObject\",\"inLanguage\":\"fi\",\"@id\":\"https:\/\/casinooma.com\/fi\/mobiilicasinot\/#primaryimage\",\"url\":\"http:\/\/casinooma.com\/wp-content\/uploads\/2022\/11\/mobiilicasinot.png\",\"contentUrl\":\"http:\/\/casinooma.com\/wp-content\/uploads\/2022\/11\/mobiilicasinot.png\"},{\"@type\":\"BreadcrumbList\",\"@id\":\"https:\/\/casinooma.com\/fi\/mobiilicasinot\/#breadcrumb\",\"itemListElement\":[{\"@type\":\"ListItem\",\"position\":1,\"name\":\"Etusivu\",\"item\":\"https:\/\/casinooma.com\/fi\/\"},{\"@type\":\"ListItem\",\"position\":2,\"name\":\"Mobiilicasinot\"}]},{\"@type\":\"WebSite\",\"@id\":\"https:\/\/casinooma.com\/fi\/#website\",\"url\":\"https:\/\/casinooma.com\/fi\/\",\"name\":\"Casinooma\",\"description\":\"\",\"publisher\":{\"@id\":\"https:\/\/casinooma.com\/fi\/#organization\"},\"potentialAction\":[{\"@type\":\"SearchAction\",\"target\":{\"@type\":\"EntryPoint\",\"urlTemplate\":\"https:\/\/casinooma.com\/fi\/?s={search_term_string}\"},\"query-input\":{\"@type\":\"PropertyValueSpecification\",\"valueRequired\":true,\"valueName\":\"search_term_string\"}}],\"inLanguage\":\"fi\"},{\"@type\":\"Organization\",\"@id\":\"https:\/\/casinooma.com\/fi\/#organization\",\"name\":\"Casino Oma\",\"url\":\"https:\/\/casinooma.com\/fi\/\",\"logo\":{\"@type\":\"ImageObject\",\"inLanguage\":\"fi\",\"@id\":\"https:\/\/casinooma.com\/fi\/#\/schema\/logo\/image\/\",\"url\":\"https:\/\/casinooma.com\/wp-content\/uploads\/2021\/05\/cropped-Casinooma-favicon.png\",\"contentUrl\":\"https:\/\/casinooma.com\/wp-content\/uploads\/2021\/05\/cropped-Casinooma-favicon.png\",\"width\":512,\"height\":512,\"caption\":\"Casino Oma\"},\"image\":{\"@id\":\"https:\/\/casinooma.com\/fi\/#\/schema\/logo\/image\/\"}}]}<\/script>\n<!-- \/ Yoast SEO plugin. -->","yoast_head_json":{"title":"Casinooma.com mobiilicasinot ja peliarvostelusivusto","description":"Casinoomassa ovat mobiilicasinot, jossa voit pelata erilaisia kasinopelej\u00e4. Mik\u00e4li omistat verkkopankkitunnukset voit siirty\u00e4 pelaamaa.","robots":{"index":"index","follow":"follow","max-snippet":"max-snippet:-1","max-image-preview":"max-image-preview:large","max-video-preview":"max-video-preview:-1"},"canonical":"https:\/\/casinooma.com\/fi\/mobiilicasinot\/","og_locale":"fi_FI","og_type":"article","og_title":"Casinooma.com mobiilicasinot ja peliarvostelusivusto","og_description":"Casinoomassa ovat mobiilicasinot, jossa voit pelata erilaisia kasinopelej\u00e4. Mik\u00e4li omistat verkkopankkitunnukset voit siirty\u00e4 pelaamaa.","og_url":"https:\/\/casinooma.com\/fi\/mobiilicasinot\/","og_site_name":"Casinooma","article_modified_time":"2024-12-18T10:55:24+00:00","og_image":[{"width":800,"height":350,"url":"https:\/\/casinooma.com\/wp-content\/uploads\/2022\/11\/mobiilicasinot.png","type":"image\/png"}],"twitter_card":"summary_large_image","twitter_misc":{"Arvioitu lukuaika":"4 minuuttia"},"schema":{"@context":"https:\/\/schema.org","@graph":[{"@type":"WebPage","@id":"https:\/\/casinooma.com\/fi\/mobiilicasinot\/","url":"https:\/\/casinooma.com\/fi\/mobiilicasinot\/","name":"Casinooma.com mobiilicasinot ja peliarvostelusivusto","isPartOf":{"@id":"https:\/\/casinooma.com\/fi\/#website"},"primaryImageOfPage":{"@id":"https:\/\/casinooma.com\/fi\/mobiilicasinot\/#primaryimage"},"image":{"@id":"https:\/\/casinooma.com\/fi\/mobiilicasinot\/#primaryimage"},"thumbnailUrl":"http:\/\/casinooma.com\/wp-content\/uploads\/2022\/11\/mobiilicasinot.png","datePublished":"2022-11-08T12:18:11+00:00","dateModified":"2024-12-18T10:55:24+00:00","description":"Casinoomassa ovat mobiilicasinot, jossa voit pelata erilaisia kasinopelej\u00e4. Mik\u00e4li omistat verkkopankkitunnukset voit siirty\u00e4 pelaamaa.","breadcrumb":{"@id":"https:\/\/casinooma.com\/fi\/mobiilicasinot\/#breadcrumb"},"inLanguage":"fi","potentialAction":[{"@type":"ReadAction","target":["https:\/\/casinooma.com\/fi\/mobiilicasinot\/"]}]},{"@type":"ImageObject","inLanguage":"fi","@id":"https:\/\/casinooma.com\/fi\/mobiilicasinot\/#primaryimage","url":"http:\/\/casinooma.com\/wp-content\/uploads\/2022\/11\/mobiilicasinot.png","contentUrl":"http:\/\/casinooma.com\/wp-content\/uploads\/2022\/11\/mobiilicasinot.png"},{"@type":"BreadcrumbList","@id":"https:\/\/casinooma.com\/fi\/mobiilicasinot\/#breadcrumb","itemListElement":[{"@type":"ListItem","position":1,"name":"Etusivu","item":"https:\/\/casinooma.com\/fi\/"},{"@type":"ListItem","position":2,"name":"Mobiilicasinot"}]},{"@type":"WebSite","@id":"https:\/\/casinooma.com\/fi\/#website","url":"https:\/\/casinooma.com\/fi\/","name":"Casinooma","description":"","publisher":{"@id":"https:\/\/casinooma.com\/fi\/#organization"},"potentialAction":[{"@type":"SearchAction","target":{"@type":"EntryPoint","urlTemplate":"https:\/\/casinooma.com\/fi\/?s={search_term_string}"},"query-input":{"@type":"PropertyValueSpecification","valueRequired":true,"valueName":"search_term_string"}}],"inLanguage":"fi"},{"@type":"Organization","@id":"https:\/\/casinooma.com\/fi\/#organization","name":"Casino Oma","url":"https:\/\/casinooma.com\/fi\/","logo":{"@type":"ImageObject","inLanguage":"fi","@id":"https:\/\/casinooma.com\/fi\/#\/schema\/logo\/image\/","url":"https:\/\/casinooma.com\/wp-content\/uploads\/2021\/05\/cropped-Casinooma-favicon.png","contentUrl":"https:\/\/casinooma.com\/wp-content\/uploads\/2021\/05\/cropped-Casinooma-favicon.png","width":512,"height":512,"caption":"Casino Oma"},"image":{"@id":"https:\/\/casinooma.com\/fi\/#\/schema\/logo\/image\/"}}]}},"_links":{"self":[{"href":"https:\/\/casinooma.com\/fi\/wp-json\/wp\/v2\/pages\/4389","targetHints":{"allow":["GET"]}}],"collection":[{"href":"https:\/\/casinooma.com\/fi\/wp-json\/wp\/v2\/pages"}],"about":[{"href":"https:\/\/casinooma.com\/fi\/wp-json\/wp\/v2\/types\/page"}],"author":[{"embeddable":true,"href":"https:\/\/casinooma.com\/fi\/wp-json\/wp\/v2\/users\/3"}],"replies":[{"embeddable":true,"href":"https:\/\/casinooma.com\/fi\/wp-json\/wp\/v2\/comments?post=4389"}],"version-history":[{"count":5,"href":"https:\/\/casinooma.com\/fi\/wp-json\/wp\/v2\/pages\/4389\/revisions"}],"predecessor-version":[{"id":5893,"href":"https:\/\/casinooma.com\/fi\/wp-json\/wp\/v2\/pages\/4389\/revisions\/5893"}],"wp:attachment":[{"href":"https:\/\/casinooma.com\/fi\/wp-json\/wp\/v2\/media?parent=4389"}],"curies":[{"name":"wp","href":"https:\/\/api.w.org\/{rel}","templated":true}]}}