{"id":5445,"date":"2023-05-11T11:24:38","date_gmt":"2023-05-11T09:24:38","guid":{"rendered":"http:\/\/casinooma.com\/?page_id=5445"},"modified":"2023-05-11T11:24:39","modified_gmt":"2023-05-11T09:24:39","slug":"euteller-kasinot","status":"publish","type":"page","link":"https:\/\/casinooma.com\/fi\/euteller-kasinot\/","title":{"rendered":"Euteller kasinot"},"content":{"rendered":"\n<h1 class=\"wp-block-heading\">Euteller kasinot<\/h1>\n\n\n\n<p>Vuonna 2007 perustettiin suomalainen Euteller maksupalveluntarjoaja, joka on sittemmin yleistynyt hyvin paljon kasinoilla. Palvelu haluaa helpottaa maksupalvelujen k\u00e4ytt\u00e4mist\u00e4 ja t\u00e4m\u00e4 on hyv\u00e4 juttu my\u00f6s kasinopelaajille. Finanssivalvonta valvoo Eutellerin toimintaa ja kyseisell\u00e4 toimijalla on maksulaitostoimilupa.<\/p>\n\n\n\n<figure class=\"wp-block-image size-full\"><img loading=\"lazy\" decoding=\"async\" width=\"800\" height=\"350\" src=\"http:\/\/casinooma.com\/wp-content\/uploads\/2023\/05\/euteller-kasinot.png\" alt=\"Euteller kasinot\" class=\"wp-image-5447\" srcset=\"https:\/\/casinooma.com\/wp-content\/uploads\/2023\/05\/euteller-kasinot.png 800w, https:\/\/casinooma.com\/wp-content\/uploads\/2023\/05\/euteller-kasinot-300x131.png 300w, https:\/\/casinooma.com\/wp-content\/uploads\/2023\/05\/euteller-kasinot-768x336.png 768w\" sizes=\"auto, (max-width: 800px) 100vw, 800px\" \/><\/figure>\n\n\n\n<h2 class=\"wp-block-heading\">Eutellerin luotettavuus<\/h2>\n\n\n\n<p>Moni miettii aina maksupalveluita k\u00e4ytett\u00e4ess\u00e4, kuinka luotettavia maksupalvelut ovat. Omia tietojaan ei halua antaa mille tahansa kasinolle ja my\u00f6sk\u00e4\u00e4n omia korttien tietoja ei ole mukava sy\u00f6tt\u00e4\u00e4 palveluun, jos ei ole varma sen luotettavuudesta. Euteller on kuitenkin t\u00e4ysin suomalainen, joten suomalaisten on helppo luottaa siihen. Sen k\u00e4ytt\u00f6 on nettikasinollakin turvallista.<\/p>\n\n\n\n<h2 class=\"wp-block-heading\">Mitk\u00e4 ovat parhaita Euteller kasinoita?<\/h2>\n\n\n\n<p>Kasinon, joka tarjoaa Eutelleri\u00e4 maksupalveluna, tunnistaa helposti kasinon sivuilta l\u00f6ytyv\u00e4st\u00e4 Eutellerin logosta. Kuitenkaan kaikki kasinot eiv\u00e4t tarjoa t\u00e4t\u00e4 suomalaista palveluntarjoajaa maksuvaihtoehtoinaan. Jos olet etsim\u00e4ss\u00e4 juuri Euteller kasinoa, voi sen l\u00f6yt\u00e4minen ollakin hankalaa, mutta logo on aina varma tapa tunnistaa t\u00e4m\u00e4nlainen kasino.<\/p>\n\n\n\n<p>Eutelleri\u00e4 hy\u00f6dynt\u00e4vi\u00e4 kasinoita on hankala laittaa parhaimmuusj\u00e4rjestykseen, mutta olemme etsineet sinulle muutaman esimerkkikasinon, jossa voit maksaa Eutellerin avulla. Kaikki&nbsp;<a href=\"https:\/\/casinooma.com\/fi\/\" rel=\"noreferrer noopener\" target=\"_blank\">ulkomaiset nettikasinot<\/a>&nbsp;eiv\u00e4t aina tarjoa Eutelleri\u00e4 maksuvaihtoehdoissaan, mutta suomalaisille suomalaisuus voi olla t\u00e4rke\u00e4 kriteeri kasinoa valittaessa.<\/p>\n\n\n\n<h3 class=\"wp-block-heading\">Videoslots<\/h3>\n\n\n\n<p>Alunperin vuonna 2011 perustettu Videoslots toi markkinoille suomenkielisen version vuonna 2014. Kyseess\u00e4 on ruotslainen kasino, joka on perustanut toimintansa millek\u00e4s muullekaan kuin slottipeleille. Kuitenkin muitakin pelej\u00e4 on saatavilla, mutta kasinon p\u00e4\u00e4paino on sloteissa. Yhteens\u00e4 pelej\u00e4 on jopa yli 1200. Kasinolle voi tehd\u00e4 talletuksia Eutellerin avulla. Kasino tarjoaa simppeli\u00e4 hauskanpitoa suomalaisella maksupalvelulla!<\/p>\n\n\n\n<h3 class=\"wp-block-heading\">Spinz<\/h3>\n\n\n\n<p>Vuonna 2022 ilmestynyt kasino oli hittituote ainakin tuolloin, mutta eip\u00e4 sen suosio ole viel\u00e4k\u00e4\u00e4n hirve\u00e4sti v\u00e4hentynyt. Tarjolla on jopa 300 euron bonus ja 100 ilmaiskierrosta. Monesti Eutelleri\u00e4 hy\u00f6dynt\u00e4v\u00e4t kasinot ovat laadukkaita ja niin on my\u00f6s Spinz. Suomenkielisell\u00e4 kasinolla on mukava pelata, jonka lis\u00e4ksi voitot ovat verovapaita suomalaisille. Laadukkaat pelit esimerkiksi NetEntilt\u00e4 ja Microgamingilt\u00e4 viihdytt\u00e4v\u00e4t varmasti. Euteller toimii Spinzill\u00e4 t\u00e4ysin ilmain veloitusta.&nbsp;<a href=\"https:\/\/casinooma.com\/fi\/verovapaat-nettikasinot\/\" rel=\"noreferrer noopener\" target=\"_blank\">Verovapaat nettikasinot<\/a>&nbsp;ovat monelle suomalaiselle my\u00f6s t\u00e4rke\u00e4 kriteeri kasinoa valittaessa.<\/p>\n\n\n\n<p>Mr Green<\/p>\n\n\n\n<p>Vuonna 2007 perustettu monen suomalaisen tuntema Mr Green kasino hy\u00f6dynt\u00e4\u00e4 my\u00f6s Eutelleria maksuvaihtoehtona. Kasino on suomen kielinen ja se tarjoaa tervetulobonuksen kaikille uusille pelaajille. Talletustakaan ei tarvitse kasinolle tehd\u00e4, jotta voi jo saada jotain etuja. Ilmaiskierroksia on siis tarjolla valikoituihin peleihin ilman talletustakin.<\/p>\n\n\n\n<p>Kasino on loistava esimerkki hyv\u00e4st\u00e4 Euteller kasinosta, sill\u00e4 siell\u00e4 ei ole mit\u00e4\u00e4n kuluja hy\u00f6dynt\u00e4ess\u00e4si Eutelleria. Jotkut&nbsp;euteller kasinot&nbsp;periv\u00e4t maksua palvelun k\u00e4yt\u00f6st\u00e4 ja t\u00e4m\u00e4 kannattaa ottaa aina erikseen selville ennen kuin aloittaa pelaamaan. Euteller mahdollistaa kuitenkin aina&nbsp;<a href=\"https:\/\/casinooma.com\/fi\/nopeat-kotiutukset\/\" rel=\"noreferrer noopener\" target=\"_blank\">nopeat kotiutukset<\/a>, joten siin\u00e4 mieless\u00e4 euteller on mukava palveluntarjoaja.<\/p>\n\n\n\n<h2 class=\"wp-block-heading\">Kasinoiden, jotka hy\u00f6dynt\u00e4\u00e4 Eutelleria plussat ja miinukset<\/h2>\n\n\n\n<p>Niin kuin aina my\u00f6s eutelleriin liittyy plussia ja miinuksia. Erityisi\u00e4 plussia Eutellerissa on sen suomalaisuus ja se on k\u00e4ytett\u00e4viss\u00e4 my\u00f6s kaikilla suomalaisilla pankeilla. Et tarvitse palvelun k\u00e4ytt\u00f6\u00f6n mit\u00e4\u00e4n erillist\u00e4 Euteller tili\u00e4. Riitt\u00e4\u00e4, ett\u00e4 sinulla on vain suomalainen pankkitili ja omat verkkopankkitunnukset tilille.<\/p>\n\n\n\n<p>Euteller on my\u00f6s t\u00e4ysin turvallinen k\u00e4ytt\u00e4\u00e4 ja sit\u00e4 valvoo Suomen finanssivalvonta. Kyseess\u00e4 on my\u00f6s nopea palvelu, joten t\u00e4m\u00e4 on ehdoton plussa pelaajalle. Lis\u00e4ksi&nbsp;<a href=\"https:\/\/casinooma.com\/fi\/mobiilicasinot\/\" rel=\"noreferrer noopener\" target=\"_blank\">mobiilicasinot<\/a>&nbsp;hy\u00f6dynt\u00e4v\u00e4t usein Eutelleria.<\/p>\n\n\n\n<p>Miinuspuolina palvelussa on se, ett\u00e4 vaikka Euteller mahdollistaa my\u00f6s pelaajalle ilmaiset nostot ja kotiutukset, periv\u00e4t jotkut kasinot sen k\u00e4yt\u00f6st\u00e4 maksuja. Kaikki kasinot eiv\u00e4t my\u00f6sk\u00e4\u00e4n tarjoa t\u00e4t\u00e4 maksupalvelua, joten se on hieman miinus, jos kasino olisi muuten hyv\u00e4. Mahdolliset k\u00e4sittelykulut kannattaa my\u00f6s ottaa pelaajana huomioon ja n\u00e4m\u00e4 saattaa olla pieni miinus.<\/p>\n\n\n\n<h2 class=\"wp-block-heading\">Talletukset ja kotiutukset<\/h2>\n\n\n\n<p>Niin talletukset kuin kotiutukset ovat eritt\u00e4in helppoja Eutellerilla. Et tarvitse tili\u00e4 Eutelleriin. Riitt\u00e4\u00e4 vain, ett\u00e4 valitset maksutavaksi kasinolla Eutellerin ja noudatat kasinon sivuilla etenevi\u00e4 ohjeita. K\u00e4ytt\u00f6 vaatii sinulta oman pankkitilin ja verkkopankkitunnukset.<\/p>\n\n\n\n<p>Kotiutukset eiv\u00e4t ik\u00e4v\u00e4 kyll\u00e4 onnistu Eutellerilla, sill\u00e4 se on valjastettu vain toimimaan yhteen suuntaan. Pelaaja voi siis siirt\u00e4\u00e4 rahaa vain omalta tililt\u00e4 kasinolle eik\u00e4 toisin p\u00e4in. T\u00e4m\u00e4 ei kuitenkaan ole suuri huoli, sill\u00e4 yleens\u00e4 Euteller-kasinot tarjoavat muita tapoja kotiuttaa omia voittoja kasinolta. Jos et kuitenkaan l\u00f6yd\u00e4 itsellesi sopivaa kotiutustapaa Euteller kasinolta, sinun kannattaa valita jokin toinen kasino. T\u00e4m\u00e4 ei kuitenkaan ole kauhean yleist\u00e4 ettei mit\u00e4\u00e4n tapaa l\u00f6ytyisi.<\/p>\n","protected":false},"excerpt":{"rendered":"<p>Euteller kasinot Vuonna 2007 perustettiin suomalainen Euteller maksupalveluntarjoaja, joka on sittemmin yleistynyt hyvin paljon kasinoilla. Palvelu haluaa helpottaa maksupalvelujen k\u00e4ytt\u00e4mist\u00e4&#8230;<\/p>\n","protected":false},"author":3,"featured_media":0,"parent":0,"menu_order":0,"comment_status":"closed","ping_status":"closed","template":"","meta":{"_acf_changed":false,"footnotes":""},"class_list":["post-5445","page","type-page","status-publish","hentry"],"acf":[],"yoast_head":"<!-- This site is optimized with the Yoast SEO plugin v27.0 - https:\/\/yoast.com\/product\/yoast-seo-wordpress\/ -->\n<title>Euteller kasinot tarjoavat helppoa ja nopeaa pelaamista<\/title>\n<meta name=\"description\" content=\"Tutustu kanssamme, mit\u00e4 euteller kasinot tarjoavat pelaajalle. Eutelleri\u00e4 hy\u00f6dynt\u00e4v\u00e4t kasinot ovat tunnettuja helposta maksamisesta.\" \/>\n<meta name=\"robots\" content=\"index, follow, max-snippet:-1, max-image-preview:large, max-video-preview:-1\" \/>\n<link rel=\"canonical\" href=\"https:\/\/casinooma.com\/fi\/euteller-kasinot\/\" \/>\n<meta property=\"og:locale\" content=\"fi_FI\" \/>\n<meta property=\"og:type\" content=\"article\" \/>\n<meta property=\"og:title\" content=\"Euteller kasinot tarjoavat helppoa ja nopeaa pelaamista\" \/>\n<meta property=\"og:description\" content=\"Tutustu kanssamme, mit\u00e4 euteller kasinot tarjoavat pelaajalle. Eutelleri\u00e4 hy\u00f6dynt\u00e4v\u00e4t kasinot ovat tunnettuja helposta maksamisesta.\" \/>\n<meta property=\"og:url\" content=\"https:\/\/casinooma.com\/fi\/euteller-kasinot\/\" \/>\n<meta property=\"og:site_name\" content=\"Casinooma\" \/>\n<meta property=\"article:modified_time\" content=\"2023-05-11T09:24:39+00:00\" \/>\n<meta property=\"og:image\" content=\"http:\/\/casinooma.com\/wp-content\/uploads\/2023\/05\/euteller-kasinot.png\" \/>\n<meta name=\"twitter:card\" content=\"summary_large_image\" \/>\n<meta name=\"twitter:label1\" content=\"Arvioitu lukuaika\" \/>\n\t<meta name=\"twitter:data1\" content=\"3 minuuttia\" \/>\n<script type=\"application\/ld+json\" class=\"yoast-schema-graph\">{\"@context\":\"https:\/\/schema.org\",\"@graph\":[{\"@type\":\"WebPage\",\"@id\":\"https:\/\/casinooma.com\/fi\/euteller-kasinot\/\",\"url\":\"https:\/\/casinooma.com\/fi\/euteller-kasinot\/\",\"name\":\"Euteller kasinot tarjoavat helppoa ja nopeaa pelaamista\",\"isPartOf\":{\"@id\":\"https:\/\/casinooma.com\/fi\/#website\"},\"primaryImageOfPage\":{\"@id\":\"https:\/\/casinooma.com\/fi\/euteller-kasinot\/#primaryimage\"},\"image\":{\"@id\":\"https:\/\/casinooma.com\/fi\/euteller-kasinot\/#primaryimage\"},\"thumbnailUrl\":\"http:\/\/casinooma.com\/wp-content\/uploads\/2023\/05\/euteller-kasinot.png\",\"datePublished\":\"2023-05-11T09:24:38+00:00\",\"dateModified\":\"2023-05-11T09:24:39+00:00\",\"description\":\"Tutustu kanssamme, mit\u00e4 euteller kasinot tarjoavat pelaajalle. Eutelleri\u00e4 hy\u00f6dynt\u00e4v\u00e4t kasinot ovat tunnettuja helposta maksamisesta.\",\"breadcrumb\":{\"@id\":\"https:\/\/casinooma.com\/fi\/euteller-kasinot\/#breadcrumb\"},\"inLanguage\":\"fi\",\"potentialAction\":[{\"@type\":\"ReadAction\",\"target\":[\"https:\/\/casinooma.com\/fi\/euteller-kasinot\/\"]}]},{\"@type\":\"ImageObject\",\"inLanguage\":\"fi\",\"@id\":\"https:\/\/casinooma.com\/fi\/euteller-kasinot\/#primaryimage\",\"url\":\"http:\/\/casinooma.com\/wp-content\/uploads\/2023\/05\/euteller-kasinot.png\",\"contentUrl\":\"http:\/\/casinooma.com\/wp-content\/uploads\/2023\/05\/euteller-kasinot.png\"},{\"@type\":\"BreadcrumbList\",\"@id\":\"https:\/\/casinooma.com\/fi\/euteller-kasinot\/#breadcrumb\",\"itemListElement\":[{\"@type\":\"ListItem\",\"position\":1,\"name\":\"Etusivu\",\"item\":\"https:\/\/casinooma.com\/fi\/\"},{\"@type\":\"ListItem\",\"position\":2,\"name\":\"Euteller kasinot\"}]},{\"@type\":\"WebSite\",\"@id\":\"https:\/\/casinooma.com\/fi\/#website\",\"url\":\"https:\/\/casinooma.com\/fi\/\",\"name\":\"Casinooma\",\"description\":\"\",\"publisher\":{\"@id\":\"https:\/\/casinooma.com\/fi\/#organization\"},\"potentialAction\":[{\"@type\":\"SearchAction\",\"target\":{\"@type\":\"EntryPoint\",\"urlTemplate\":\"https:\/\/casinooma.com\/fi\/?s={search_term_string}\"},\"query-input\":{\"@type\":\"PropertyValueSpecification\",\"valueRequired\":true,\"valueName\":\"search_term_string\"}}],\"inLanguage\":\"fi\"},{\"@type\":\"Organization\",\"@id\":\"https:\/\/casinooma.com\/fi\/#organization\",\"name\":\"Casino Oma\",\"url\":\"https:\/\/casinooma.com\/fi\/\",\"logo\":{\"@type\":\"ImageObject\",\"inLanguage\":\"fi\",\"@id\":\"https:\/\/casinooma.com\/fi\/#\/schema\/logo\/image\/\",\"url\":\"https:\/\/casinooma.com\/wp-content\/uploads\/2021\/05\/cropped-Casinooma-favicon.png\",\"contentUrl\":\"https:\/\/casinooma.com\/wp-content\/uploads\/2021\/05\/cropped-Casinooma-favicon.png\",\"width\":512,\"height\":512,\"caption\":\"Casino Oma\"},\"image\":{\"@id\":\"https:\/\/casinooma.com\/fi\/#\/schema\/logo\/image\/\"}}]}<\/script>\n<!-- \/ Yoast SEO plugin. -->","yoast_head_json":{"title":"Euteller kasinot tarjoavat helppoa ja nopeaa pelaamista","description":"Tutustu kanssamme, mit\u00e4 euteller kasinot tarjoavat pelaajalle. Eutelleri\u00e4 hy\u00f6dynt\u00e4v\u00e4t kasinot ovat tunnettuja helposta maksamisesta.","robots":{"index":"index","follow":"follow","max-snippet":"max-snippet:-1","max-image-preview":"max-image-preview:large","max-video-preview":"max-video-preview:-1"},"canonical":"https:\/\/casinooma.com\/fi\/euteller-kasinot\/","og_locale":"fi_FI","og_type":"article","og_title":"Euteller kasinot tarjoavat helppoa ja nopeaa pelaamista","og_description":"Tutustu kanssamme, mit\u00e4 euteller kasinot tarjoavat pelaajalle. Eutelleri\u00e4 hy\u00f6dynt\u00e4v\u00e4t kasinot ovat tunnettuja helposta maksamisesta.","og_url":"https:\/\/casinooma.com\/fi\/euteller-kasinot\/","og_site_name":"Casinooma","article_modified_time":"2023-05-11T09:24:39+00:00","og_image":[{"url":"http:\/\/casinooma.com\/wp-content\/uploads\/2023\/05\/euteller-kasinot.png","type":"","width":"","height":""}],"twitter_card":"summary_large_image","twitter_misc":{"Arvioitu lukuaika":"3 minuuttia"},"schema":{"@context":"https:\/\/schema.org","@graph":[{"@type":"WebPage","@id":"https:\/\/casinooma.com\/fi\/euteller-kasinot\/","url":"https:\/\/casinooma.com\/fi\/euteller-kasinot\/","name":"Euteller kasinot tarjoavat helppoa ja nopeaa pelaamista","isPartOf":{"@id":"https:\/\/casinooma.com\/fi\/#website"},"primaryImageOfPage":{"@id":"https:\/\/casinooma.com\/fi\/euteller-kasinot\/#primaryimage"},"image":{"@id":"https:\/\/casinooma.com\/fi\/euteller-kasinot\/#primaryimage"},"thumbnailUrl":"http:\/\/casinooma.com\/wp-content\/uploads\/2023\/05\/euteller-kasinot.png","datePublished":"2023-05-11T09:24:38+00:00","dateModified":"2023-05-11T09:24:39+00:00","description":"Tutustu kanssamme, mit\u00e4 euteller kasinot tarjoavat pelaajalle. Eutelleri\u00e4 hy\u00f6dynt\u00e4v\u00e4t kasinot ovat tunnettuja helposta maksamisesta.","breadcrumb":{"@id":"https:\/\/casinooma.com\/fi\/euteller-kasinot\/#breadcrumb"},"inLanguage":"fi","potentialAction":[{"@type":"ReadAction","target":["https:\/\/casinooma.com\/fi\/euteller-kasinot\/"]}]},{"@type":"ImageObject","inLanguage":"fi","@id":"https:\/\/casinooma.com\/fi\/euteller-kasinot\/#primaryimage","url":"http:\/\/casinooma.com\/wp-content\/uploads\/2023\/05\/euteller-kasinot.png","contentUrl":"http:\/\/casinooma.com\/wp-content\/uploads\/2023\/05\/euteller-kasinot.png"},{"@type":"BreadcrumbList","@id":"https:\/\/casinooma.com\/fi\/euteller-kasinot\/#breadcrumb","itemListElement":[{"@type":"ListItem","position":1,"name":"Etusivu","item":"https:\/\/casinooma.com\/fi\/"},{"@type":"ListItem","position":2,"name":"Euteller kasinot"}]},{"@type":"WebSite","@id":"https:\/\/casinooma.com\/fi\/#website","url":"https:\/\/casinooma.com\/fi\/","name":"Casinooma","description":"","publisher":{"@id":"https:\/\/casinooma.com\/fi\/#organization"},"potentialAction":[{"@type":"SearchAction","target":{"@type":"EntryPoint","urlTemplate":"https:\/\/casinooma.com\/fi\/?s={search_term_string}"},"query-input":{"@type":"PropertyValueSpecification","valueRequired":true,"valueName":"search_term_string"}}],"inLanguage":"fi"},{"@type":"Organization","@id":"https:\/\/casinooma.com\/fi\/#organization","name":"Casino Oma","url":"https:\/\/casinooma.com\/fi\/","logo":{"@type":"ImageObject","inLanguage":"fi","@id":"https:\/\/casinooma.com\/fi\/#\/schema\/logo\/image\/","url":"https:\/\/casinooma.com\/wp-content\/uploads\/2021\/05\/cropped-Casinooma-favicon.png","contentUrl":"https:\/\/casinooma.com\/wp-content\/uploads\/2021\/05\/cropped-Casinooma-favicon.png","width":512,"height":512,"caption":"Casino Oma"},"image":{"@id":"https:\/\/casinooma.com\/fi\/#\/schema\/logo\/image\/"}}]}},"_links":{"self":[{"href":"https:\/\/casinooma.com\/fi\/wp-json\/wp\/v2\/pages\/5445","targetHints":{"allow":["GET"]}}],"collection":[{"href":"https:\/\/casinooma.com\/fi\/wp-json\/wp\/v2\/pages"}],"about":[{"href":"https:\/\/casinooma.com\/fi\/wp-json\/wp\/v2\/types\/page"}],"author":[{"embeddable":true,"href":"https:\/\/casinooma.com\/fi\/wp-json\/wp\/v2\/users\/3"}],"replies":[{"embeddable":true,"href":"https:\/\/casinooma.com\/fi\/wp-json\/wp\/v2\/comments?post=5445"}],"version-history":[{"count":2,"href":"https:\/\/casinooma.com\/fi\/wp-json\/wp\/v2\/pages\/5445\/revisions"}],"predecessor-version":[{"id":5454,"href":"https:\/\/casinooma.com\/fi\/wp-json\/wp\/v2\/pages\/5445\/revisions\/5454"}],"wp:attachment":[{"href":"https:\/\/casinooma.com\/fi\/wp-json\/wp\/v2\/media?parent=5445"}],"curies":[{"name":"wp","href":"https:\/\/api.w.org\/{rel}","templated":true}]}}