{"id":5429,"date":"2023-05-04T09:21:01","date_gmt":"2023-05-04T07:21:01","guid":{"rendered":"http:\/\/casinooma.com\/?page_id=5429"},"modified":"2023-05-04T09:21:01","modified_gmt":"2023-05-04T07:21:01","slug":"das-pay-n-play-casino","status":"publish","type":"page","link":"https:\/\/casinooma.com\/nl\/das-pay-n-play-casino\/","title":{"rendered":"Das\u00a0Pay n Play Casino"},"content":{"rendered":"\n<h1 class=\"wp-block-heading\">Das&nbsp;Pay n Play Casino<\/h1>\n\n\n\n<p>Kaum eine Industrie hat sich in den letzten Jahren so schnell und rasant entwickelt, wie die Welt des Gl\u00fccksspiels im Internet. Nicht nur bei den Spielen selbst stehen dem geneigten Nutzer heute unz\u00e4hlige Varianten zur Verf\u00fcgung. Auch, wenn es um die Zahlung geht, zeigen sich immer mehr Modelle. Um dem Trend der immer gr\u00f6\u00dferen Nutzerfreundlichkeit Rechnung zu tragen, stellen wir heute einmal das&nbsp;Pay n Play Casino&nbsp;vor.<\/p>\n\n\n\n<h2 class=\"wp-block-heading\">Was genau ist ein&nbsp;Paynplay Casino?<\/h2>\n\n\n\n<p>Spieler kennen den Prozess: man meldet sich bei einem Casino an, zahlt auf das Spielkonto ein und beginnt mit dem Zocken. Das geht heute aber auch wesentlich einfacher. Bei einem&nbsp;Pay n Play Casino&nbsp;f\u00e4llt die aufw\u00e4ndige Anmeldung weg und der Spieler spielt direkt mit dem verf\u00fcgbaren Geld auf seinem privaten Bankkonto. Das hat verschiedene Vorteile. So muss kein Mindestbetrag eingezahlt werden, sondern der Einsatz f\u00fcr jedes einzelne Spiel wird direkt vom Konto abgebucht. Gewinne auf der anderen Seite werden ebenso direkt auf das Konto eingezahlt. Wer im&nbsp;<a href=\"http:\/\/casinooma.com\/de\/casino-schnelle-auszahlung\/\" rel=\"noreferrer noopener\" target=\"_blank\">im Online Casino schnelle Auszahlung<\/a>&nbsp;bevorzugt, f\u00fcr den ist diese Variante also wie geschaffen.<\/p>\n\n\n\n<h2 class=\"wp-block-heading\">Pay n Play Casino&nbsp;Kategorien<\/h2>\n\n\n\n<p>Bei der Variante&nbsp;Pay n Play Casino&nbsp;gibt es zwei Varianten, das reine&nbsp;Pay n Play Casino&nbsp;und die Hybridversion. Die reine Version wird in erster Linie eingesetzt, um neue Casinos auf dem Markt zu etablieren. Hier findet keine Anmeldung statt. Stattdessen l\u00e4uft das Spiel komplett \u00fcber die eigene BankID ab. Das Casino f\u00fchrt selbstst\u00e4ndig Buch und der Spieler kann sich voll und ganz auf das Spiel konzentrieren. Bei der Hybridversion ist der Anbieter Trustly, der die Pay n Play Variante erm\u00f6glicht, neben anderen, klassischen Zahlungsmethoden verf\u00fcgbar. Viele etablierte Casinos nutzen diese Methode, um mit der Zeit zu gehen und neue Kunden zu gewinnen.<\/p>\n\n\n\n<h2 class=\"wp-block-heading\">So l\u00e4uft der Prozess ab<\/h2>\n\n\n\n<p>Hier ein kompakter Leitfaden zur Nutzung des&nbsp;Pay n Play Casino:<\/p>\n\n\n\n<ol class=\"wp-block-list\"><li>W\u00e4hlen Sie auf der Website des Casinos die Option Jetzt Spielen aus.<\/li><li>Nun k\u00f6nnen Sie sich f\u00fcr Ihre Bank entscheiden. Beachten Sie dabei m\u00f6gliche Einzahlungslimits, die sich \u00fcblicherweise zwischen 10 und 10.000 EUR bewegen.<\/li><li>Jetzt w\u00e4hlen Sie das Land aus, in dem Sie sich aufhalten. Das ist wichtig, um die Legalit\u00e4t des Casinos und des Nutzers zu gew\u00e4hrleisten.<\/li><li>Jetzt gilt es, die eigene Identit\u00e4t nachzuweisen. Die Nummer des Passes oder Personalausweises ist hierbei ausreichend. Eine Angabe von weiteren Details ist nicht notwendig.<\/li><li>Nun muss die \u00dcberweisung nur noch best\u00e4tigt werden. Das geschieht \u00fcblicherweise per SMS, App oder E-Mail.<\/li><\/ol>\n\n\n\n<h2 class=\"wp-block-heading\">Und der&nbsp;<a href=\"http:\/\/casinooma.com\/de\/casino-bonus\/\" rel=\"noreferrer noopener\" target=\"_blank\">Casino Bonus<\/a>?<\/h2>\n\n\n\n<p>Wer sich nun Gedanken macht, ob mit der Variante&nbsp;Pay n Play Casino&nbsp;denn nicht der Casino Bonus wegf\u00e4llt, der sei beruhigt. Das Bonussystem ist unabh\u00e4ngig von der Einzahlungsmethode aktiv. Allerdings sollten Sie beachten, dass f\u00fcr Boni verschiedene Mindest- oder H\u00f6chstbetr\u00e4ge zur Anwendung kommen. Au\u00dferdem ist es wichtig, sich genau mit den Bedingungen der Boni vertraut zu machen. Das schlie\u00dft zum Beispiel die Einsatzbedingungen, Einschr\u00e4nkungen f\u00fcr Gewinne oder auch zeitliche Begrenzungen mit ein. Die Daten hierzu werden vom Casino selbstst\u00e4ndig gespeichert.<\/p>\n\n\n\n<h2 class=\"wp-block-heading\">Worauf man achten sollte<\/h2>\n\n\n\n<p>Unabh\u00e4ngig von der Zahlungsmethode ist es immer besonders wichtig, ein&nbsp;<a href=\"http:\/\/casinooma.com\/de\" rel=\"noreferrer noopener\" target=\"_blank\">Online Casino ohne Lizenz<\/a>&nbsp;zu meiden, besonders wenn es um Geld geht. Die Lizenz stellt n\u00e4mlich sicher, dass sich der Betreiber im rechtlich belastbaren Raum bewegt. Das kann wichtig sein, wenn es einmal zu einem Disput kommt. Ein guter und kompetenter Kundenservice ist ein weiterer Indikator f\u00fcr einen seri\u00f6sen Anbieter, falls man einmal Fragen hat. Schlie\u00dflich empfiehlt es sich immer, ein paar Nachforschungen zur Reputation des Anbieters zu betreiben. Dazu bieten sich verschiedene Webseiten an, die die Casinos besprechen und mit ausf\u00fchrlichen Informationen aufwarten. Au\u00dferdem ist die Spielergemeinschaft durchaus kritisch und stellt unseri\u00f6se Betreiber schnell an den Pranger.<\/p>\n","protected":false},"excerpt":{"rendered":"<p>Das&nbsp;Pay n Play Casino Kaum eine Industrie hat sich in den letzten Jahren so schnell und rasant entwickelt, wie die&#8230;<\/p>\n","protected":false},"author":7,"featured_media":0,"parent":0,"menu_order":0,"comment_status":"closed","ping_status":"closed","template":"","meta":{"_acf_changed":false,"footnotes":""},"class_list":["post-5429","page","type-page","status-publish","hentry"],"acf":[],"yoast_head":"<!-- This site is optimized with the Yoast SEO plugin v27.0 - https:\/\/yoast.com\/product\/yoast-seo-wordpress\/ -->\n<title>Was hat es eigentlich mit einem Pay n Play Casino auf sich?<\/title>\n<meta name=\"description\" content=\"Mit der st\u00e4ndigen Ausweitung der Industrie f\u00fcr Gl\u00fccksspiel im Internet zeigen sich auch mehr Zahlungsvarianten. Wir stellen die Variante Pay n Play Casino vor.\" \/>\n<meta name=\"robots\" content=\"index, follow, max-snippet:-1, max-image-preview:large, max-video-preview:-1\" \/>\n<link rel=\"canonical\" href=\"https:\/\/casinooma.com\/nl\/das-pay-n-play-casino\/\" \/>\n<meta property=\"og:locale\" content=\"nl_NL\" \/>\n<meta property=\"og:type\" content=\"article\" \/>\n<meta property=\"og:title\" content=\"Was hat es eigentlich mit einem Pay n Play Casino auf sich?\" \/>\n<meta property=\"og:description\" content=\"Mit der st\u00e4ndigen Ausweitung der Industrie f\u00fcr Gl\u00fccksspiel im Internet zeigen sich auch mehr Zahlungsvarianten. Wir stellen die Variante Pay n Play Casino vor.\" \/>\n<meta property=\"og:url\" content=\"https:\/\/casinooma.com\/nl\/das-pay-n-play-casino\/\" \/>\n<meta property=\"og:site_name\" content=\"Casinooma.com\" \/>\n<meta name=\"twitter:card\" content=\"summary_large_image\" \/>\n<meta name=\"twitter:label1\" content=\"Geschatte leestijd\" \/>\n\t<meta name=\"twitter:data1\" content=\"3 minuten\" \/>\n<script type=\"application\/ld+json\" class=\"yoast-schema-graph\">{\"@context\":\"https:\/\/schema.org\",\"@graph\":[{\"@type\":\"WebPage\",\"@id\":\"https:\/\/casinooma.com\/nl\/das-pay-n-play-casino\/\",\"url\":\"https:\/\/casinooma.com\/nl\/das-pay-n-play-casino\/\",\"name\":\"Was hat es eigentlich mit einem Pay n Play Casino auf sich?\",\"isPartOf\":{\"@id\":\"https:\/\/casinooma.com\/nl\/#website\"},\"datePublished\":\"2023-05-04T07:21:01+00:00\",\"description\":\"Mit der st\u00e4ndigen Ausweitung der Industrie f\u00fcr Gl\u00fccksspiel im Internet zeigen sich auch mehr Zahlungsvarianten. Wir stellen die Variante Pay n Play Casino vor.\",\"breadcrumb\":{\"@id\":\"https:\/\/casinooma.com\/nl\/das-pay-n-play-casino\/#breadcrumb\"},\"inLanguage\":\"nl-NL\",\"potentialAction\":[{\"@type\":\"ReadAction\",\"target\":[\"https:\/\/casinooma.com\/nl\/das-pay-n-play-casino\/\"]}]},{\"@type\":\"BreadcrumbList\",\"@id\":\"https:\/\/casinooma.com\/nl\/das-pay-n-play-casino\/#breadcrumb\",\"itemListElement\":[{\"@type\":\"ListItem\",\"position\":1,\"name\":\"Startseite\",\"item\":\"https:\/\/casinooma.com\/nl\/\"},{\"@type\":\"ListItem\",\"position\":2,\"name\":\"Das\u00a0Pay n Play Casino\"}]},{\"@type\":\"WebSite\",\"@id\":\"https:\/\/casinooma.com\/nl\/#website\",\"url\":\"https:\/\/casinooma.com\/nl\/\",\"name\":\"Casinooma.com\",\"description\":\"Casinooma.com\",\"publisher\":{\"@id\":\"https:\/\/casinooma.com\/nl\/#organization\"},\"potentialAction\":[{\"@type\":\"SearchAction\",\"target\":{\"@type\":\"EntryPoint\",\"urlTemplate\":\"https:\/\/casinooma.com\/nl\/?s={search_term_string}\"},\"query-input\":{\"@type\":\"PropertyValueSpecification\",\"valueRequired\":true,\"valueName\":\"search_term_string\"}}],\"inLanguage\":\"nl-NL\"},{\"@type\":\"Organization\",\"@id\":\"https:\/\/casinooma.com\/nl\/#organization\",\"name\":\"Casino Oma\",\"url\":\"https:\/\/casinooma.com\/nl\/\",\"logo\":{\"@type\":\"ImageObject\",\"inLanguage\":\"nl-NL\",\"@id\":\"https:\/\/casinooma.com\/nl\/#\/schema\/logo\/image\/\",\"url\":\"https:\/\/casinooma.com\/wp-content\/uploads\/2021\/05\/cropped-Casinooma-favicon.png\",\"contentUrl\":\"https:\/\/casinooma.com\/wp-content\/uploads\/2021\/05\/cropped-Casinooma-favicon.png\",\"width\":512,\"height\":512,\"caption\":\"Casino Oma\"},\"image\":{\"@id\":\"https:\/\/casinooma.com\/nl\/#\/schema\/logo\/image\/\"}}]}<\/script>\n<!-- \/ Yoast SEO plugin. -->","yoast_head_json":{"title":"Was hat es eigentlich mit einem Pay n Play Casino auf sich?","description":"Mit der st\u00e4ndigen Ausweitung der Industrie f\u00fcr Gl\u00fccksspiel im Internet zeigen sich auch mehr Zahlungsvarianten. Wir stellen die Variante Pay n Play Casino vor.","robots":{"index":"index","follow":"follow","max-snippet":"max-snippet:-1","max-image-preview":"max-image-preview:large","max-video-preview":"max-video-preview:-1"},"canonical":"https:\/\/casinooma.com\/nl\/das-pay-n-play-casino\/","og_locale":"nl_NL","og_type":"article","og_title":"Was hat es eigentlich mit einem Pay n Play Casino auf sich?","og_description":"Mit der st\u00e4ndigen Ausweitung der Industrie f\u00fcr Gl\u00fccksspiel im Internet zeigen sich auch mehr Zahlungsvarianten. Wir stellen die Variante Pay n Play Casino vor.","og_url":"https:\/\/casinooma.com\/nl\/das-pay-n-play-casino\/","og_site_name":"Casinooma.com","twitter_card":"summary_large_image","twitter_misc":{"Geschatte leestijd":"3 minuten"},"schema":{"@context":"https:\/\/schema.org","@graph":[{"@type":"WebPage","@id":"https:\/\/casinooma.com\/nl\/das-pay-n-play-casino\/","url":"https:\/\/casinooma.com\/nl\/das-pay-n-play-casino\/","name":"Was hat es eigentlich mit einem Pay n Play Casino auf sich?","isPartOf":{"@id":"https:\/\/casinooma.com\/nl\/#website"},"datePublished":"2023-05-04T07:21:01+00:00","description":"Mit der st\u00e4ndigen Ausweitung der Industrie f\u00fcr Gl\u00fccksspiel im Internet zeigen sich auch mehr Zahlungsvarianten. Wir stellen die Variante Pay n Play Casino vor.","breadcrumb":{"@id":"https:\/\/casinooma.com\/nl\/das-pay-n-play-casino\/#breadcrumb"},"inLanguage":"nl-NL","potentialAction":[{"@type":"ReadAction","target":["https:\/\/casinooma.com\/nl\/das-pay-n-play-casino\/"]}]},{"@type":"BreadcrumbList","@id":"https:\/\/casinooma.com\/nl\/das-pay-n-play-casino\/#breadcrumb","itemListElement":[{"@type":"ListItem","position":1,"name":"Startseite","item":"https:\/\/casinooma.com\/nl\/"},{"@type":"ListItem","position":2,"name":"Das\u00a0Pay n Play Casino"}]},{"@type":"WebSite","@id":"https:\/\/casinooma.com\/nl\/#website","url":"https:\/\/casinooma.com\/nl\/","name":"Casinooma.com","description":"Casinooma.com","publisher":{"@id":"https:\/\/casinooma.com\/nl\/#organization"},"potentialAction":[{"@type":"SearchAction","target":{"@type":"EntryPoint","urlTemplate":"https:\/\/casinooma.com\/nl\/?s={search_term_string}"},"query-input":{"@type":"PropertyValueSpecification","valueRequired":true,"valueName":"search_term_string"}}],"inLanguage":"nl-NL"},{"@type":"Organization","@id":"https:\/\/casinooma.com\/nl\/#organization","name":"Casino Oma","url":"https:\/\/casinooma.com\/nl\/","logo":{"@type":"ImageObject","inLanguage":"nl-NL","@id":"https:\/\/casinooma.com\/nl\/#\/schema\/logo\/image\/","url":"https:\/\/casinooma.com\/wp-content\/uploads\/2021\/05\/cropped-Casinooma-favicon.png","contentUrl":"https:\/\/casinooma.com\/wp-content\/uploads\/2021\/05\/cropped-Casinooma-favicon.png","width":512,"height":512,"caption":"Casino Oma"},"image":{"@id":"https:\/\/casinooma.com\/nl\/#\/schema\/logo\/image\/"}}]}},"_links":{"self":[{"href":"https:\/\/casinooma.com\/nl\/wp-json\/wp\/v2\/pages\/5429","targetHints":{"allow":["GET"]}}],"collection":[{"href":"https:\/\/casinooma.com\/nl\/wp-json\/wp\/v2\/pages"}],"about":[{"href":"https:\/\/casinooma.com\/nl\/wp-json\/wp\/v2\/types\/page"}],"author":[{"embeddable":true,"href":"https:\/\/casinooma.com\/nl\/wp-json\/wp\/v2\/users\/7"}],"replies":[{"embeddable":true,"href":"https:\/\/casinooma.com\/nl\/wp-json\/wp\/v2\/comments?post=5429"}],"version-history":[{"count":1,"href":"https:\/\/casinooma.com\/nl\/wp-json\/wp\/v2\/pages\/5429\/revisions"}],"predecessor-version":[{"id":5430,"href":"https:\/\/casinooma.com\/nl\/wp-json\/wp\/v2\/pages\/5429\/revisions\/5430"}],"wp:attachment":[{"href":"https:\/\/casinooma.com\/nl\/wp-json\/wp\/v2\/media?parent=5429"}],"curies":[{"name":"wp","href":"https:\/\/api.w.org\/{rel}","templated":true}]}}