{"id":3521,"date":"2022-03-17T14:10:47","date_gmt":"2022-03-17T13:10:47","guid":{"rendered":"http:\/\/casinooma.com\/?page_id=3521"},"modified":"2022-03-17T16:24:59","modified_gmt":"2022-03-17T15:24:59","slug":"casinorecensioner","status":"publish","type":"page","link":"https:\/\/casinooma.com\/sv\/casinorecensioner\/","title":{"rendered":"Casinorecensioner"},"content":{"rendered":"\n<h1 class=\"wp-block-heading\">Casinorecensioner&nbsp;<\/h1>\n\n\n\n<p>Det dyker st\u00e4ndigt upp nya casinon p\u00e5 spelmarknaden och vi vet att det kan k\u00e4nnas sv\u00e5rt att veta vilka casinon som faktiskt \u00e4r v\u00e4rda ett bes\u00f6k. Det \u00e4r d\u00e4rf\u00f6r vi p\u00e5 Casinooma finns till! Vi testar, granskar och recenserar casinon \u00e5t dig &#8211; s\u00e5 att du slipper.&nbsp;<\/p>\n\n\n\n<p>P\u00e5 denna sida finner du v\u00e5ra casinorecensioner, som alla \u00e4r skrivna av casino-experter som lever och andas casino. Givetvis \u00e4r alla v\u00e5ra recensioner helt \u00e4rliga och opartiska f\u00f6r att du ska f\u00e5 en s\u00e5 tydlig bild som m\u00f6jligt av hur olika casinon fungerar.&nbsp;&nbsp;V\u00e5ra recensioner t\u00e4cker b\u00e5de svenska casinon och <a href=\"https:\/\/casinooma.com\/sv\/\">m\u00e5nga casinon utan svensk licens<\/a>. <\/p>\n\n\n\n<h2 class=\"wp-block-heading\">Casinoomas casinorecensioner&nbsp;<\/h2>\n\n\n<div class=\"card-review\">\n    <div class=\"image\">\n        <img decoding=\"async\" src=\"https:\/\/casinooma.com\/wp-content\/uploads\/2023\/08\/jupi-casino-1.png\" alt=\"Jupi Casino\u00a0\" loading=\"lazy\"\/>\n    <\/div>\n    <div class=\"title\">\n        Jupi Casino\u00a0\n    <\/div>\n    <div class=\"link\">\n        <a href=\"https:\/\/casinooma.com\/sv\/casinorecensioner\/jupi-casino\/\" class=\"button outline full-width\">Jupi Casino\u00a0<\/a>\n    <\/div>\n<\/div>\n<div class=\"card-review\">\n    <div class=\"image\">\n        <img decoding=\"async\" src=\"https:\/\/casinooma.com\/wp-content\/uploads\/2023\/07\/unlimit-casino.png\" alt=\"Unlimit casino\" loading=\"lazy\"\/>\n    <\/div>\n    <div class=\"title\">\n        Unlimit casino\n    <\/div>\n    <div class=\"link\">\n        <a href=\"https:\/\/casinooma.com\/sv\/casinorecensioner\/unlimit-casino\/\" class=\"button outline full-width\">Unlimit casino<\/a>\n    <\/div>\n<\/div>\n<div class=\"card-review\">\n    <div class=\"image\">\n        <img decoding=\"async\" src=\"https:\/\/casinooma.com\/wp-content\/uploads\/2023\/06\/spinerologo.png\" alt=\"Spinero Casino\" loading=\"lazy\"\/>\n    <\/div>\n    <div class=\"title\">\n        Spinero Casino\n    <\/div>\n    <div class=\"link\">\n        <a href=\"https:\/\/casinooma.com\/sv\/casinorecensioner\/spinero-casino\/\" class=\"button outline full-width\">Spinero Casino<\/a>\n    <\/div>\n<\/div>\n<div class=\"card-review\">\n    <div class=\"image\">\n        <img decoding=\"async\" src=\"https:\/\/casinooma.com\/wp-content\/uploads\/2023\/04\/sugarcasino-1.png\" alt=\"Sugar Casino\u00a0\" loading=\"lazy\"\/>\n    <\/div>\n    <div class=\"title\">\n        Sugar Casino\u00a0\n    <\/div>\n    <div class=\"link\">\n        <a href=\"https:\/\/casinooma.com\/sv\/casinorecensioner\/sugar-casino\/\" class=\"button outline full-width\">Sugar Casino\u00a0<\/a>\n    <\/div>\n<\/div>\n<div class=\"card-review\">\n    <div class=\"image\">\n        <img decoding=\"async\" src=\"https:\/\/casinooma.com\/wp-content\/uploads\/2023\/03\/storspelare.png\" alt=\"Storspelare\u00a0\" loading=\"lazy\"\/>\n    <\/div>\n    <div class=\"title\">\n        Storspelare\u00a0\n    <\/div>\n    <div class=\"link\">\n        <a href=\"https:\/\/casinooma.com\/sv\/casinorecensioner\/storspelare\/\" class=\"button outline full-width\">Storspelare\u00a0<\/a>\n    <\/div>\n<\/div>\n<div class=\"card-review\">\n    <div class=\"image\">\n        <img decoding=\"async\" src=\"https:\/\/casinooma.com\/wp-content\/uploads\/2022\/11\/jackburst-logo.png\" alt=\"JackBurst\u00a0\" loading=\"lazy\"\/>\n    <\/div>\n    <div class=\"title\">\n        JackBurst\u00a0\n    <\/div>\n    <div class=\"link\">\n        <a href=\"https:\/\/casinooma.com\/sv\/casinorecensioner\/jackburst\/\" class=\"button outline full-width\">JackBurst\u00a0<\/a>\n    <\/div>\n<\/div>\n<div class=\"card-review\">\n    <div class=\"image\">\n        <img decoding=\"async\" src=\"https:\/\/casinooma.com\/wp-content\/uploads\/2022\/03\/lyllo-casino-logo.png\" alt=\"Lyllo Casino\" loading=\"lazy\"\/>\n    <\/div>\n    <div class=\"title\">\n        Lyllo Casino\n    <\/div>\n    <div class=\"link\">\n        <a href=\"https:\/\/casinooma.com\/sv\/casinorecensioner\/lyllo-casino\/\" class=\"button outline full-width\">Lyllo Casino<\/a>\n    <\/div>\n<\/div>\n<div class=\"card-review\">\n    <div class=\"image\">\n        <img decoding=\"async\" src=\"https:\/\/casinooma.com\/wp-content\/uploads\/2022\/03\/klirr-casino-logo.png\" alt=\"Klirr Casino\" loading=\"lazy\"\/>\n    <\/div>\n    <div class=\"title\">\n        Klirr Casino\n    <\/div>\n    <div class=\"link\">\n        <a href=\"https:\/\/casinooma.com\/sv\/casinorecensioner\/klirr-casino\/\" class=\"button outline full-width\">Klirr Casino<\/a>\n    <\/div>\n<\/div>\n<div class=\"card-review\">\n    <div class=\"image\">\n        <img decoding=\"async\" src=\"https:\/\/casinooma.com\/wp-content\/uploads\/2022\/03\/casumo-logo.png\" alt=\"Casumo Casino\" loading=\"lazy\"\/>\n    <\/div>\n    <div class=\"title\">\n        Casumo Casino\n    <\/div>\n    <div class=\"link\">\n        <a href=\"https:\/\/casinooma.com\/sv\/casinorecensioner\/casumo-casino\/\" class=\"button outline full-width\">Casumo Casino<\/a>\n    <\/div>\n<\/div>\n<div class=\"card-review\">\n    <div class=\"image\">\n        <img decoding=\"async\" src=\"https:\/\/casinooma.com\/wp-content\/uploads\/2022\/03\/jalla-logo.png\" alt=\"Jalla Casino\" loading=\"lazy\"\/>\n    <\/div>\n    <div class=\"title\">\n        Jalla Casino\n    <\/div>\n    <div class=\"link\">\n        <a href=\"https:\/\/casinooma.com\/sv\/casinorecensioner\/jalla-casino\/\" class=\"button outline full-width\">Jalla Casino<\/a>\n    <\/div>\n<\/div>\n<div class=\"card-review\">\n    <div class=\"image\">\n        <img decoding=\"async\" src=\"https:\/\/casinooma.com\/wp-content\/uploads\/2022\/03\/metal-casino-logo.png\" alt=\"Metal Casino\" loading=\"lazy\"\/>\n    <\/div>\n    <div class=\"title\">\n        Metal Casino\n    <\/div>\n    <div class=\"link\">\n        <a href=\"https:\/\/casinooma.com\/sv\/casinorecensioner\/metal-casino\/\" class=\"button outline full-width\">Metal Casino<\/a>\n    <\/div>\n<\/div>\n\n\n\n\n<h2 class=\"wp-block-heading\">Kriterier vi granskar&nbsp;<\/h2>\n\n\n\n<p>Innan vi skriver en recension om ett casino s\u00e5 testar vi casinot i fr\u00e5ga och granskar det i s\u00f6mmarna. Allt fr\u00e5n registreringsprocess, design och licens till spelutbud, bonus och kundtj\u00e4nst hamnar under v\u00e5rt f\u00f6rstoringsglas.&nbsp;<\/p>\n\n\n\n<p>F\u00f6ljande kriterier granskar vi alltid n\u00e4r vi recenserar ett casino:&nbsp;<\/p>\n\n\n\n<ul class=\"wp-block-list\"><li>Anv\u00e4ndarv\u00e4nlighet och design&nbsp;<\/li><li>Spellicens<\/li><li>Registreringsprocess<\/li><li>Bonuserbjudanden&nbsp;<\/li><li>Kundtj\u00e4nst<\/li><li>Spelutbud&nbsp;<\/li><\/ul>\n\n\n\n<h3 class=\"wp-block-heading\">Anv\u00e4ndarv\u00e4nlighet och design&nbsp;<\/h3>\n\n\n\n<p>Det f\u00f6rsta intrycket av ett casino grundar sig i designen och det \u00e4r faktiskt inte bara d\u00e5 som designen \u00e4r viktig. Designen \u00e4r av stor vikt f\u00f6r helhetsupplevelsen p\u00e5 ett casino. Om designen inte \u00e4r trevlig f\u00f6r \u00f6gonen kommer det vara sv\u00e5rt att fastna f\u00f6r ett casino.&nbsp;<\/p>\n\n\n\n<p>Vad som klassas som en snygg design \u00e4r givetvis en smaksak, vi p\u00e5 Casinooma f\u00f6redrar dock stilrena och moderna designer som \u00e4r l\u00e4tta att anv\u00e4nda &#8211; utan f\u00f6r mycket krusiduller. Lite roliga f\u00e4rger eller ett charmigt tema \u00e4r alltid kul, men det viktigaste \u00e4r att hemsidan \u00e4r anv\u00e4ndarv\u00e4nlig. Det ska vara l\u00e4tt att hitta det man s\u00f6ker och all information b\u00f6r bli presenterad p\u00e5 ett tydligt s\u00e4tt.&nbsp;<\/p>\n\n\n\n<h3 class=\"wp-block-heading\">Spellicens&nbsp;<\/h3>\n\n\n\n<p>En annan viktig faktor som vi granskar n\u00e4r vi testar ett casino \u00e4r vilket spellicens casinot innehar. Spellicensen p\u00e5verkar trots allt din spelupplevelse v\u00e4ldigt mycket. Vi kollar om casinot har en svensk spellicens eller en licens fr\u00e5n ett annat land samt f\u00f6rklarar vad det inneb\u00e4r f\u00f6r dig som spelare. \u00c4r det en p\u00e5litlig licens? Finns det mycket regler och begr\u00e4nsningar att ta h\u00e4nsyn till?&nbsp;<\/p>\n\n\n\n<h3 class=\"wp-block-heading\">Registreringsprocess<\/h3>\n\n\n\n<p>N\u00e5got som vi l\u00e4gger stor vikt p\u00e5 n\u00e4r vi recenserar ett casino \u00e4r registreringsprocessen. Vi f\u00f6redrar snabba, smidiga och s\u00e4kra registreringsprocesser. P\u00e5 svenska casinon med BankID kan man f\u00f6rv\u00e4nta sig denna typ av snabba registrering, medan utl\u00e4ndska casinon har en betydligt mer tidskr\u00e4vande process.<\/p>\n\n\n\n<p>Vi kommenterar kort och gott vilka personuppgifter som casinot efterfr\u00e5gar, hur processen \u00e4r uppbyggd och hur l\u00e5ng tid det tar.&nbsp;<\/p>\n\n\n\n<h3 class=\"wp-block-heading\">Bonus&nbsp;<\/h3>\n\n\n\n<p>Det \u00e4r ingen nyhet att m\u00e5nga spelare f\u00f6redrar att spela med bonusar. D\u00e4rf\u00f6r l\u00e4gger vi extra mycket fokus p\u00e5 att granska v\u00e4lkomstbonusen p\u00e5 ett casino. Vi granskar inte bara om bonusen \u00e4r gener\u00f6s eller inte, utan vi g\u00f6r \u00e4ven djupdyk i casinots regler och villkor. Finns det n\u00e5gra spel som som inte r\u00e4knas till oms\u00e4ttningskravet? Hur h\u00f6gt \u00e4r oms\u00e4ttningskravet? Hur m\u00e5nga dagar har du p\u00e5 dig att oms\u00e4tta bonusen? Det och mycket mer kontrollerar vi, f\u00f6r att sedan kunna fastst\u00e4lla om bonusen i fr\u00e5ga \u00e4r schysst eller inte.&nbsp;<\/p>\n\n\n\n<h3 class=\"wp-block-heading\">Kundtj\u00e4nst&nbsp;<\/h3>\n\n\n\n<p>Ett kriterium som \u00e4r l\u00e4tt att gl\u00f6mma, men viktigt att komma ih\u00e5g \u00e4r ett casinos kundtj\u00e4nst. Det \u00e4r trots allt dit du beh\u00f6ver v\u00e4nda dig om du skulle ha n\u00e5gra fr\u00e5gor eller om n\u00e5gra problem skulle uppst\u00e5. F\u00f6r att vi ska klassa ett casinos kundtj\u00e4nst som bra kr\u00e4vs det f\u00f6rst och fr\u00e4mst att det \u00e4r gener\u00f6sa \u00f6ppettider, allra helst ser vi att det \u00e4r en 24\/7 support. Det b\u00f6r \u00e4ven finnas olika kontaktv\u00e4gar att n\u00e5 kundtj\u00e4nsten, som till exempel via telefon, mail eller live chatt.&nbsp;<\/p>\n\n\n\n<p>Kundtj\u00e4nsten ska ocks\u00e5 vara hj\u00e4lpsam och professionell, oavsett \u00e4rende. Ett extra plus i kanten \u00e4r givetvis om kundtj\u00e4nsten \u00e4r trevlig!&nbsp;<\/p>\n\n\n\n<h3 class=\"wp-block-heading\">Spelutbud&nbsp;<\/h3>\n\n\n\n<p>Den fr\u00e4msta anledningen till att man spelar p\u00e5 ett casino \u00e4r just spelandet. D\u00e4rf\u00f6r \u00e4r det givetvis superviktigt att ett casino har ett bra spelutbud! Ett bra spelutbud kan se ut p\u00e5 olika s\u00e4tt, beroende p\u00e5 vad f\u00f6r preferenser man har, men rent generellt skulle vi s\u00e4ga att ett bra spelutbud grundar sig i:&nbsp;<\/p>\n\n\n\n<ul class=\"wp-block-list\"><li>Stor variation av olika speltyper, till exempel slotmaskiner, live casino och jackpotts&nbsp;<\/li><li>Spel fr\u00e5n seri\u00f6sa och h\u00f6gkvalitativa speltillverkare<\/li><\/ul>\n\n\n\n<h2 class=\"wp-block-heading\">Hitta ett nytt casino att spela p\u00e5!&nbsp;<\/h2>\n\n\n\n<p>Med hj\u00e4lp av att l\u00e4sa v\u00e5ra recensioner, kolla in v\u00e5ra topplistor och j\u00e4mf\u00f6ra olika casinon kan vi n\u00e4stan garantera att du kommer hitta ett nytt, roligt casino att spela p\u00e5. Vi \u00f6nskar dig ett stort lycka till och vill p\u00e5minna om att inte gl\u00f6mma bort att spela ansvarsfullt.&nbsp;<\/p>\n","protected":false},"excerpt":{"rendered":"<p>Casinorecensioner&nbsp; Det dyker st\u00e4ndigt upp nya casinon p\u00e5 spelmarknaden och vi vet att det kan k\u00e4nnas sv\u00e5rt att veta vilka&#8230;<\/p>\n","protected":false},"author":12,"featured_media":0,"parent":0,"menu_order":0,"comment_status":"closed","ping_status":"closed","template":"","meta":{"_acf_changed":false,"footnotes":""},"class_list":["post-3521","page","type-page","status-publish","hentry"],"acf":[],"yoast_head":"<!-- This site is optimized with the Yoast SEO plugin v27.0 - https:\/\/yoast.com\/product\/yoast-seo-wordpress\/ -->\n<title>Casinorecensioner | \u00c4rliga recensioner om alla casinon<\/title>\n<meta name=\"description\" content=\"H\u00e4r testar, granskar och recenserar vi casinon p\u00e5 b\u00e5de den svenska och utl\u00e4ndska spelmarknaden. L\u00e4s v\u00e5ra recensioner h\u00e4r!\" \/>\n<meta name=\"robots\" content=\"index, follow, max-snippet:-1, max-image-preview:large, max-video-preview:-1\" \/>\n<link rel=\"canonical\" href=\"https:\/\/casinooma.com\/sv\/casinorecensioner\/\" \/>\n<meta property=\"og:locale\" content=\"sv_SE\" \/>\n<meta property=\"og:type\" content=\"article\" \/>\n<meta property=\"og:title\" content=\"Casinorecensioner | \u00c4rliga recensioner om alla casinon\" \/>\n<meta property=\"og:description\" content=\"H\u00e4r testar, granskar och recenserar vi casinon p\u00e5 b\u00e5de den svenska och utl\u00e4ndska spelmarknaden. L\u00e4s v\u00e5ra recensioner h\u00e4r!\" \/>\n<meta property=\"og:url\" content=\"https:\/\/casinooma.com\/sv\/casinorecensioner\/\" \/>\n<meta property=\"og:site_name\" content=\"Casinoomi.com\" \/>\n<meta property=\"article:modified_time\" content=\"2022-03-17T15:24:59+00:00\" \/>\n<meta name=\"twitter:card\" content=\"summary_large_image\" \/>\n<meta name=\"twitter:label1\" content=\"Ber\u00e4knad l\u00e4stid\" \/>\n\t<meta name=\"twitter:data1\" content=\"4 minuter\" \/>\n<script type=\"application\/ld+json\" class=\"yoast-schema-graph\">{\"@context\":\"https:\/\/schema.org\",\"@graph\":[{\"@type\":\"WebPage\",\"@id\":\"https:\/\/casinooma.com\/sv\/casinorecensioner\/\",\"url\":\"https:\/\/casinooma.com\/sv\/casinorecensioner\/\",\"name\":\"Casinorecensioner | \u00c4rliga recensioner om alla casinon\",\"isPartOf\":{\"@id\":\"https:\/\/casinooma.com\/sv\/#website\"},\"datePublished\":\"2022-03-17T13:10:47+00:00\",\"dateModified\":\"2022-03-17T15:24:59+00:00\",\"description\":\"H\u00e4r testar, granskar och recenserar vi casinon p\u00e5 b\u00e5de den svenska och utl\u00e4ndska spelmarknaden. L\u00e4s v\u00e5ra recensioner h\u00e4r!\",\"breadcrumb\":{\"@id\":\"https:\/\/casinooma.com\/sv\/casinorecensioner\/#breadcrumb\"},\"inLanguage\":\"sv-SE\",\"potentialAction\":[{\"@type\":\"ReadAction\",\"target\":[\"https:\/\/casinooma.com\/sv\/casinorecensioner\/\"]}]},{\"@type\":\"BreadcrumbList\",\"@id\":\"https:\/\/casinooma.com\/sv\/casinorecensioner\/#breadcrumb\",\"itemListElement\":[{\"@type\":\"ListItem\",\"position\":1,\"name\":\"Casino utan svensk licens\",\"item\":\"https:\/\/casinooma.com\/sv\/\"},{\"@type\":\"ListItem\",\"position\":2,\"name\":\"Casinorecensioner\"}]},{\"@type\":\"WebSite\",\"@id\":\"https:\/\/casinooma.com\/sv\/#website\",\"url\":\"https:\/\/casinooma.com\/sv\/\",\"name\":\"Casinoomi.com\",\"description\":\"\",\"publisher\":{\"@id\":\"https:\/\/casinooma.com\/sv\/#organization\"},\"potentialAction\":[{\"@type\":\"SearchAction\",\"target\":{\"@type\":\"EntryPoint\",\"urlTemplate\":\"https:\/\/casinooma.com\/sv\/?s={search_term_string}\"},\"query-input\":{\"@type\":\"PropertyValueSpecification\",\"valueRequired\":true,\"valueName\":\"search_term_string\"}}],\"inLanguage\":\"sv-SE\"},{\"@type\":\"Organization\",\"@id\":\"https:\/\/casinooma.com\/sv\/#organization\",\"name\":\"Casino Oma\",\"url\":\"https:\/\/casinooma.com\/sv\/\",\"logo\":{\"@type\":\"ImageObject\",\"inLanguage\":\"sv-SE\",\"@id\":\"https:\/\/casinooma.com\/sv\/#\/schema\/logo\/image\/\",\"url\":\"https:\/\/casinooma.com\/wp-content\/uploads\/2021\/05\/cropped-Casinooma-favicon.png\",\"contentUrl\":\"https:\/\/casinooma.com\/wp-content\/uploads\/2021\/05\/cropped-Casinooma-favicon.png\",\"width\":512,\"height\":512,\"caption\":\"Casino Oma\"},\"image\":{\"@id\":\"https:\/\/casinooma.com\/sv\/#\/schema\/logo\/image\/\"}}]}<\/script>\n<!-- \/ Yoast SEO plugin. -->","yoast_head_json":{"title":"Casinorecensioner | \u00c4rliga recensioner om alla casinon","description":"H\u00e4r testar, granskar och recenserar vi casinon p\u00e5 b\u00e5de den svenska och utl\u00e4ndska spelmarknaden. L\u00e4s v\u00e5ra recensioner h\u00e4r!","robots":{"index":"index","follow":"follow","max-snippet":"max-snippet:-1","max-image-preview":"max-image-preview:large","max-video-preview":"max-video-preview:-1"},"canonical":"https:\/\/casinooma.com\/sv\/casinorecensioner\/","og_locale":"sv_SE","og_type":"article","og_title":"Casinorecensioner | \u00c4rliga recensioner om alla casinon","og_description":"H\u00e4r testar, granskar och recenserar vi casinon p\u00e5 b\u00e5de den svenska och utl\u00e4ndska spelmarknaden. L\u00e4s v\u00e5ra recensioner h\u00e4r!","og_url":"https:\/\/casinooma.com\/sv\/casinorecensioner\/","og_site_name":"Casinoomi.com","article_modified_time":"2022-03-17T15:24:59+00:00","twitter_card":"summary_large_image","twitter_misc":{"Ber\u00e4knad l\u00e4stid":"4 minuter"},"schema":{"@context":"https:\/\/schema.org","@graph":[{"@type":"WebPage","@id":"https:\/\/casinooma.com\/sv\/casinorecensioner\/","url":"https:\/\/casinooma.com\/sv\/casinorecensioner\/","name":"Casinorecensioner | \u00c4rliga recensioner om alla casinon","isPartOf":{"@id":"https:\/\/casinooma.com\/sv\/#website"},"datePublished":"2022-03-17T13:10:47+00:00","dateModified":"2022-03-17T15:24:59+00:00","description":"H\u00e4r testar, granskar och recenserar vi casinon p\u00e5 b\u00e5de den svenska och utl\u00e4ndska spelmarknaden. L\u00e4s v\u00e5ra recensioner h\u00e4r!","breadcrumb":{"@id":"https:\/\/casinooma.com\/sv\/casinorecensioner\/#breadcrumb"},"inLanguage":"sv-SE","potentialAction":[{"@type":"ReadAction","target":["https:\/\/casinooma.com\/sv\/casinorecensioner\/"]}]},{"@type":"BreadcrumbList","@id":"https:\/\/casinooma.com\/sv\/casinorecensioner\/#breadcrumb","itemListElement":[{"@type":"ListItem","position":1,"name":"Casino utan svensk licens","item":"https:\/\/casinooma.com\/sv\/"},{"@type":"ListItem","position":2,"name":"Casinorecensioner"}]},{"@type":"WebSite","@id":"https:\/\/casinooma.com\/sv\/#website","url":"https:\/\/casinooma.com\/sv\/","name":"Casinoomi.com","description":"","publisher":{"@id":"https:\/\/casinooma.com\/sv\/#organization"},"potentialAction":[{"@type":"SearchAction","target":{"@type":"EntryPoint","urlTemplate":"https:\/\/casinooma.com\/sv\/?s={search_term_string}"},"query-input":{"@type":"PropertyValueSpecification","valueRequired":true,"valueName":"search_term_string"}}],"inLanguage":"sv-SE"},{"@type":"Organization","@id":"https:\/\/casinooma.com\/sv\/#organization","name":"Casino Oma","url":"https:\/\/casinooma.com\/sv\/","logo":{"@type":"ImageObject","inLanguage":"sv-SE","@id":"https:\/\/casinooma.com\/sv\/#\/schema\/logo\/image\/","url":"https:\/\/casinooma.com\/wp-content\/uploads\/2021\/05\/cropped-Casinooma-favicon.png","contentUrl":"https:\/\/casinooma.com\/wp-content\/uploads\/2021\/05\/cropped-Casinooma-favicon.png","width":512,"height":512,"caption":"Casino Oma"},"image":{"@id":"https:\/\/casinooma.com\/sv\/#\/schema\/logo\/image\/"}}]}},"_links":{"self":[{"href":"https:\/\/casinooma.com\/sv\/wp-json\/wp\/v2\/pages\/3521","targetHints":{"allow":["GET"]}}],"collection":[{"href":"https:\/\/casinooma.com\/sv\/wp-json\/wp\/v2\/pages"}],"about":[{"href":"https:\/\/casinooma.com\/sv\/wp-json\/wp\/v2\/types\/page"}],"author":[{"embeddable":true,"href":"https:\/\/casinooma.com\/sv\/wp-json\/wp\/v2\/users\/12"}],"replies":[{"embeddable":true,"href":"https:\/\/casinooma.com\/sv\/wp-json\/wp\/v2\/comments?post=3521"}],"version-history":[{"count":7,"href":"https:\/\/casinooma.com\/sv\/wp-json\/wp\/v2\/pages\/3521\/revisions"}],"predecessor-version":[{"id":3557,"href":"https:\/\/casinooma.com\/sv\/wp-json\/wp\/v2\/pages\/3521\/revisions\/3557"}],"wp:attachment":[{"href":"https:\/\/casinooma.com\/sv\/wp-json\/wp\/v2\/media?parent=3521"}],"curies":[{"name":"wp","href":"https:\/\/api.w.org\/{rel}","templated":true}]}}