{"id":3525,"date":"2022-03-17T14:11:08","date_gmt":"2022-03-17T13:11:08","guid":{"rendered":"http:\/\/casinooma.com\/?page_id=3525"},"modified":"2022-03-17T16:12:35","modified_gmt":"2022-03-17T15:12:35","slug":"om-oss","status":"publish","type":"page","link":"https:\/\/casinooma.com\/sv\/om-oss\/","title":{"rendered":"Om oss"},"content":{"rendered":"\n<h1 class=\"wp-block-heading\">Om oss<\/h1>\n\n\n\n<p>V\u00e5rt m\u00e5l med Casinooma.com \u00e4r att vara en kvalitativ och helt\u00e4ckande j\u00e4mf\u00f6relsesajt, med information om alla casinon som finns p\u00e5 n\u00e4tet. Vi vill hj\u00e4lpa intresserade nyb\u00f6rjare att l\u00e4ra sig mer om hur casinospel fungerar, vilka problem som kan uppst\u00e5 och hur det faktiskt g\u00e5r till n\u00e4r man spelar casino.&nbsp;<\/p>\n\n\n\n<p>Vi ger \u00e4ven \u00e4rliga recensioner av casinon och delar med oss med b\u00e5de f\u00f6r- och nackdelar med dessa sajter. Personligen tycker vi att vi har lyckats v\u00e4ldigt bra!&nbsp;<\/p>\n\n\n\n<h2 class=\"wp-block-heading\">Vilka \u00e4r vi?&nbsp;<\/h2>\n\n\n\n<p>Bakom Casinooma finner du ett team best\u00e5ende av tjejer och killar i sina b\u00e4sta \u00e5r, som precis som du gillar att spela p\u00e5 n\u00e4tcasinon. Tillsammans har vi \u00f6ver 50 \u00e5rs erfarenhet av casinobranschen och med denna erfarenhet hoppas vi att kunna hj\u00e4lpa spelare \u00f6ver hela v\u00e4rlden.&nbsp;<\/p>\n\n\n\n<p>Vi skapade Casinooma 2021 f\u00f6r vi tyckte att det beh\u00f6vdes en p\u00e5litlig, tydlig och informativ sida som f\u00f6rsedde casinospelare med relevant information. I v\u00e5rt team m\u00e5 vi ha v\u00e5ra olika specialiteter men det vi har gemensamt \u00e4r passionen f\u00f6r online casino. Vi h\u00e5ller oss alltid uppdaterade om de senaste casino nyheterna och aktuella trender, vilket vi sedan delar med oss till v\u00e5ra bes\u00f6kare.&nbsp;<\/p>\n\n\n\n<h2 class=\"wp-block-heading\">Vad g\u00f6r vi?&nbsp;<\/h2>\n\n\n\n<p>Kort och gott kan man s\u00e4ga att Casinooma finns till f\u00f6r att hj\u00e4lpa just dig. Du kan se oss som en kompis som v\u00e4ljer dig att hitta ett casino som passar dina personliga preferenser. Tack vare v\u00e5ra \u00e4rliga och omfattande <a href=\"https:\/\/casinooma.com\/sv\/casinorecensioner\/\">casinorecensioner <\/a>kan vi hj\u00e4lpa dig att ta ett steg i r\u00e4tt riktning.&nbsp;<\/p>\n\n\n\n<p>I v\u00e5ra recensioner granskar vi allt fr\u00e5n kundtj\u00e4nst, bonusar och spellicenser till spelutbud och betalningsmetoder. Vi g\u00f6r helt enkelt grovjobbet, f\u00f6r att du ska slippa t\u00e4nka p\u00e5 det och ist\u00e4llet kunna l\u00e4gga din tid p\u00e5 det roliga: sj\u00e4lva spelandet!&nbsp;<\/p>\n\n\n\n<h2 class=\"wp-block-heading\">Vem \u00e4r du? \u2013 V\u00e5r m\u00e5lgrupp<\/h2>\n\n\n\n<p>Vi p\u00e5 Casinooma.com vill hj\u00e4lpa dig att hitta r\u00e4tt casino, som passar just dina preferenser. Oavsett vad. Oavsett om du gillar att spela med bonusar eller inte. Oavsett om du f\u00f6redrar casino, live casino eller sport. Oavsett om du \u00e4r ute efter ett casino med svensk spellicens eller av ett casino utan licens. Vi j\u00e4mf\u00f6r helt enkelt alla olika typer av casinon f\u00f6r att du kunna hitta precis det du s\u00f6ker.&nbsp;<\/p>\n\n\n\n<h2 class=\"wp-block-heading\">Framtida m\u00e5l<\/h2>\n\n\n\n<p>V\u00e5ra framtida m\u00e5l \u00e4r densamma som v\u00e5ra nuvarande m\u00e5l &#8211; n\u00e4mligen att tillfredsst\u00e4lla v\u00e5ra bes\u00f6kare med all den information och kunskap som beh\u00f6vs f\u00f6r att hitta r\u00e4tt casino. Vi vill hj\u00e4lpa v\u00e5ra bes\u00f6kare att kunna v\u00e4lja bland alla olika casinon och j\u00e4mf\u00f6ra dem mot varandra, f\u00f6r att hitta den spelsajt som passar allra b\u00e4st.&nbsp;<\/p>\n\n\n\n<p>Vi vill \u00e4ven informera v\u00e5ra bes\u00f6kare om ansvarsfullt spelande och om vikten av spela under kontrollerade former. Det \u00e4r viktigt att bara spela f\u00f6r pengar som man faktiskt har r\u00e5d att f\u00f6rlora och att aldrig f\u00f6rs\u00f6ka vinna tillbaka f\u00f6rluster.&nbsp;<\/p>\n","protected":false},"excerpt":{"rendered":"<p>Om oss V\u00e5rt m\u00e5l med Casinooma.com \u00e4r att vara en kvalitativ och helt\u00e4ckande j\u00e4mf\u00f6relsesajt, med information om alla casinon som&#8230;<\/p>\n","protected":false},"author":12,"featured_media":0,"parent":0,"menu_order":0,"comment_status":"closed","ping_status":"closed","template":"","meta":{"_acf_changed":false,"footnotes":""},"class_list":["post-3525","page","type-page","status-publish","hentry"],"acf":[],"yoast_head":"<!-- This site is optimized with the Yoast SEO plugin v27.0 - https:\/\/yoast.com\/product\/yoast-seo-wordpress\/ -->\n<title>Om oss | L\u00e4s mer om teamet bakom Casinooma h\u00e4r!<\/title>\n<meta name=\"description\" content=\"Vilka \u00e4r vi? Vad g\u00f6r vi? Vad \u00e4r v\u00e5r m\u00e5lgrupp? Vad \u00e4r v\u00e5ra framtida m\u00e5l? H\u00e4r kan du l\u00e4sa mer om Casinooma och teamet bakom sajten!\" \/>\n<meta name=\"robots\" content=\"index, follow, max-snippet:-1, max-image-preview:large, max-video-preview:-1\" \/>\n<link rel=\"canonical\" href=\"https:\/\/casinooma.com\/sv\/om-oss\/\" \/>\n<meta property=\"og:locale\" content=\"sv_SE\" \/>\n<meta property=\"og:type\" content=\"article\" \/>\n<meta property=\"og:title\" content=\"Om oss | L\u00e4s mer om teamet bakom Casinooma h\u00e4r!\" \/>\n<meta property=\"og:description\" content=\"Vilka \u00e4r vi? Vad g\u00f6r vi? Vad \u00e4r v\u00e5r m\u00e5lgrupp? Vad \u00e4r v\u00e5ra framtida m\u00e5l? H\u00e4r kan du l\u00e4sa mer om Casinooma och teamet bakom sajten!\" \/>\n<meta property=\"og:url\" content=\"https:\/\/casinooma.com\/sv\/om-oss\/\" \/>\n<meta property=\"og:site_name\" content=\"Casinoomi.com\" \/>\n<meta property=\"article:modified_time\" content=\"2022-03-17T15:12:35+00:00\" \/>\n<meta name=\"twitter:card\" content=\"summary_large_image\" \/>\n<meta name=\"twitter:label1\" content=\"Ber\u00e4knad l\u00e4stid\" \/>\n\t<meta name=\"twitter:data1\" content=\"2 minuter\" \/>\n<script type=\"application\/ld+json\" class=\"yoast-schema-graph\">{\"@context\":\"https:\/\/schema.org\",\"@graph\":[{\"@type\":\"WebPage\",\"@id\":\"https:\/\/casinooma.com\/sv\/om-oss\/\",\"url\":\"https:\/\/casinooma.com\/sv\/om-oss\/\",\"name\":\"Om oss | L\u00e4s mer om teamet bakom Casinooma h\u00e4r!\",\"isPartOf\":{\"@id\":\"https:\/\/casinooma.com\/sv\/#website\"},\"datePublished\":\"2022-03-17T13:11:08+00:00\",\"dateModified\":\"2022-03-17T15:12:35+00:00\",\"description\":\"Vilka \u00e4r vi? Vad g\u00f6r vi? Vad \u00e4r v\u00e5r m\u00e5lgrupp? Vad \u00e4r v\u00e5ra framtida m\u00e5l? H\u00e4r kan du l\u00e4sa mer om Casinooma och teamet bakom sajten!\",\"breadcrumb\":{\"@id\":\"https:\/\/casinooma.com\/sv\/om-oss\/#breadcrumb\"},\"inLanguage\":\"sv-SE\",\"potentialAction\":[{\"@type\":\"ReadAction\",\"target\":[\"https:\/\/casinooma.com\/sv\/om-oss\/\"]}]},{\"@type\":\"BreadcrumbList\",\"@id\":\"https:\/\/casinooma.com\/sv\/om-oss\/#breadcrumb\",\"itemListElement\":[{\"@type\":\"ListItem\",\"position\":1,\"name\":\"Casino utan svensk licens\",\"item\":\"https:\/\/casinooma.com\/sv\/\"},{\"@type\":\"ListItem\",\"position\":2,\"name\":\"Om oss\"}]},{\"@type\":\"WebSite\",\"@id\":\"https:\/\/casinooma.com\/sv\/#website\",\"url\":\"https:\/\/casinooma.com\/sv\/\",\"name\":\"Casinoomi.com\",\"description\":\"\",\"publisher\":{\"@id\":\"https:\/\/casinooma.com\/sv\/#organization\"},\"potentialAction\":[{\"@type\":\"SearchAction\",\"target\":{\"@type\":\"EntryPoint\",\"urlTemplate\":\"https:\/\/casinooma.com\/sv\/?s={search_term_string}\"},\"query-input\":{\"@type\":\"PropertyValueSpecification\",\"valueRequired\":true,\"valueName\":\"search_term_string\"}}],\"inLanguage\":\"sv-SE\"},{\"@type\":\"Organization\",\"@id\":\"https:\/\/casinooma.com\/sv\/#organization\",\"name\":\"Casino Oma\",\"url\":\"https:\/\/casinooma.com\/sv\/\",\"logo\":{\"@type\":\"ImageObject\",\"inLanguage\":\"sv-SE\",\"@id\":\"https:\/\/casinooma.com\/sv\/#\/schema\/logo\/image\/\",\"url\":\"https:\/\/casinooma.com\/wp-content\/uploads\/2021\/05\/cropped-Casinooma-favicon.png\",\"contentUrl\":\"https:\/\/casinooma.com\/wp-content\/uploads\/2021\/05\/cropped-Casinooma-favicon.png\",\"width\":512,\"height\":512,\"caption\":\"Casino Oma\"},\"image\":{\"@id\":\"https:\/\/casinooma.com\/sv\/#\/schema\/logo\/image\/\"}}]}<\/script>\n<!-- \/ Yoast SEO plugin. -->","yoast_head_json":{"title":"Om oss | L\u00e4s mer om teamet bakom Casinooma h\u00e4r!","description":"Vilka \u00e4r vi? Vad g\u00f6r vi? Vad \u00e4r v\u00e5r m\u00e5lgrupp? Vad \u00e4r v\u00e5ra framtida m\u00e5l? H\u00e4r kan du l\u00e4sa mer om Casinooma och teamet bakom sajten!","robots":{"index":"index","follow":"follow","max-snippet":"max-snippet:-1","max-image-preview":"max-image-preview:large","max-video-preview":"max-video-preview:-1"},"canonical":"https:\/\/casinooma.com\/sv\/om-oss\/","og_locale":"sv_SE","og_type":"article","og_title":"Om oss | L\u00e4s mer om teamet bakom Casinooma h\u00e4r!","og_description":"Vilka \u00e4r vi? Vad g\u00f6r vi? Vad \u00e4r v\u00e5r m\u00e5lgrupp? Vad \u00e4r v\u00e5ra framtida m\u00e5l? H\u00e4r kan du l\u00e4sa mer om Casinooma och teamet bakom sajten!","og_url":"https:\/\/casinooma.com\/sv\/om-oss\/","og_site_name":"Casinoomi.com","article_modified_time":"2022-03-17T15:12:35+00:00","twitter_card":"summary_large_image","twitter_misc":{"Ber\u00e4knad l\u00e4stid":"2 minuter"},"schema":{"@context":"https:\/\/schema.org","@graph":[{"@type":"WebPage","@id":"https:\/\/casinooma.com\/sv\/om-oss\/","url":"https:\/\/casinooma.com\/sv\/om-oss\/","name":"Om oss | L\u00e4s mer om teamet bakom Casinooma h\u00e4r!","isPartOf":{"@id":"https:\/\/casinooma.com\/sv\/#website"},"datePublished":"2022-03-17T13:11:08+00:00","dateModified":"2022-03-17T15:12:35+00:00","description":"Vilka \u00e4r vi? Vad g\u00f6r vi? Vad \u00e4r v\u00e5r m\u00e5lgrupp? Vad \u00e4r v\u00e5ra framtida m\u00e5l? H\u00e4r kan du l\u00e4sa mer om Casinooma och teamet bakom sajten!","breadcrumb":{"@id":"https:\/\/casinooma.com\/sv\/om-oss\/#breadcrumb"},"inLanguage":"sv-SE","potentialAction":[{"@type":"ReadAction","target":["https:\/\/casinooma.com\/sv\/om-oss\/"]}]},{"@type":"BreadcrumbList","@id":"https:\/\/casinooma.com\/sv\/om-oss\/#breadcrumb","itemListElement":[{"@type":"ListItem","position":1,"name":"Casino utan svensk licens","item":"https:\/\/casinooma.com\/sv\/"},{"@type":"ListItem","position":2,"name":"Om oss"}]},{"@type":"WebSite","@id":"https:\/\/casinooma.com\/sv\/#website","url":"https:\/\/casinooma.com\/sv\/","name":"Casinoomi.com","description":"","publisher":{"@id":"https:\/\/casinooma.com\/sv\/#organization"},"potentialAction":[{"@type":"SearchAction","target":{"@type":"EntryPoint","urlTemplate":"https:\/\/casinooma.com\/sv\/?s={search_term_string}"},"query-input":{"@type":"PropertyValueSpecification","valueRequired":true,"valueName":"search_term_string"}}],"inLanguage":"sv-SE"},{"@type":"Organization","@id":"https:\/\/casinooma.com\/sv\/#organization","name":"Casino Oma","url":"https:\/\/casinooma.com\/sv\/","logo":{"@type":"ImageObject","inLanguage":"sv-SE","@id":"https:\/\/casinooma.com\/sv\/#\/schema\/logo\/image\/","url":"https:\/\/casinooma.com\/wp-content\/uploads\/2021\/05\/cropped-Casinooma-favicon.png","contentUrl":"https:\/\/casinooma.com\/wp-content\/uploads\/2021\/05\/cropped-Casinooma-favicon.png","width":512,"height":512,"caption":"Casino Oma"},"image":{"@id":"https:\/\/casinooma.com\/sv\/#\/schema\/logo\/image\/"}}]}},"_links":{"self":[{"href":"https:\/\/casinooma.com\/sv\/wp-json\/wp\/v2\/pages\/3525","targetHints":{"allow":["GET"]}}],"collection":[{"href":"https:\/\/casinooma.com\/sv\/wp-json\/wp\/v2\/pages"}],"about":[{"href":"https:\/\/casinooma.com\/sv\/wp-json\/wp\/v2\/types\/page"}],"author":[{"embeddable":true,"href":"https:\/\/casinooma.com\/sv\/wp-json\/wp\/v2\/users\/12"}],"replies":[{"embeddable":true,"href":"https:\/\/casinooma.com\/sv\/wp-json\/wp\/v2\/comments?post=3525"}],"version-history":[{"count":4,"href":"https:\/\/casinooma.com\/sv\/wp-json\/wp\/v2\/pages\/3525\/revisions"}],"predecessor-version":[{"id":3547,"href":"https:\/\/casinooma.com\/sv\/wp-json\/wp\/v2\/pages\/3525\/revisions\/3547"}],"wp:attachment":[{"href":"https:\/\/casinooma.com\/sv\/wp-json\/wp\/v2\/media?parent=3525"}],"curies":[{"name":"wp","href":"https:\/\/api.w.org\/{rel}","templated":true}]}}