{"id":4103,"date":"2022-08-19T10:16:42","date_gmt":"2022-08-19T08:16:42","guid":{"rendered":"http:\/\/casinooma.com\/?page_id=4103"},"modified":"2022-08-19T10:16:43","modified_gmt":"2022-08-19T08:16:43","slug":"storst-chans-att-vinna-pengar","status":"publish","type":"page","link":"https:\/\/casinooma.com\/sv\/storst-chans-att-vinna-pengar\/","title":{"rendered":"St\u00f6rst chans att vinna pengar"},"content":{"rendered":"\n<h1 class=\"wp-block-heading\">St\u00f6rst chans att vinna pengar<\/h1>\n\n\n\n<p>I stort alla har n\u00e5gon g\u00e5ng i livet funderat \u00f6ver sina chanser att vinna mycket pengar. Det g\u00e4ller spel p\u00e5 odds, casino och lotto f\u00f6r att n\u00e4mna n\u00e5gra plattformar d\u00e4r du kan kamma hem en ordentlig pott. Ibland har du turen p\u00e5 din sida, eller rentav skickligheten, att vinna och bli snuskigt rik.<\/p>\n\n\n\n<p>Men vad ska du spela p\u00e5 f\u00f6r att ha\u00a0st\u00f6rst chans att vinna pengar? Innan vi g\u00e5r in p\u00e5 de b\u00e4sta alternativen m\u00e5ste du f\u00f6rst lista ut vilken typ av pengasumma du vill vinna. I den h\u00e4r artikeln kommer vi p\u00e5 <a href=\"https:\/\/casinooma.com\/sv\/\">Casinooma<\/a> d\u00e4rf\u00f6r att g\u00e5 igenom vinstchanserna f\u00f6r de st\u00f6rsta jackpottarna, vilka lottodragningar som har de fr\u00e4msta oddsen och helt enkelt vilken dragning som passar dig allra b\u00e4st.<\/p>\n\n\n\n<figure class=\"wp-block-image size-full\"><img loading=\"lazy\" decoding=\"async\" width=\"800\" height=\"350\" src=\"http:\/\/casinooma.com\/wp-content\/uploads\/2022\/08\/storst-chans-att-vinna-pengar.png\" alt=\"St\u00f6rst chans att vinna pengar\" class=\"wp-image-4106\" srcset=\"https:\/\/casinooma.com\/wp-content\/uploads\/2022\/08\/storst-chans-att-vinna-pengar.png 800w, https:\/\/casinooma.com\/wp-content\/uploads\/2022\/08\/storst-chans-att-vinna-pengar-300x131.png 300w, https:\/\/casinooma.com\/wp-content\/uploads\/2022\/08\/storst-chans-att-vinna-pengar-768x336.png 768w\" sizes=\"auto, (max-width: 800px) 100vw, 800px\" \/><\/figure>\n\n\n\n<h2 class=\"wp-block-heading\">Spelen med st\u00f6rst sannolikhet till vinst och st\u00f6rst chans att vinna pengar<\/h2>\n\n\n\n<p>Att vinna p\u00e5 lotto \u00e4r ingen enkel uppgift. Du har s\u00e4kert redan vunnit n\u00e5gra kronor h\u00e4r, och n\u00e5gon hundralapp d\u00e4r. Men nu talar vi om den riktigt stora vinsten, allts\u00e5 den som kan f\u00f6r\u00e4ndra ditt liv f\u00f6r all framtid. Flera som spelar har en st\u00e5ende rad och spelar alltid p\u00e5 samma siffror. Du t\u00e4nker s\u00e4kert att sannolikheten \u00f6kar att du ska vinna n\u00e4sta dragning \u2013 eftersom du har spelat samma rad i flera \u00e5r utan att vinna stort.<\/p>\n\n\n\n<p>Men s\u00e5 \u00e4r inte fallet och faktum \u00e4r att varje ny spelomg\u00e5ng kalibrerar sannolikheten att du ska f\u00e5 en lyckotr\u00e4ff. I st\u00e4llet \u00e4r chansen lika stor n\u00e4sta spelomg\u00e5ng som den var innan. Det finns allts\u00e5 ingen formel som g\u00f6r att spelomg\u00e5ngarna h\u00e4nger samma.<\/p>\n\n\n\n<p>Vi m\u00e4nniskor ser m\u00f6nster \u00f6verallt och det g\u00e4ller \u00e4ven spel. Har du spelat lotto i alla \u00e5r utan att ha vunnit stort tror du att den stora dagen bara \u00e4r runt h\u00f6rnet. Det kanske k\u00e4nns hoppl\u00f6st att h\u00f6ra, men s\u00e5 \u00e4r inte fallet. Det betyder d\u00e4remot inte att din situation \u00e4r nattsvart utan du har fortfarande alla m\u00f6jligheter i v\u00e4rlden att ta hem den stora vinstsumman. D\u00e4rf\u00f6r kommer vi nu tillsammans att titta n\u00e4rmare p\u00e5 vilka spel som rent statistiskt har b\u00e4st vinstchanser och d\u00e4r du har&nbsp;st\u00f6rst chans att vinna pengar.<\/p>\n\n\n\n<h3 class=\"wp-block-heading\">Casinospel <\/h3>\n\n\n\n<p>Bland de mest klassiska casinospelen hittar vi poker, hasardspel som roulette och blackjack. Men av alla casinospel \u00e4r det sistn\u00e4mnda kortspelet vi r\u00e4knar att du har&nbsp;st\u00f6rst chans att vinna pengar. Sannolikheten \u00e4r r\u00e4tt stor med tanke p\u00e5 att du har bra odds som spelare mot huset. H\u00e4r har du n\u00e4stan upp till 50 procent chans varje spelomg\u00e5ng att vinna. Det g\u00e5r \u00e4ven snabbt att l\u00e4ra sig de enkla reglerna och f\u00f6r varje runda blir du ocks\u00e5 b\u00e4ttre vilket g\u00f6r att dina chanser att vinna stort \u00f6kar.<\/p>\n\n\n\n<h3 class=\"wp-block-heading\">Videoslots<\/h3>\n\n\n\n<p>Det finns knappt ett n\u00e4tcasino som inte har slots i sitt spelutbud. Sanningen \u00e4r att de oftast erbjuder hundratals, p\u00e5 vissa sajter tusentals, olika slots och \u00e4r ett av n\u00e4tcasinons mest popul\u00e4ra spel. H\u00e4r \u00e4r det d\u00e4remot slumpen som \u00e4r helt avg\u00f6rande. Det vill s\u00e4ga att du som spelare inte kan bem\u00e4stra n\u00e5gra s\u00e4rskilda strategier f\u00f6r att vinna stort.<\/p>\n\n\n\n<p>Men n\u00e4r vi talar om slots m\u00e5ste vi f\u00f6rklara och f\u00f6rst\u00e5 begreppet RTP, Return To Player. Det \u00e4r en term som f\u00f6rklarar hur stor andel i procent av insatserna som g\u00e5r tillbaka till dig som spelare. H\u00e4r kommer en f\u00f6rklaring p\u00e5 hur det fungerar: Om du satsar 1 000 kronor p\u00e5 en slot med en RTP p\u00e5 92% kommer du i det l\u00e5nga loppet f\u00e5 tillbaka 920 kronor. Allt kan d\u00e4remot h\u00e4nda p\u00e5 kort sikt men det b\u00e4sta tipset \u00e4r att hitta slots som har en h\u00f6g RTP.<\/p>\n\n\n\n<p>Statistiken visar att&nbsp;st\u00f6rst chans att vinna pengar&nbsp;\u00e4r att spela p\u00e5 slots som har en RTP p\u00e5 97% eller h\u00f6gre. Dessa \u00e4r enkla att hitta och det enda du beh\u00f6ver g\u00f6ra \u00e4r att internets\u00f6ka p\u00e5 namnet p\u00e5 en videoslot + rtp s\u00e5 visas den aktuella RTP:n f\u00f6r den sloten.<\/p>\n\n\n\n<h3 class=\"wp-block-heading\">Lotto<\/h3>\n\n\n\n<p>Varje stor lottodragning inneh\u00e5ller flera miljoner olika rader och sannolikheten att du ska vinna \u00e4r d\u00e4rmed r\u00e4tt l\u00e5g. Du har d\u00e4remot en betydligt st\u00f6rre chans att vinna pengar p\u00e5 lotter. F\u00f6r att ta den klassiska trisslotten som exempel \u00e4r sannolikheten att du vinner en p\u00e5 fem. Givetvis kan du inte vinna en lika stor summa men h\u00e4r har du&nbsp;st\u00f6rst chans att vinna pengar&nbsp;j\u00e4mf\u00f6rt med en lottodragning.<\/p>\n\n\n\n<h3 class=\"wp-block-heading\">Betting p\u00e5 sport &#8211; st\u00f6rst chans att vinna pengar <\/h3>\n\n\n\n<p>Har du ett bra \u00f6ga f\u00f6r sport har du chans att vinna riktigt mycket pengar. S\u00e5 klart g\u00e5r det inte att f\u00f6rutse exakt vad som kommer att h\u00e4nda i en match. Men h\u00e4r kan du verkligen plugga f\u00f6r att ge dig sj\u00e4lv b\u00e4sta f\u00f6ruts\u00e4ttningar att ta hem en stor summa pengar. All information du beh\u00f6ver om de b\u00e5da lagen finns p\u00e5 internet. Det g\u00e4ller bara att sortera och analysera informationen p\u00e5 r\u00e4tt s\u00e4tt. Sedan ska du ocks\u00e5 leta efter den spelsajt som erbjuder det b\u00e4sta oddset f\u00f6r ditt spel.<\/p>\n\n\n\n<p>Du ska d\u00e4remot se upp f\u00f6r hemsidor som erbjuder, enligt de sj\u00e4lva, bepr\u00f6vade strategier f\u00f6r att vinna stort. P\u00e5 kort sikt kan det funka \u2013 men p\u00e5 l\u00e5ng sikt \u00e4r det din egen kunskap som leder till de riktigt stora vinsterna.<\/p>\n","protected":false},"excerpt":{"rendered":"<p>St\u00f6rst chans att vinna pengar I stort alla har n\u00e5gon g\u00e5ng i livet funderat \u00f6ver sina chanser att vinna mycket&#8230;<\/p>\n","protected":false},"author":11,"featured_media":0,"parent":0,"menu_order":0,"comment_status":"closed","ping_status":"closed","template":"","meta":{"_acf_changed":false,"footnotes":""},"class_list":["post-4103","page","type-page","status-publish","hentry"],"acf":[],"yoast_head":"<!-- This site is optimized with the Yoast SEO plugin v27.0 - https:\/\/yoast.com\/product\/yoast-seo-wordpress\/ -->\n<title>St\u00f6rst chans att vinna pengar - S\u00e5 g\u00f6r du!<\/title>\n<meta name=\"description\" content=\"Vill du veta vilka spel som ger dig st\u00f6rst chans att vinna pengar? D\u00e5 har du kommit r\u00e4tt! L\u00e4s hela artikeln hos Casinooma.com.\" \/>\n<meta name=\"robots\" content=\"index, follow, max-snippet:-1, max-image-preview:large, max-video-preview:-1\" \/>\n<link rel=\"canonical\" href=\"https:\/\/casinooma.com\/sv\/storst-chans-att-vinna-pengar\/\" \/>\n<meta property=\"og:locale\" content=\"sv_SE\" \/>\n<meta property=\"og:type\" content=\"article\" \/>\n<meta property=\"og:title\" content=\"St\u00f6rst chans att vinna pengar - S\u00e5 g\u00f6r du!\" \/>\n<meta property=\"og:description\" content=\"Vill du veta vilka spel som ger dig st\u00f6rst chans att vinna pengar? D\u00e5 har du kommit r\u00e4tt! L\u00e4s hela artikeln hos Casinooma.com.\" \/>\n<meta property=\"og:url\" content=\"https:\/\/casinooma.com\/sv\/storst-chans-att-vinna-pengar\/\" \/>\n<meta property=\"og:site_name\" content=\"Casinoomi.com\" \/>\n<meta property=\"article:modified_time\" content=\"2022-08-19T08:16:43+00:00\" \/>\n<meta property=\"og:image\" content=\"http:\/\/casinooma.com\/wp-content\/uploads\/2022\/08\/storst-chans-att-vinna-pengar.png\" \/>\n<meta name=\"twitter:card\" content=\"summary_large_image\" \/>\n<meta name=\"twitter:label1\" content=\"Ber\u00e4knad l\u00e4stid\" \/>\n\t<meta name=\"twitter:data1\" content=\"4 minuter\" \/>\n<script type=\"application\/ld+json\" class=\"yoast-schema-graph\">{\"@context\":\"https:\/\/schema.org\",\"@graph\":[{\"@type\":\"WebPage\",\"@id\":\"https:\/\/casinooma.com\/sv\/storst-chans-att-vinna-pengar\/\",\"url\":\"https:\/\/casinooma.com\/sv\/storst-chans-att-vinna-pengar\/\",\"name\":\"St\u00f6rst chans att vinna pengar - S\u00e5 g\u00f6r du!\",\"isPartOf\":{\"@id\":\"https:\/\/casinooma.com\/sv\/#website\"},\"primaryImageOfPage\":{\"@id\":\"https:\/\/casinooma.com\/sv\/storst-chans-att-vinna-pengar\/#primaryimage\"},\"image\":{\"@id\":\"https:\/\/casinooma.com\/sv\/storst-chans-att-vinna-pengar\/#primaryimage\"},\"thumbnailUrl\":\"http:\/\/casinooma.com\/wp-content\/uploads\/2022\/08\/storst-chans-att-vinna-pengar.png\",\"datePublished\":\"2022-08-19T08:16:42+00:00\",\"dateModified\":\"2022-08-19T08:16:43+00:00\",\"description\":\"Vill du veta vilka spel som ger dig st\u00f6rst chans att vinna pengar? D\u00e5 har du kommit r\u00e4tt! L\u00e4s hela artikeln hos Casinooma.com.\",\"breadcrumb\":{\"@id\":\"https:\/\/casinooma.com\/sv\/storst-chans-att-vinna-pengar\/#breadcrumb\"},\"inLanguage\":\"sv-SE\",\"potentialAction\":[{\"@type\":\"ReadAction\",\"target\":[\"https:\/\/casinooma.com\/sv\/storst-chans-att-vinna-pengar\/\"]}]},{\"@type\":\"ImageObject\",\"inLanguage\":\"sv-SE\",\"@id\":\"https:\/\/casinooma.com\/sv\/storst-chans-att-vinna-pengar\/#primaryimage\",\"url\":\"http:\/\/casinooma.com\/wp-content\/uploads\/2022\/08\/storst-chans-att-vinna-pengar.png\",\"contentUrl\":\"http:\/\/casinooma.com\/wp-content\/uploads\/2022\/08\/storst-chans-att-vinna-pengar.png\"},{\"@type\":\"BreadcrumbList\",\"@id\":\"https:\/\/casinooma.com\/sv\/storst-chans-att-vinna-pengar\/#breadcrumb\",\"itemListElement\":[{\"@type\":\"ListItem\",\"position\":1,\"name\":\"Casino utan svensk licens\",\"item\":\"https:\/\/casinooma.com\/sv\/\"},{\"@type\":\"ListItem\",\"position\":2,\"name\":\"St\u00f6rst chans att vinna pengar\"}]},{\"@type\":\"WebSite\",\"@id\":\"https:\/\/casinooma.com\/sv\/#website\",\"url\":\"https:\/\/casinooma.com\/sv\/\",\"name\":\"Casinoomi.com\",\"description\":\"\",\"publisher\":{\"@id\":\"https:\/\/casinooma.com\/sv\/#organization\"},\"potentialAction\":[{\"@type\":\"SearchAction\",\"target\":{\"@type\":\"EntryPoint\",\"urlTemplate\":\"https:\/\/casinooma.com\/sv\/?s={search_term_string}\"},\"query-input\":{\"@type\":\"PropertyValueSpecification\",\"valueRequired\":true,\"valueName\":\"search_term_string\"}}],\"inLanguage\":\"sv-SE\"},{\"@type\":\"Organization\",\"@id\":\"https:\/\/casinooma.com\/sv\/#organization\",\"name\":\"Casino Oma\",\"url\":\"https:\/\/casinooma.com\/sv\/\",\"logo\":{\"@type\":\"ImageObject\",\"inLanguage\":\"sv-SE\",\"@id\":\"https:\/\/casinooma.com\/sv\/#\/schema\/logo\/image\/\",\"url\":\"https:\/\/casinooma.com\/wp-content\/uploads\/2021\/05\/cropped-Casinooma-favicon.png\",\"contentUrl\":\"https:\/\/casinooma.com\/wp-content\/uploads\/2021\/05\/cropped-Casinooma-favicon.png\",\"width\":512,\"height\":512,\"caption\":\"Casino Oma\"},\"image\":{\"@id\":\"https:\/\/casinooma.com\/sv\/#\/schema\/logo\/image\/\"}}]}<\/script>\n<!-- \/ Yoast SEO plugin. -->","yoast_head_json":{"title":"St\u00f6rst chans att vinna pengar - S\u00e5 g\u00f6r du!","description":"Vill du veta vilka spel som ger dig st\u00f6rst chans att vinna pengar? D\u00e5 har du kommit r\u00e4tt! L\u00e4s hela artikeln hos Casinooma.com.","robots":{"index":"index","follow":"follow","max-snippet":"max-snippet:-1","max-image-preview":"max-image-preview:large","max-video-preview":"max-video-preview:-1"},"canonical":"https:\/\/casinooma.com\/sv\/storst-chans-att-vinna-pengar\/","og_locale":"sv_SE","og_type":"article","og_title":"St\u00f6rst chans att vinna pengar - S\u00e5 g\u00f6r du!","og_description":"Vill du veta vilka spel som ger dig st\u00f6rst chans att vinna pengar? D\u00e5 har du kommit r\u00e4tt! L\u00e4s hela artikeln hos Casinooma.com.","og_url":"https:\/\/casinooma.com\/sv\/storst-chans-att-vinna-pengar\/","og_site_name":"Casinoomi.com","article_modified_time":"2022-08-19T08:16:43+00:00","og_image":[{"url":"http:\/\/casinooma.com\/wp-content\/uploads\/2022\/08\/storst-chans-att-vinna-pengar.png","type":"","width":"","height":""}],"twitter_card":"summary_large_image","twitter_misc":{"Ber\u00e4knad l\u00e4stid":"4 minuter"},"schema":{"@context":"https:\/\/schema.org","@graph":[{"@type":"WebPage","@id":"https:\/\/casinooma.com\/sv\/storst-chans-att-vinna-pengar\/","url":"https:\/\/casinooma.com\/sv\/storst-chans-att-vinna-pengar\/","name":"St\u00f6rst chans att vinna pengar - S\u00e5 g\u00f6r du!","isPartOf":{"@id":"https:\/\/casinooma.com\/sv\/#website"},"primaryImageOfPage":{"@id":"https:\/\/casinooma.com\/sv\/storst-chans-att-vinna-pengar\/#primaryimage"},"image":{"@id":"https:\/\/casinooma.com\/sv\/storst-chans-att-vinna-pengar\/#primaryimage"},"thumbnailUrl":"http:\/\/casinooma.com\/wp-content\/uploads\/2022\/08\/storst-chans-att-vinna-pengar.png","datePublished":"2022-08-19T08:16:42+00:00","dateModified":"2022-08-19T08:16:43+00:00","description":"Vill du veta vilka spel som ger dig st\u00f6rst chans att vinna pengar? D\u00e5 har du kommit r\u00e4tt! L\u00e4s hela artikeln hos Casinooma.com.","breadcrumb":{"@id":"https:\/\/casinooma.com\/sv\/storst-chans-att-vinna-pengar\/#breadcrumb"},"inLanguage":"sv-SE","potentialAction":[{"@type":"ReadAction","target":["https:\/\/casinooma.com\/sv\/storst-chans-att-vinna-pengar\/"]}]},{"@type":"ImageObject","inLanguage":"sv-SE","@id":"https:\/\/casinooma.com\/sv\/storst-chans-att-vinna-pengar\/#primaryimage","url":"http:\/\/casinooma.com\/wp-content\/uploads\/2022\/08\/storst-chans-att-vinna-pengar.png","contentUrl":"http:\/\/casinooma.com\/wp-content\/uploads\/2022\/08\/storst-chans-att-vinna-pengar.png"},{"@type":"BreadcrumbList","@id":"https:\/\/casinooma.com\/sv\/storst-chans-att-vinna-pengar\/#breadcrumb","itemListElement":[{"@type":"ListItem","position":1,"name":"Casino utan svensk licens","item":"https:\/\/casinooma.com\/sv\/"},{"@type":"ListItem","position":2,"name":"St\u00f6rst chans att vinna pengar"}]},{"@type":"WebSite","@id":"https:\/\/casinooma.com\/sv\/#website","url":"https:\/\/casinooma.com\/sv\/","name":"Casinoomi.com","description":"","publisher":{"@id":"https:\/\/casinooma.com\/sv\/#organization"},"potentialAction":[{"@type":"SearchAction","target":{"@type":"EntryPoint","urlTemplate":"https:\/\/casinooma.com\/sv\/?s={search_term_string}"},"query-input":{"@type":"PropertyValueSpecification","valueRequired":true,"valueName":"search_term_string"}}],"inLanguage":"sv-SE"},{"@type":"Organization","@id":"https:\/\/casinooma.com\/sv\/#organization","name":"Casino Oma","url":"https:\/\/casinooma.com\/sv\/","logo":{"@type":"ImageObject","inLanguage":"sv-SE","@id":"https:\/\/casinooma.com\/sv\/#\/schema\/logo\/image\/","url":"https:\/\/casinooma.com\/wp-content\/uploads\/2021\/05\/cropped-Casinooma-favicon.png","contentUrl":"https:\/\/casinooma.com\/wp-content\/uploads\/2021\/05\/cropped-Casinooma-favicon.png","width":512,"height":512,"caption":"Casino Oma"},"image":{"@id":"https:\/\/casinooma.com\/sv\/#\/schema\/logo\/image\/"}}]}},"_links":{"self":[{"href":"https:\/\/casinooma.com\/sv\/wp-json\/wp\/v2\/pages\/4103","targetHints":{"allow":["GET"]}}],"collection":[{"href":"https:\/\/casinooma.com\/sv\/wp-json\/wp\/v2\/pages"}],"about":[{"href":"https:\/\/casinooma.com\/sv\/wp-json\/wp\/v2\/types\/page"}],"author":[{"embeddable":true,"href":"https:\/\/casinooma.com\/sv\/wp-json\/wp\/v2\/users\/11"}],"replies":[{"embeddable":true,"href":"https:\/\/casinooma.com\/sv\/wp-json\/wp\/v2\/comments?post=4103"}],"version-history":[{"count":3,"href":"https:\/\/casinooma.com\/sv\/wp-json\/wp\/v2\/pages\/4103\/revisions"}],"predecessor-version":[{"id":4109,"href":"https:\/\/casinooma.com\/sv\/wp-json\/wp\/v2\/pages\/4103\/revisions\/4109"}],"wp:attachment":[{"href":"https:\/\/casinooma.com\/sv\/wp-json\/wp\/v2\/media?parent=4103"}],"curies":[{"name":"wp","href":"https:\/\/api.w.org\/{rel}","templated":true}]}}