{"id":4115,"date":"2022-08-25T08:13:27","date_gmt":"2022-08-25T06:13:27","guid":{"rendered":"http:\/\/casinooma.com\/?page_id=4115"},"modified":"2022-08-25T08:13:28","modified_gmt":"2022-08-25T06:13:28","slug":"uno-regler","status":"publish","type":"page","link":"https:\/\/casinooma.com\/sv\/uno-regler\/","title":{"rendered":"Uno regler"},"content":{"rendered":"\n<h1 class=\"wp-block-heading\">Uno regler &#8211; s\u00e5 spelar du kortspelet Uno! <\/h1>\n\n\n\n<p>Uno \u00e4r ett kortspel som g\u00e5r ut p\u00e5 att bli av med alla sina kort f\u00f6rst, p\u00e5 det s\u00e4ttet vinner du. Det finns dock ett par saker du beh\u00f6ver t\u00e4nka p\u00e5 och n\u00e5gra&nbsp;uno regler&nbsp;du beh\u00f6ver f\u00f6lja.<\/p>\n\n\n\n<p><strong>Antal spelare:<\/strong>&nbsp;2-10<\/p>\n\n\n\n<p><strong>Rekommenderad \u00e5ldersgr\u00e4ns:<\/strong>&nbsp;Fr\u00e5n 7 \u00e5r<\/p>\n\n\n\n<p><strong>M\u00e5l:<\/strong>&nbsp;M\u00e5let med spelet \u00e4r att bli av med alla sina kort och den spelare som f\u00f6rst klarar detta har vunnit omg\u00e5ngen.<\/p>\n\n\n\n<h2 class=\"wp-block-heading\">Bakgrund<\/h2>\n\n\n\n<p>UNO \u00e4r ett roligt kortspel som Merle Robbins uppfann och spelas med en speciell UNO-kortlek. Kortspelet var v\u00e4ldigt popul\u00e4rt under 80-talet. UNO \u00e4r ett spel som passar f\u00f6r hela familjen. I USA p\u00e5 80-talet, s\u00e5ldes otroligt nog \u00f6ver en miljon exemplar per \u00e5r. H\u00e4r nedan har vi p\u00e5 <a href=\"https:\/\/casinooma.com\/sv\/\">Casinooma<\/a> satt ihop en guide med alla\u00a0regler f\u00f6r Uno.<\/p>\n\n\n\n<figure class=\"wp-block-image size-full\"><img loading=\"lazy\" decoding=\"async\" width=\"800\" height=\"350\" src=\"http:\/\/casinooma.com\/wp-content\/uploads\/2022\/08\/uno-regler.png\" alt=\"Uno Regler\" class=\"wp-image-4118\" srcset=\"https:\/\/casinooma.com\/wp-content\/uploads\/2022\/08\/uno-regler.png 800w, https:\/\/casinooma.com\/wp-content\/uploads\/2022\/08\/uno-regler-300x131.png 300w, https:\/\/casinooma.com\/wp-content\/uploads\/2022\/08\/uno-regler-768x336.png 768w\" sizes=\"auto, (max-width: 800px) 100vw, 800px\" \/><\/figure>\n\n\n\n<h2 class=\"wp-block-heading\">UNO-Kortleken<\/h2>\n\n\n\n<p>Kortleken best\u00e5r av 108 kort med val\u00f6rerna 0-9 samt symboler i fyra f\u00e4rger:<\/p>\n\n\n\n<ul class=\"wp-block-list\"><li>19 kort: 0-9 i r\u00f6tt<\/li><li>19 kort: 0-9 i gr\u00f6nt<\/li><li>19 kort: 0-9 i bl\u00e5tt<\/li><li>19 kort: 0-9 i gult<\/li><li>8 stoppkort<\/li><li>8 v\u00e4ndkort<\/li><li>8 drag 2-kort<\/li><li>4 byt f\u00e4rg-kort<\/li><li>4 byt f\u00e4rg drag 4-kort<\/li><\/ul>\n\n\n\n<h2 class=\"wp-block-heading\">Spelf\u00f6rberedelser<\/h2>\n\n\n\n<p>En spelare blandar och delar ut korten. \u00d6verblivna kort l\u00e4ggs i en h\u00f6g p\u00e5 bordet, ett av korten ska ha symbolsidan upp. Spelet b\u00f6rjar med att den f\u00f6rsta spelaren f\u00f6ljer kortet som ligger p\u00e5 bordet.<\/p>\n\n\n\n<h2 class=\"wp-block-heading\">Kortspelet UNO<\/h2>\n\n\n\n<p>Korten spelas utefter siffra och f\u00e4rg. Du kan spela vilket kort som helst s\u00e5 l\u00e4nge det \u00e4r i samma f\u00e4rg. Du kan ocks\u00e5 byta f\u00e4rg. Du g\u00f6r det genom att l\u00e4gga ett kort med samma siffra fast i en annan f\u00e4rg. N\u00e4sta spelare m\u00e5ste d\u00e5 f\u00f6lja f\u00e4rgen p\u00e5 det senast spelade kortet, eller anv\u00e4nda samma siffra igen i en tredje f\u00e4rg. V\u00e4ljer du att spela ett stoppkort s\u00e5 tvingar du spelaren efter dig att st\u00e5 \u00f6ver sitt kast i det aktuella spelvarvet.<\/p>\n\n\n\n<ul class=\"wp-block-list\"><li><strong>V\u00e4ndkort:&nbsp;<\/strong>Det h\u00e4r kortet v\u00e4nder hela riktningen p\u00e5 spelet. Personen som la kortet innan dig f\u00e5r d\u00e4rf\u00f6r spela igen. Riktningen byter endast h\u00e5ll igen om n\u00e5gon l\u00e4gger ett likadant kort.<\/li><li><strong>Drag 2:&nbsp;<\/strong>Kortet betyder att en spelare f\u00e5r plocka upp tv\u00e5 kort. L\u00e4gger spelaren innan dig det h\u00e4r kortet s\u00e5 \u00e4r det du som f\u00e5r ta upp tv\u00e5 kort.<\/li><li><strong>Stoppkort:<\/strong>&nbsp;L\u00e4gger du det h\u00e4r kortet inneb\u00e4r det att du v\u00e4ljer att hoppa \u00f6ver spelaren efter dig.<\/li><li><strong>Byt f\u00e4rg-kort:<\/strong>&nbsp;Ett av de svarta korten. Det h\u00e4r kortet kan du l\u00e4gga n\u00e4r som helst, det finns inga speciella regler kring det. Den enda regeln \u00e4r att du inte f\u00e5r l\u00e4gga ett svart kort p\u00e5 ett annat svart kort. N\u00e4r du l\u00e4gger det h\u00e4r kortet ska du v\u00e4lja en ny f\u00e4rg.<\/li><li><strong>Byt f\u00e4rg drag 4-kortet:<\/strong>&nbsp;Som sagt kan du inte l\u00e4gga ett svart kort p\u00e5 ett annat svart kort. Den andra regeln f\u00f6r det h\u00e4r kortet \u00e4r att du inte ska kunna l\u00e4gga n\u00e5gonting annat. Du f\u00e5r v\u00e4lja en ny f\u00e4rg. Du kan inte heller g\u00e5 ut p\u00e5 ett svart kort.<\/li><\/ul>\n\n\n\n<p>N\u00e4r det blir din tur och du inte har n\u00e5got kort att spela m\u00e5ste du dra ett kort fr\u00e5n h\u00f6gen p\u00e5 bordet. Kan du inte l\u00e4gga d\u00e5 heller f\u00e5r du st\u00e5 \u00f6ver din tur i omg\u00e5ngen.<\/p>\n\n\n\n<h3 class=\"wp-block-heading\">Straff<\/h3>\n\n\n\n<p>Om en spelare anv\u00e4nder sig av Byt f\u00e4rg drag 4-kortet, men har andra kort p\u00e5 handen som hen kunnat spela, skall spelaren dra fyra kort extra.<\/p>\n\n\n\n<h3 class=\"wp-block-heading\">Avslutning Av Spelet<\/h3>\n\n\n\n<p>N\u00e4r du endast har tv\u00e5 kort kvar p\u00e5 handen och du ska l\u00e4gga ditt n\u00e4st sista kort ska du s\u00e4ga &#8221;UNO&#8221; medan du l\u00e4gger det. Skulle du r\u00e5ka gl\u00f6mma att s\u00e4ga UNO efter att spelaren efter dig har hunnit l\u00e4gga sitt kort, och de andra motspelarna m\u00e4rker det, m\u00e5ste du dra tv\u00e5 kort fr\u00e5n h\u00f6gen p\u00e5 bordet.<\/p>\n\n\n\n<p>\u00c4r det s\u00e5 att du har tv\u00e5 kort kvar p\u00e5 handen och spelaren f\u00f6re dig l\u00e4gger ett kort som inneb\u00e4r att du ska st\u00e5 \u00f6ver ditt drag eller m\u00e5ste ta upp kort, m\u00e5ste du f\u00f6lja kortets instruktion och v\u00e4nta till ett senare tillf\u00e4lle att s\u00e4ga UNO.<\/p>\n\n\n\n<h2 class=\"wp-block-heading\">Po\u00e4ngber\u00e4kning<\/h2>\n\n\n\n<p>N\u00e4r en av spelarna g\u00e5tt ut ska de andra spelarna r\u00e4kna ihop po\u00e4ngen p\u00e5 de kort som de har kvar p\u00e5 handen. Tanken \u00e4r att man ska ha s\u00e5 lite po\u00e4ng som m\u00f6jligt.<\/p>\n\n\n\n<p>Korten v\u00e4rderas p\u00e5 f\u00f6ljande s\u00e4tt:<\/p>\n\n\n\n<ul class=\"wp-block-list\"><li>Alla kort fr\u00e5n 0 till 9: kortets talv\u00e4rde<\/li><li>Drag 2-kort: 20 po\u00e4ng<\/li><li>Stoppkort: 20 po\u00e4ng<\/li><li>V\u00e4ndkort: 20 po\u00e4ng<\/li><li>Byt f\u00e4rg-kort: 50 po\u00e4ng<\/li><li>Byt f\u00e4rg drag 4-kort: 50 po\u00e4ng<\/li><\/ul>\n\n\n\n<p><strong>Det finns tv\u00e5 s\u00e4tt att f\u00f6rdela po\u00e4ngen:<\/strong><\/p>\n\n\n\n<ol class=\"wp-block-list\"><li>Den spelare som har g\u00e5tt ut f\u00f6rst f\u00e5r r\u00e4kna ihop de andra spelarnas totala po\u00e4ng. Innan spelet b\u00f6rjas s\u00e4tts en gr\u00e4ns f\u00f6r hur m\u00e5nga po\u00e4ng som ska vara maxgr\u00e4nsen. Spelaren som n\u00e5r det best\u00e4mda po\u00e4ngtalet f\u00f6rst, exempelvis 500 po\u00e4ng vinner.<br><\/li><li>Varje spelare r\u00e4knar ihop sina egna po\u00e4ng. Efter varje omg\u00e5ng l\u00e4gger varje spelare p\u00e5 sina po\u00e4ng p\u00e5 de po\u00e4ngen de hade tidigare. Varje spelare \u00e5ker ut n\u00e4r de n\u00e5r den po\u00e4nggr\u00e4ns som satts i b\u00f6rjan av spelets g\u00e5ng. Den spelare som \u00e4nnu inte har n\u00e5tt po\u00e4nggr\u00e4nsen n\u00e4r n\u00e4st siste spelaren g\u00e5r ut vinner spelet.<\/li><\/ol>\n\n\n\n<p><\/p>\n","protected":false},"excerpt":{"rendered":"<p>Uno regler &#8211; s\u00e5 spelar du kortspelet Uno! Uno \u00e4r ett kortspel som g\u00e5r ut p\u00e5 att bli av med&#8230;<\/p>\n","protected":false},"author":12,"featured_media":0,"parent":0,"menu_order":0,"comment_status":"closed","ping_status":"closed","template":"","meta":{"_acf_changed":false,"footnotes":""},"class_list":["post-4115","page","type-page","status-publish","hentry"],"acf":[],"yoast_head":"<!-- This site is optimized with the Yoast SEO plugin v27.0 - https:\/\/yoast.com\/product\/yoast-seo-wordpress\/ -->\n<title>Uno Regler | Alla spelregler f\u00f6r kortspelet Uno<\/title>\n<meta name=\"description\" content=\"M\u00e5let med kortspelet uno \u00e4r att vara f\u00f6rst att bli av med sina kort. Men vad finns det egentligen f\u00f6r uno regler? L\u00e4s hela artikeln h\u00e4r!\" \/>\n<meta name=\"robots\" content=\"index, follow, max-snippet:-1, max-image-preview:large, max-video-preview:-1\" \/>\n<link rel=\"canonical\" href=\"https:\/\/casinooma.com\/sv\/uno-regler\/\" \/>\n<meta property=\"og:locale\" content=\"sv_SE\" \/>\n<meta property=\"og:type\" content=\"article\" \/>\n<meta property=\"og:title\" content=\"Uno Regler | Alla spelregler f\u00f6r kortspelet Uno\" \/>\n<meta property=\"og:description\" content=\"M\u00e5let med kortspelet uno \u00e4r att vara f\u00f6rst att bli av med sina kort. Men vad finns det egentligen f\u00f6r uno regler? L\u00e4s hela artikeln h\u00e4r!\" \/>\n<meta property=\"og:url\" content=\"https:\/\/casinooma.com\/sv\/uno-regler\/\" \/>\n<meta property=\"og:site_name\" content=\"Casinoomi.com\" \/>\n<meta property=\"article:modified_time\" content=\"2022-08-25T06:13:28+00:00\" \/>\n<meta property=\"og:image\" content=\"http:\/\/casinooma.com\/wp-content\/uploads\/2022\/08\/uno-regler.png\" \/>\n<meta name=\"twitter:card\" content=\"summary_large_image\" \/>\n<meta name=\"twitter:label1\" content=\"Ber\u00e4knad l\u00e4stid\" \/>\n\t<meta name=\"twitter:data1\" content=\"4 minuter\" \/>\n<script type=\"application\/ld+json\" class=\"yoast-schema-graph\">{\"@context\":\"https:\/\/schema.org\",\"@graph\":[{\"@type\":\"WebPage\",\"@id\":\"https:\/\/casinooma.com\/sv\/uno-regler\/\",\"url\":\"https:\/\/casinooma.com\/sv\/uno-regler\/\",\"name\":\"Uno Regler | Alla spelregler f\u00f6r kortspelet Uno\",\"isPartOf\":{\"@id\":\"https:\/\/casinooma.com\/sv\/#website\"},\"primaryImageOfPage\":{\"@id\":\"https:\/\/casinooma.com\/sv\/uno-regler\/#primaryimage\"},\"image\":{\"@id\":\"https:\/\/casinooma.com\/sv\/uno-regler\/#primaryimage\"},\"thumbnailUrl\":\"http:\/\/casinooma.com\/wp-content\/uploads\/2022\/08\/uno-regler.png\",\"datePublished\":\"2022-08-25T06:13:27+00:00\",\"dateModified\":\"2022-08-25T06:13:28+00:00\",\"description\":\"M\u00e5let med kortspelet uno \u00e4r att vara f\u00f6rst att bli av med sina kort. Men vad finns det egentligen f\u00f6r uno regler? L\u00e4s hela artikeln h\u00e4r!\",\"breadcrumb\":{\"@id\":\"https:\/\/casinooma.com\/sv\/uno-regler\/#breadcrumb\"},\"inLanguage\":\"sv-SE\",\"potentialAction\":[{\"@type\":\"ReadAction\",\"target\":[\"https:\/\/casinooma.com\/sv\/uno-regler\/\"]}]},{\"@type\":\"ImageObject\",\"inLanguage\":\"sv-SE\",\"@id\":\"https:\/\/casinooma.com\/sv\/uno-regler\/#primaryimage\",\"url\":\"http:\/\/casinooma.com\/wp-content\/uploads\/2022\/08\/uno-regler.png\",\"contentUrl\":\"http:\/\/casinooma.com\/wp-content\/uploads\/2022\/08\/uno-regler.png\"},{\"@type\":\"BreadcrumbList\",\"@id\":\"https:\/\/casinooma.com\/sv\/uno-regler\/#breadcrumb\",\"itemListElement\":[{\"@type\":\"ListItem\",\"position\":1,\"name\":\"Casino utan svensk licens\",\"item\":\"https:\/\/casinooma.com\/sv\/\"},{\"@type\":\"ListItem\",\"position\":2,\"name\":\"Uno regler\"}]},{\"@type\":\"WebSite\",\"@id\":\"https:\/\/casinooma.com\/sv\/#website\",\"url\":\"https:\/\/casinooma.com\/sv\/\",\"name\":\"Casinoomi.com\",\"description\":\"\",\"publisher\":{\"@id\":\"https:\/\/casinooma.com\/sv\/#organization\"},\"potentialAction\":[{\"@type\":\"SearchAction\",\"target\":{\"@type\":\"EntryPoint\",\"urlTemplate\":\"https:\/\/casinooma.com\/sv\/?s={search_term_string}\"},\"query-input\":{\"@type\":\"PropertyValueSpecification\",\"valueRequired\":true,\"valueName\":\"search_term_string\"}}],\"inLanguage\":\"sv-SE\"},{\"@type\":\"Organization\",\"@id\":\"https:\/\/casinooma.com\/sv\/#organization\",\"name\":\"Casino Oma\",\"url\":\"https:\/\/casinooma.com\/sv\/\",\"logo\":{\"@type\":\"ImageObject\",\"inLanguage\":\"sv-SE\",\"@id\":\"https:\/\/casinooma.com\/sv\/#\/schema\/logo\/image\/\",\"url\":\"https:\/\/casinooma.com\/wp-content\/uploads\/2021\/05\/cropped-Casinooma-favicon.png\",\"contentUrl\":\"https:\/\/casinooma.com\/wp-content\/uploads\/2021\/05\/cropped-Casinooma-favicon.png\",\"width\":512,\"height\":512,\"caption\":\"Casino Oma\"},\"image\":{\"@id\":\"https:\/\/casinooma.com\/sv\/#\/schema\/logo\/image\/\"}}]}<\/script>\n<!-- \/ Yoast SEO plugin. -->","yoast_head_json":{"title":"Uno Regler | Alla spelregler f\u00f6r kortspelet Uno","description":"M\u00e5let med kortspelet uno \u00e4r att vara f\u00f6rst att bli av med sina kort. Men vad finns det egentligen f\u00f6r uno regler? L\u00e4s hela artikeln h\u00e4r!","robots":{"index":"index","follow":"follow","max-snippet":"max-snippet:-1","max-image-preview":"max-image-preview:large","max-video-preview":"max-video-preview:-1"},"canonical":"https:\/\/casinooma.com\/sv\/uno-regler\/","og_locale":"sv_SE","og_type":"article","og_title":"Uno Regler | Alla spelregler f\u00f6r kortspelet Uno","og_description":"M\u00e5let med kortspelet uno \u00e4r att vara f\u00f6rst att bli av med sina kort. Men vad finns det egentligen f\u00f6r uno regler? L\u00e4s hela artikeln h\u00e4r!","og_url":"https:\/\/casinooma.com\/sv\/uno-regler\/","og_site_name":"Casinoomi.com","article_modified_time":"2022-08-25T06:13:28+00:00","og_image":[{"url":"http:\/\/casinooma.com\/wp-content\/uploads\/2022\/08\/uno-regler.png","type":"","width":"","height":""}],"twitter_card":"summary_large_image","twitter_misc":{"Ber\u00e4knad l\u00e4stid":"4 minuter"},"schema":{"@context":"https:\/\/schema.org","@graph":[{"@type":"WebPage","@id":"https:\/\/casinooma.com\/sv\/uno-regler\/","url":"https:\/\/casinooma.com\/sv\/uno-regler\/","name":"Uno Regler | Alla spelregler f\u00f6r kortspelet Uno","isPartOf":{"@id":"https:\/\/casinooma.com\/sv\/#website"},"primaryImageOfPage":{"@id":"https:\/\/casinooma.com\/sv\/uno-regler\/#primaryimage"},"image":{"@id":"https:\/\/casinooma.com\/sv\/uno-regler\/#primaryimage"},"thumbnailUrl":"http:\/\/casinooma.com\/wp-content\/uploads\/2022\/08\/uno-regler.png","datePublished":"2022-08-25T06:13:27+00:00","dateModified":"2022-08-25T06:13:28+00:00","description":"M\u00e5let med kortspelet uno \u00e4r att vara f\u00f6rst att bli av med sina kort. Men vad finns det egentligen f\u00f6r uno regler? L\u00e4s hela artikeln h\u00e4r!","breadcrumb":{"@id":"https:\/\/casinooma.com\/sv\/uno-regler\/#breadcrumb"},"inLanguage":"sv-SE","potentialAction":[{"@type":"ReadAction","target":["https:\/\/casinooma.com\/sv\/uno-regler\/"]}]},{"@type":"ImageObject","inLanguage":"sv-SE","@id":"https:\/\/casinooma.com\/sv\/uno-regler\/#primaryimage","url":"http:\/\/casinooma.com\/wp-content\/uploads\/2022\/08\/uno-regler.png","contentUrl":"http:\/\/casinooma.com\/wp-content\/uploads\/2022\/08\/uno-regler.png"},{"@type":"BreadcrumbList","@id":"https:\/\/casinooma.com\/sv\/uno-regler\/#breadcrumb","itemListElement":[{"@type":"ListItem","position":1,"name":"Casino utan svensk licens","item":"https:\/\/casinooma.com\/sv\/"},{"@type":"ListItem","position":2,"name":"Uno regler"}]},{"@type":"WebSite","@id":"https:\/\/casinooma.com\/sv\/#website","url":"https:\/\/casinooma.com\/sv\/","name":"Casinoomi.com","description":"","publisher":{"@id":"https:\/\/casinooma.com\/sv\/#organization"},"potentialAction":[{"@type":"SearchAction","target":{"@type":"EntryPoint","urlTemplate":"https:\/\/casinooma.com\/sv\/?s={search_term_string}"},"query-input":{"@type":"PropertyValueSpecification","valueRequired":true,"valueName":"search_term_string"}}],"inLanguage":"sv-SE"},{"@type":"Organization","@id":"https:\/\/casinooma.com\/sv\/#organization","name":"Casino Oma","url":"https:\/\/casinooma.com\/sv\/","logo":{"@type":"ImageObject","inLanguage":"sv-SE","@id":"https:\/\/casinooma.com\/sv\/#\/schema\/logo\/image\/","url":"https:\/\/casinooma.com\/wp-content\/uploads\/2021\/05\/cropped-Casinooma-favicon.png","contentUrl":"https:\/\/casinooma.com\/wp-content\/uploads\/2021\/05\/cropped-Casinooma-favicon.png","width":512,"height":512,"caption":"Casino Oma"},"image":{"@id":"https:\/\/casinooma.com\/sv\/#\/schema\/logo\/image\/"}}]}},"_links":{"self":[{"href":"https:\/\/casinooma.com\/sv\/wp-json\/wp\/v2\/pages\/4115","targetHints":{"allow":["GET"]}}],"collection":[{"href":"https:\/\/casinooma.com\/sv\/wp-json\/wp\/v2\/pages"}],"about":[{"href":"https:\/\/casinooma.com\/sv\/wp-json\/wp\/v2\/types\/page"}],"author":[{"embeddable":true,"href":"https:\/\/casinooma.com\/sv\/wp-json\/wp\/v2\/users\/12"}],"replies":[{"embeddable":true,"href":"https:\/\/casinooma.com\/sv\/wp-json\/wp\/v2\/comments?post=4115"}],"version-history":[{"count":4,"href":"https:\/\/casinooma.com\/sv\/wp-json\/wp\/v2\/pages\/4115\/revisions"}],"predecessor-version":[{"id":4122,"href":"https:\/\/casinooma.com\/sv\/wp-json\/wp\/v2\/pages\/4115\/revisions\/4122"}],"wp:attachment":[{"href":"https:\/\/casinooma.com\/sv\/wp-json\/wp\/v2\/media?parent=4115"}],"curies":[{"name":"wp","href":"https:\/\/api.w.org\/{rel}","templated":true}]}}