{"id":4128,"date":"2022-10-06T11:20:38","date_gmt":"2022-10-06T09:20:38","guid":{"rendered":"http:\/\/casinooma.com\/?page_id=4128"},"modified":"2026-01-29T14:36:18","modified_gmt":"2026-01-29T13:36:18","slug":"hitta-ett-online-casino-med-snabba-utbetalningar","status":"publish","type":"page","link":"https:\/\/casinooma.com\/sv\/hitta-ett-online-casino-med-snabba-utbetalningar\/","title":{"rendered":"Hitta ett online casino med snabba utbetalningar"},"content":{"rendered":"\n<h1 class=\"wp-block-heading\">Hitta ett online casino med snabba utbetalningar<\/h1>\n\n\n\n<p>Om du gillar att spela casino online \u00e4r det viktigt att du hittar ett casino som erbjuder snabba utbetalningar. Det finns m\u00e5nga olika casinon p\u00e5 n\u00e4tet och det kan vara sv\u00e5rt att veta vilket man ska v\u00e4lja. Men om du letar efter ett casino med snabba utbetalningar \u00e4r det viktigt att kolla och j\u00e4mf\u00f6ra olika casino som erbjuder detta och vilka alternativ dom ger.<\/p>\n\n\n\n<h2 class=\"wp-block-heading\">Varf\u00f6r \u00e4r det viktigt att hitta ett online casino med snabba utbetalningar?<\/h2>\n\n\n\n<p>Det \u00e4r viktigt att hitta ett online casino med snabba utbetalningar f\u00f6r flera olika sk\u00e4l. F\u00f6r det f\u00f6rsta s\u00e5 inneb\u00e4r det att du slipper oroa dig f\u00f6r att dina pengar inte kommer fram till dig i tid. Detta \u00e4r s\u00e4rskilt viktigt om du beh\u00f6ver pengarna snabbt, till exempel om du vinner en stor summa pengar. F\u00f6r det andra s\u00e5 inneb\u00e4r det ocks\u00e5 att du slipper oroa dig f\u00f6r eventuella problem med utbetalningarna. Detta \u00e4r mycket irriterande och kan leda till att man slutar spela helt och h\u00e5llet. Det \u00e4r allts\u00e5 mycket viktigt att man hittar ett online casino med snabba utbetalningar, detta kommer ge dig mer lugn ro och du kommer veta att pengarna kommer in p\u00e5 kontot samma dag.<\/p>\n\n\n\n<p>T\u00e4nk ocks\u00e5 p\u00e5 att utbetalningsmetoder och utbetalningstider ofta skiljer sig mellan svenska och utl\u00e4ndska casinon. P\u00e5 svenska casinon anv\u00e4nder vi ofta Trustly eller Swish f\u00f6r att g\u00f6ra direktuttag. Utomlands sker uttag ofta med andra betalningsmetoder, och dessa kan du l\u00e4sa mer om p\u00e5 Testarna.<\/p>\n\n\n\n<h2 class=\"wp-block-heading\">Vad \u00e4r en snabb utbetalning j\u00e4mf\u00f6rt med vanliga utbetalningar?<\/h2>\n\n\n\n<p>En snabb utbetalning \u00e4r en betalning som g\u00f6rs inom bara n\u00e5gra minuter efter det att man har ans\u00f6kt om det. Detta \u00e4r j\u00e4mf\u00f6rt med vanliga utbetalningar, som kan ta flera dagar. Snabba utbetalningar \u00e4r ofta mycket mer bekv\u00e4ma f\u00f6r mottagaren, eftersom de inte beh\u00f6ver v\u00e4nta p\u00e5 pengarna. Dessutom kan det vara mycket enklare f\u00f6r avs\u00e4ndaren att g\u00f6ra en snabb utbetalning, eftersom det inte kr\u00e4vs n\u00e5gon s\u00e4rskild bankinformation. Du kan hitta en\u00a0lista \u00f6ver casinon med snabba utbetalningar\u00a0och v\u00e4lja det som passar dig b\u00e4st.\u00a0<\/p>\n\n\n\n<figure class=\"wp-block-image size-full\"><img loading=\"lazy\" decoding=\"async\" width=\"1707\" height=\"2560\" src=\"http:\/\/casinooma.com\/wp-content\/uploads\/2022\/10\/hitta-ett-casino-med-snabba-utbetalningar-scaled.jpeg\" alt=\"Hitta ett casino med snabba utbetalningar\" class=\"wp-image-4130\" srcset=\"https:\/\/casinooma.com\/wp-content\/uploads\/2022\/10\/hitta-ett-casino-med-snabba-utbetalningar-scaled.jpeg 1707w, https:\/\/casinooma.com\/wp-content\/uploads\/2022\/10\/hitta-ett-casino-med-snabba-utbetalningar-200x300.jpeg 200w, https:\/\/casinooma.com\/wp-content\/uploads\/2022\/10\/hitta-ett-casino-med-snabba-utbetalningar-683x1024.jpeg 683w, https:\/\/casinooma.com\/wp-content\/uploads\/2022\/10\/hitta-ett-casino-med-snabba-utbetalningar-768x1152.jpeg 768w, https:\/\/casinooma.com\/wp-content\/uploads\/2022\/10\/hitta-ett-casino-med-snabba-utbetalningar-1024x1536.jpeg 1024w, https:\/\/casinooma.com\/wp-content\/uploads\/2022\/10\/hitta-ett-casino-med-snabba-utbetalningar-1365x2048.jpeg 1365w\" sizes=\"auto, (max-width: 1707px) 100vw, 1707px\" \/><\/figure>\n\n\n\n<h2 class=\"wp-block-heading\">Vilka olika s\u00e4tt finns det att g\u00f6ra en snabb utbetalning fr\u00e5n ett online casino?<\/h2>\n\n\n\n<p>Det finns flera olika s\u00e4tt att g\u00f6ra en snabb utbetalning fr\u00e5n ett online casino. De flesta casinon erbjuder en m\u00e4ngd olika alternativ f\u00f6r ins\u00e4ttningar och uttag, inklusive kreditkort, bank\u00f6verf\u00f6ringar och e-pl\u00e5nb\u00f6cker. De flesta av dessa alternativ \u00e4r snabba och enkla att anv\u00e4nda, och du kan ha pengarna p\u00e5 ditt konto inom n\u00e5gra minuter. Kreditkort \u00e4r ofta det snabbaste alternativet, men det finns ocks\u00e5 andra alternativ som bank\u00f6verf\u00f6ringar och e-pl\u00e5nb\u00f6cker som \u00e4r lika snabba. Det viktigaste \u00e4r att v\u00e4lja ett alternativ som passar dina behov och budget.<\/p>\n\n\n\n<h2 class=\"wp-block-heading\">Hitta ett bra online casino om passar dig<\/h2>\n\n\n\n<p>Det finns m\u00e5nga olika online casino att v\u00e4lja mellan, och det \u00e4r d\u00e4rf\u00f6r viktigt att j\u00e4mf\u00f6ra innan man v\u00e4ljer vart man ska spela. Det f\u00f6rsta du b\u00f6r t\u00e4nka p\u00e5 \u00e4r vad du vill ha ut av ditt online casino. Vill du spela f\u00f6r skojs skull eller f\u00f6rs\u00f6ka vinna lite pengar? Om du bara vill spela f\u00f6r skojs skull finns det m\u00e5nga gratis online casino, men om du vill ha chansen att vinna riktiga pengar m\u00e5ste du registrera dig hos ett betaltj\u00e4nst. N\u00e4r du har best\u00e4mt dig f\u00f6r hur mycket pengar du \u00e4r beredd att satsa, kan du b\u00f6rja j\u00e4mf\u00f6ra olika online casino. Titta p\u00e5 deras bonusar och erbjudanden, och se till att de har spel som intresserar dig. Du b\u00f6r ocks\u00e5 kontrollera deras kundtj\u00e4nst, s\u00e5 att du vet att de alltid st\u00e5r redo att hj\u00e4lpa dig om det skulle beh\u00f6vas.<\/p>\n","protected":false},"excerpt":{"rendered":"<p>Hitta ett online casino med snabba utbetalningar Om du gillar att spela casino online \u00e4r det viktigt att du hittar&#8230;<\/p>\n","protected":false},"author":12,"featured_media":0,"parent":0,"menu_order":0,"comment_status":"closed","ping_status":"closed","template":"","meta":{"_acf_changed":false,"footnotes":""},"class_list":["post-4128","page","type-page","status-publish","hentry"],"acf":[],"yoast_head":"<!-- This site is optimized with the Yoast SEO plugin v27.0 - https:\/\/yoast.com\/product\/yoast-seo-wordpress\/ -->\n<title>Hitta ett online casino med snabba utbetalningar<\/title>\n<meta name=\"robots\" content=\"index, follow, max-snippet:-1, max-image-preview:large, max-video-preview:-1\" \/>\n<link rel=\"canonical\" href=\"https:\/\/casinooma.com\/sv\/hitta-ett-online-casino-med-snabba-utbetalningar\/\" \/>\n<meta property=\"og:locale\" content=\"sv_SE\" \/>\n<meta property=\"og:type\" content=\"article\" \/>\n<meta property=\"og:title\" content=\"Hitta ett online casino med snabba utbetalningar\" \/>\n<meta property=\"og:description\" content=\"Hitta ett online casino med snabba utbetalningar Om du gillar att spela casino online \u00e4r det viktigt att du hittar...\" \/>\n<meta property=\"og:url\" content=\"https:\/\/casinooma.com\/sv\/hitta-ett-online-casino-med-snabba-utbetalningar\/\" \/>\n<meta property=\"og:site_name\" content=\"Casinoomi.com\" \/>\n<meta property=\"article:modified_time\" content=\"2026-01-29T13:36:18+00:00\" \/>\n<meta property=\"og:image\" content=\"https:\/\/casinooma.com\/wp-content\/uploads\/2022\/10\/hitta-ett-casino-med-snabba-utbetalningar-scaled.jpeg\" \/>\n\t<meta property=\"og:image:width\" content=\"1707\" \/>\n\t<meta property=\"og:image:height\" content=\"2560\" \/>\n\t<meta property=\"og:image:type\" content=\"image\/jpeg\" \/>\n<meta name=\"twitter:card\" content=\"summary_large_image\" \/>\n<meta name=\"twitter:label1\" content=\"Ber\u00e4knad l\u00e4stid\" \/>\n\t<meta name=\"twitter:data1\" content=\"3 minuter\" \/>\n<script type=\"application\/ld+json\" class=\"yoast-schema-graph\">{\"@context\":\"https:\/\/schema.org\",\"@graph\":[{\"@type\":\"WebPage\",\"@id\":\"https:\/\/casinooma.com\/sv\/hitta-ett-online-casino-med-snabba-utbetalningar\/\",\"url\":\"https:\/\/casinooma.com\/sv\/hitta-ett-online-casino-med-snabba-utbetalningar\/\",\"name\":\"Hitta ett online casino med snabba utbetalningar\",\"isPartOf\":{\"@id\":\"https:\/\/casinooma.com\/sv\/#website\"},\"primaryImageOfPage\":{\"@id\":\"https:\/\/casinooma.com\/sv\/hitta-ett-online-casino-med-snabba-utbetalningar\/#primaryimage\"},\"image\":{\"@id\":\"https:\/\/casinooma.com\/sv\/hitta-ett-online-casino-med-snabba-utbetalningar\/#primaryimage\"},\"thumbnailUrl\":\"http:\/\/casinooma.com\/wp-content\/uploads\/2022\/10\/hitta-ett-casino-med-snabba-utbetalningar-scaled.jpeg\",\"datePublished\":\"2022-10-06T09:20:38+00:00\",\"dateModified\":\"2026-01-29T13:36:18+00:00\",\"breadcrumb\":{\"@id\":\"https:\/\/casinooma.com\/sv\/hitta-ett-online-casino-med-snabba-utbetalningar\/#breadcrumb\"},\"inLanguage\":\"sv-SE\",\"potentialAction\":[{\"@type\":\"ReadAction\",\"target\":[\"https:\/\/casinooma.com\/sv\/hitta-ett-online-casino-med-snabba-utbetalningar\/\"]}]},{\"@type\":\"ImageObject\",\"inLanguage\":\"sv-SE\",\"@id\":\"https:\/\/casinooma.com\/sv\/hitta-ett-online-casino-med-snabba-utbetalningar\/#primaryimage\",\"url\":\"http:\/\/casinooma.com\/wp-content\/uploads\/2022\/10\/hitta-ett-casino-med-snabba-utbetalningar-scaled.jpeg\",\"contentUrl\":\"http:\/\/casinooma.com\/wp-content\/uploads\/2022\/10\/hitta-ett-casino-med-snabba-utbetalningar-scaled.jpeg\"},{\"@type\":\"BreadcrumbList\",\"@id\":\"https:\/\/casinooma.com\/sv\/hitta-ett-online-casino-med-snabba-utbetalningar\/#breadcrumb\",\"itemListElement\":[{\"@type\":\"ListItem\",\"position\":1,\"name\":\"Casino utan svensk licens\",\"item\":\"https:\/\/casinooma.com\/sv\/\"},{\"@type\":\"ListItem\",\"position\":2,\"name\":\"Hitta ett online casino med snabba utbetalningar\"}]},{\"@type\":\"WebSite\",\"@id\":\"https:\/\/casinooma.com\/sv\/#website\",\"url\":\"https:\/\/casinooma.com\/sv\/\",\"name\":\"Casinoomi.com\",\"description\":\"\",\"publisher\":{\"@id\":\"https:\/\/casinooma.com\/sv\/#organization\"},\"potentialAction\":[{\"@type\":\"SearchAction\",\"target\":{\"@type\":\"EntryPoint\",\"urlTemplate\":\"https:\/\/casinooma.com\/sv\/?s={search_term_string}\"},\"query-input\":{\"@type\":\"PropertyValueSpecification\",\"valueRequired\":true,\"valueName\":\"search_term_string\"}}],\"inLanguage\":\"sv-SE\"},{\"@type\":\"Organization\",\"@id\":\"https:\/\/casinooma.com\/sv\/#organization\",\"name\":\"Casino Oma\",\"url\":\"https:\/\/casinooma.com\/sv\/\",\"logo\":{\"@type\":\"ImageObject\",\"inLanguage\":\"sv-SE\",\"@id\":\"https:\/\/casinooma.com\/sv\/#\/schema\/logo\/image\/\",\"url\":\"https:\/\/casinooma.com\/wp-content\/uploads\/2021\/05\/cropped-Casinooma-favicon.png\",\"contentUrl\":\"https:\/\/casinooma.com\/wp-content\/uploads\/2021\/05\/cropped-Casinooma-favicon.png\",\"width\":512,\"height\":512,\"caption\":\"Casino Oma\"},\"image\":{\"@id\":\"https:\/\/casinooma.com\/sv\/#\/schema\/logo\/image\/\"}}]}<\/script>\n<!-- \/ Yoast SEO plugin. -->","yoast_head_json":{"title":"Hitta ett online casino med snabba utbetalningar","robots":{"index":"index","follow":"follow","max-snippet":"max-snippet:-1","max-image-preview":"max-image-preview:large","max-video-preview":"max-video-preview:-1"},"canonical":"https:\/\/casinooma.com\/sv\/hitta-ett-online-casino-med-snabba-utbetalningar\/","og_locale":"sv_SE","og_type":"article","og_title":"Hitta ett online casino med snabba utbetalningar","og_description":"Hitta ett online casino med snabba utbetalningar Om du gillar att spela casino online \u00e4r det viktigt att du hittar...","og_url":"https:\/\/casinooma.com\/sv\/hitta-ett-online-casino-med-snabba-utbetalningar\/","og_site_name":"Casinoomi.com","article_modified_time":"2026-01-29T13:36:18+00:00","og_image":[{"width":1707,"height":2560,"url":"https:\/\/casinooma.com\/wp-content\/uploads\/2022\/10\/hitta-ett-casino-med-snabba-utbetalningar-scaled.jpeg","type":"image\/jpeg"}],"twitter_card":"summary_large_image","twitter_misc":{"Ber\u00e4knad l\u00e4stid":"3 minuter"},"schema":{"@context":"https:\/\/schema.org","@graph":[{"@type":"WebPage","@id":"https:\/\/casinooma.com\/sv\/hitta-ett-online-casino-med-snabba-utbetalningar\/","url":"https:\/\/casinooma.com\/sv\/hitta-ett-online-casino-med-snabba-utbetalningar\/","name":"Hitta ett online casino med snabba utbetalningar","isPartOf":{"@id":"https:\/\/casinooma.com\/sv\/#website"},"primaryImageOfPage":{"@id":"https:\/\/casinooma.com\/sv\/hitta-ett-online-casino-med-snabba-utbetalningar\/#primaryimage"},"image":{"@id":"https:\/\/casinooma.com\/sv\/hitta-ett-online-casino-med-snabba-utbetalningar\/#primaryimage"},"thumbnailUrl":"http:\/\/casinooma.com\/wp-content\/uploads\/2022\/10\/hitta-ett-casino-med-snabba-utbetalningar-scaled.jpeg","datePublished":"2022-10-06T09:20:38+00:00","dateModified":"2026-01-29T13:36:18+00:00","breadcrumb":{"@id":"https:\/\/casinooma.com\/sv\/hitta-ett-online-casino-med-snabba-utbetalningar\/#breadcrumb"},"inLanguage":"sv-SE","potentialAction":[{"@type":"ReadAction","target":["https:\/\/casinooma.com\/sv\/hitta-ett-online-casino-med-snabba-utbetalningar\/"]}]},{"@type":"ImageObject","inLanguage":"sv-SE","@id":"https:\/\/casinooma.com\/sv\/hitta-ett-online-casino-med-snabba-utbetalningar\/#primaryimage","url":"http:\/\/casinooma.com\/wp-content\/uploads\/2022\/10\/hitta-ett-casino-med-snabba-utbetalningar-scaled.jpeg","contentUrl":"http:\/\/casinooma.com\/wp-content\/uploads\/2022\/10\/hitta-ett-casino-med-snabba-utbetalningar-scaled.jpeg"},{"@type":"BreadcrumbList","@id":"https:\/\/casinooma.com\/sv\/hitta-ett-online-casino-med-snabba-utbetalningar\/#breadcrumb","itemListElement":[{"@type":"ListItem","position":1,"name":"Casino utan svensk licens","item":"https:\/\/casinooma.com\/sv\/"},{"@type":"ListItem","position":2,"name":"Hitta ett online casino med snabba utbetalningar"}]},{"@type":"WebSite","@id":"https:\/\/casinooma.com\/sv\/#website","url":"https:\/\/casinooma.com\/sv\/","name":"Casinoomi.com","description":"","publisher":{"@id":"https:\/\/casinooma.com\/sv\/#organization"},"potentialAction":[{"@type":"SearchAction","target":{"@type":"EntryPoint","urlTemplate":"https:\/\/casinooma.com\/sv\/?s={search_term_string}"},"query-input":{"@type":"PropertyValueSpecification","valueRequired":true,"valueName":"search_term_string"}}],"inLanguage":"sv-SE"},{"@type":"Organization","@id":"https:\/\/casinooma.com\/sv\/#organization","name":"Casino Oma","url":"https:\/\/casinooma.com\/sv\/","logo":{"@type":"ImageObject","inLanguage":"sv-SE","@id":"https:\/\/casinooma.com\/sv\/#\/schema\/logo\/image\/","url":"https:\/\/casinooma.com\/wp-content\/uploads\/2021\/05\/cropped-Casinooma-favicon.png","contentUrl":"https:\/\/casinooma.com\/wp-content\/uploads\/2021\/05\/cropped-Casinooma-favicon.png","width":512,"height":512,"caption":"Casino Oma"},"image":{"@id":"https:\/\/casinooma.com\/sv\/#\/schema\/logo\/image\/"}}]}},"_links":{"self":[{"href":"https:\/\/casinooma.com\/sv\/wp-json\/wp\/v2\/pages\/4128","targetHints":{"allow":["GET"]}}],"collection":[{"href":"https:\/\/casinooma.com\/sv\/wp-json\/wp\/v2\/pages"}],"about":[{"href":"https:\/\/casinooma.com\/sv\/wp-json\/wp\/v2\/types\/page"}],"author":[{"embeddable":true,"href":"https:\/\/casinooma.com\/sv\/wp-json\/wp\/v2\/users\/12"}],"replies":[{"embeddable":true,"href":"https:\/\/casinooma.com\/sv\/wp-json\/wp\/v2\/comments?post=4128"}],"version-history":[{"count":8,"href":"https:\/\/casinooma.com\/sv\/wp-json\/wp\/v2\/pages\/4128\/revisions"}],"predecessor-version":[{"id":5981,"href":"https:\/\/casinooma.com\/sv\/wp-json\/wp\/v2\/pages\/4128\/revisions\/5981"}],"wp:attachment":[{"href":"https:\/\/casinooma.com\/sv\/wp-json\/wp\/v2\/media?parent=4128"}],"curies":[{"name":"wp","href":"https:\/\/api.w.org\/{rel}","templated":true}]}}